{"id":11894,"date":"2021-07-14T22:14:37","date_gmt":"2021-07-14T22:14:37","guid":{"rendered":"https:\/\/21.pmc.pp.ua\/?page_id=11894"},"modified":"2023-03-09T00:59:36","modified_gmt":"2023-03-08T22:59:36","slug":"%d0%b4%d0%be%d1%81%d1%83%d0%b3","status":"publish","type":"page","link":"https:\/\/sadyba.turul.com.ua\/hu\/%d0%b4%d0%be%d1%81%d1%83%d0%b3\/","title":{"rendered":"FESZTIV\u00c1LOK"},"content":{"rendered":"<div data-elementor-type=\"wp-page\" data-elementor-id=\"11894\" class=\"elementor elementor-11894\" data-elementor-settings=\"[]\">\n\t\t\t\t\t\t<div class=\"elementor-inner\">\n\t\t\t\t\t\t\t<div class=\"elementor-section-wrap\">\n\t\t\t\t\t\t\t<section class=\"elementor-section elementor-top-section elementor-element elementor-element-68993a65 elementor-section-boxed elementor-section-height-default elementor-section-height-default\" data-id=\"68993a65\" data-element_type=\"section\">\n\t\t\t\t\t\t<div class=\"elementor-container elementor-column-gap-default\">\n\t\t\t\t\t\t\t<div class=\"elementor-row\">\n\t\t\t\t\t<div class=\"elementor-column elementor-col-100 elementor-top-column elementor-element elementor-element-31e85f1b\" data-id=\"31e85f1b\" data-element_type=\"column\">\n\t\t\t<div class=\"elementor-column-wrap elementor-element-populated\">\n\t\t\t\t\t\t\t<div class=\"elementor-widget-wrap\">\n\t\t\t\t\t\t<div class=\"elementor-element elementor-element-3a49f77 elementor-widget elementor-widget-text-editor\" data-id=\"3a49f77\" data-element_type=\"widget\" data-widget_type=\"text-editor.default\">\n\t\t\t\t<div class=\"elementor-widget-container\">\n\t\t\t\t\t\t\t\t<div class=\"elementor-text-editor elementor-clearfix\">\n\t\t\t\t<article><span style=\"color: #003300;\"><strong>Meglep\u0151 m\u00f3don tal\u00e1n K\u00e1rp\u00e1talja az egyetlen r\u00e9gi\u00f3, amely k\u00e9zm\u0171ves fesztiv\u00e1ljaival mindig leny\u0171g\u00f6z<\/strong> <\/span><\/article>\n<article><span style=\"color: #003300;\">Olyan sok van bel\u0151l\u00fck, \u00e9s mind olyan sokr\u00e9t\u0171ek, hogy n\u00e9ha nem csak magadnak fedezhetsz fel valami \u00fajat, hanem megtal\u00e1lhatod a hivat\u00e1sodat is. Hiszen az \u00e9v sor\u00e1n t\u00f6bb mint 160 fesztiv\u00e1lt rendeznek ezekben a r\u00e9gi\u00f3kban. Egy nap alatt ak\u00e1r h\u00e1rmat is meg lehet tartani k\u00fcl\u00f6nb\u00f6z\u0151 helyeken. Sz\u00e1mos eredeti fesztiv\u00e1l - \"K\u00e1poszta tekercsek fesztiv\u00e1lja\" Chetfolvo faluban, \"Szilvalik\u0151r\" Gecha faluban, Hutsul sajtfesztiv\u00e1l Rakhiv v\u00e1ros\u00e1ban, \"Bogy\u00f3fesztiv\u00e1l\" Dyula faluban, kukoricafesztiv\u00e1l falu Tysobiken, \"M\u00e9zfesztiv\u00e1l\" Munk\u00e1cs v\u00e1ros\u00e1ban stb. Kiemelt figyelmet k\u00edv\u00e1nunk ford\u00edtani a burcsik \u00fcnnep\u00e9re, amelyet a borerjed\u00e9s hetedik napj\u00e1n \u00fcnnepelnek, amikor m\u00e9g teljesen felh\u0151s, habos, er\u0151ss\u00e9ge 4-5%. Ez egy nagyon hasznos ital, mert bebizonyosodott, hogy jav\u00edtja a v\u00e9r anyagcser\u00e9j\u00e9t, \u00e9s sokkal dr\u00e1g\u00e1bb, mint maga a bor. Csehorsz\u00e1gi \u00e9s szlov\u00e1kiai szomsz\u00e9daink nagyon szeretik a bur\u010dikot, mert ennek az italnak csak egy h\u00e9t, esetleg kett\u0151 a fenn\u00e1ll\u00e1si ideje, \u00e9s akkor m\u00e1r nem kaphat\u00f3, ellent\u00e9tben a borral, ami eg\u00e9sz \u00e9vben fogyaszthat\u00f3. \u00c9s rendk\u00edv\u00fcl h\u00edres, p\u00e9ld\u00e1ul a \"Bride Parade\", amelyben ak\u00e1r 90 menyasszony vesz r\u00e9szt. Val\u00f3ban leny\u0171g\u00f6z\u0151 l\u00e1tv\u00e1ny!<\/span><\/article>\n<article><span style=\"color: #003300;\">Nagyon \u00e9rdekes az els\u0151, \u00e9v eleji \"V\u00f6r\u00f6sbor\" fesztiv\u00e1l, amely janu\u00e1rban, a r\u00e9gi \u00faj\u00e9vkor ker\u00fcl megrendez\u00e9sre Munk\u00e1cson, \u00e9s rengeteg turist\u00e1t gy\u0171jt \u00f6ssze, mind ukr\u00e1n, mind k\u00fclf\u00f6ldi.<\/span><\/article>\n<article><span style=\"color: #003300;\">A beregsz\u00e1szi feh\u00e9rborfesztiv\u00e1l is k\u00f6zismert, a m\u00e1jusi \u00fcnnepeken pedig a m\u00e9z- \u00e9s borfesztiv\u00e1lt - \"Sunny Drink\" - tartj\u00e1k. Szint\u00e9n szinte minden k\u00e1rp\u00e1taljai faluban a sz\u00fcret ut\u00e1n szok\u00e1s meg\u00fcnnepelni a sz\u0151l\u0151 \u00fcnnep\u00e9t.<\/span><\/article>\n<article><span style=\"color: #003300;\">Emellett okt\u00f3ber elej\u00e9n rendezik meg Beregsz\u00e1szon a Bereg Fest fesztiv\u00e1lt, amely m\u00e9g 1963-ban indult, \u00e9s hivatalosan is K\u00e1rp\u00e1talja egyik legr\u00e9gebbi fesztiv\u00e1lja. Ezt az \u00fcnnepet mindig a belv\u00e1rosb\u00f3l a fesztiv\u00e1l helysz\u00edn\u00e9ig tart\u00f3, zajos n\u00e9pviseletes felvonul\u00e1s, az \u0151si bor\u00e1szat hagyom\u00e1ny\u00e1nak reproduk\u00e1l\u00e1sa, az els\u0151 sz\u00fcret sz\u0171z l\u00e1nyok mez\u00edtl\u00e1b pr\u00e9sel\u00e9se, a lovagok k\u00f6z\u00f6tti lovagi minimeccsek lebonyol\u00edt\u00e1sa jellemzi. , nagysz\u00e1m\u00fa n\u00e9pi k\u00e9zm\u0171ves mesterkurzus, versenyek, ki\u00e1ll\u00edt\u00e1sok, \u00fcnnepi koncertek n\u00e9pi \u00e9s modern dalokkal \u00e9s t\u00e1ncokkal, l\u00e9gg\u00f6mbfelbocs\u00e1t\u00e1sok \u00e9s sz\u00e1mos egy\u00e9b nagyszab\u00e1s\u00fa sz\u00f3rakoztat\u00f3 program, valamint sportversenyek a karbirk\u00f3z\u00e1st\u00f3l a ker\u00e9kp\u00e1rversenyekig . A Bereg Fest K\u00e1rp\u00e1talja legnagyobb n\u00e9p\u00fcnnep\u00e9lye, \u00e9s val\u00f3sz\u00edn\u0171leg az egyetlen ilyen soksz\u00edn\u0171 rendezv\u00e9ny minden \u00edzl\u00e9snek.<\/span><\/article>\n<article><span style=\"color: #003300;\">November harmadik het\u00e9ben tartj\u00e1k a francia borfesztiv\u00e1lhoz nagyon hasonl\u00f3 \"K\u00e1rp\u00e1taljai Beaujolais\" fesztiv\u00e1lt. A legh\u00edresebb fesztiv\u00e1lok k\u00f6z\u00fcl meg kell jegyezni:<\/span><p><\/p>\n<ul>\n<li><span style=\"color: #003300;\">Mikolajiv \u00e9s Mikolajkij felvonul\u00e1s Ungv\u00e1ron<\/span><\/li>\n<li><span style=\"color: #003300;\">\"V\u00f6r\u00f6sbor\" Munk\u00e1cson<\/span><\/li>\n<li><span style=\"color: #003300;\">\"Berlybasky Banosh\" Kostylivk\u00e1ban<\/span><\/li>\n<li><span style=\"color: #003300;\">Menyasszonyok \u00e9s v\u0151leg\u00e9nyek felvonul\u00e1sa Ungv\u00e1ron<\/span><\/li>\n<li><span style=\"color: #003300;\">Szilvafesztiv\u00e1l a Beregivu r\u00e9gi\u00f3ban<\/span><\/li>\n<li><span style=\"color: #003300;\">Sajtfesztiv\u00e1l Rakhivban, \"Aranyguly\u00e1s\" a Beregmegy\u00e9ben<\/span><\/li>\n<li><span style=\"color: #003300;\">Beaujolais Fesztiv\u00e1l Ungv\u00e1ron.<\/span><\/li>\n<\/ul>\n<\/article>\n<article><strong><span style=\"color: #003300;\">J\u00f6jj\u00f6n el b\u00e1rmikor K\u00e1rp\u00e1talj\u00e1ra, mert ha az egyik hobbija a gasztron\u00f3miai turizmus, akkor garant\u00e1ltan \u00e9rdekes \u00e9s \u00e9l\u00e9nk benyom\u00e1sok v\u00e1rj\u00e1k \u00d6nt. Hiszen a ki nem pr\u00f3b\u00e1lt mindig \u00e9rdekes, a fesztiv\u00e1lok pedig az\u00e9rt j\u00f3k, mert itt mindent ki lehet pr\u00f3b\u00e1lni, megk\u00f3stolni, amiben K\u00e1rp\u00e1talja gazdag. Este pedig visszat\u00e9rsz a \"Turul\" birtokra, ahol melegs\u00e9g, otthonoss\u00e1g \u00e9s vend\u00e9gszeretet v\u00e1r majd, ellent\u00e9tben egy \u00e9rzelmes nappal.<\/span><\/strong><\/article><article><strong><span style=\"color: #003300;\"><br><\/span><\/strong><\/article>\n<article><\/article>\n<article><img decoding=\"async\" src=\"http:\/\/www.turul.com.ua\/img\/rest\/F-3.jpg\"><\/article><article><br><\/article>\n<article><\/article>\n<article><\/article>\n<article><img decoding=\"async\" src=\"http:\/\/www.turul.com.ua\/img\/rest\/F-4.jpg\"><\/article><article><br><\/article>\n<article><img decoding=\"async\" src=\"http:\/\/www.turul.com.ua\/img\/rest\/F-5.JPG\"><\/article>\n<article><\/article>\t\t\t\t\t<\/div>\n\t\t\t\t\t\t<\/div>\n\t\t\t\t<\/div>\n\t\t\t\t\t\t<\/div>\n\t\t\t\t\t<\/div>\n\t\t<\/div>\n\t\t\t\t\t\t\t\t<\/div>\n\t\t\t\t\t<\/div>\n\t\t<\/section>\n\t\t\t\t\t\t<\/div>\n\t\t\t\t\t\t<\/div>\n\t\t\t\t\t<\/div>","protected":false},"excerpt":{"rendered":"<p>\u0414\u0438\u0432\u043e\u0432\u0438\u0436\u043d\u043e, \u0430\u043b\u0435 \u0417\u0430\u043a\u0430\u0440\u043f\u0430\u0442\u0442\u044f &#8211; \u0446\u0435 \u0447\u0438 \u0454\u0434\u0438\u043d\u0438\u0439 \u043a\u0440\u0430\u0439, \u044f\u043a\u0438\u0439 \u043d\u0435 \u043f\u0435\u0440\u0435\u0441\u0442\u0430\u0454 \u0432\u0440\u0430\u0436\u0430\u0442\u0438 \u0441\u0432\u043e\u0457\u043c\u0438 \u0440\u0435\u043c\u0456\u0441\u043d\u0438\u0446\u044c\u043a\u0438\u043c\u0438 \u0444\u0435\u0441\u0442\u0438\u0432\u0430\u043b\u044f\u043c\u0438. \u0407\u0445 \u0442\u0443\u0442 \u0441\u0442\u0456\u043b\u044c\u043a\u0438 \u0456 \u0432\u0441\u0456 \u0442\u0430\u043a\u0456 \u0440\u0456\u0437\u043d\u043e\u043c\u0430\u043d\u0456\u0442\u043d\u0456, \u0449\u043e \u0434\u0435\u043a\u043e\u043b\u0438 \u043c\u043e\u0436\u043d\u0430 \u0432\u0456\u0434\u043a\u0440\u0438\u0442\u0438 \u0434\u043b\u044f \u0441\u0435\u0431\u0435 \u043d\u0435 \u043b\u0438\u0448\u0435 \u0449\u043e\u0441\u044c \u043d\u043e\u0432\u0435, \u0430\u043b\u0435 \u0439 \u0432\u0456\u0434\u043d\u0430\u0439\u0442\u0438 \u0441\u0432\u043e\u0454 \u043f\u043e\u043a\u043b\u0438\u043a\u0430\u043d\u043d\u044f. \u0410\u0434\u0436\u0435 \u043f\u0440\u043e\u0442\u044f\u0433\u043e\u043c \u0440\u043e\u043a\u0443 \u0432 \u0446\u0438\u0445 \u043a\u0440\u0430\u044f\u0445 \u043f\u0440\u043e\u0432\u043e\u0434\u044f\u0442\u044c \u043f\u043e\u043d\u0430\u0434 160 \u0444\u0435\u0441\u0442\u0438\u0432\u0430\u043b\u0456\u0432. \u0412 \u043e\u0434\u0438\u043d \u0434\u0435\u043d\u044c \u0457\u0445 \u043c\u043e\u0436\u0435 \u043f\u0440\u043e\u0432\u043e\u0434\u0438\u0442\u0438\u0441\u044c \u043d\u0430\u0432\u0456\u0442\u044c \u0442\u0440\u0438 [&hellip;]<\/p>","protected":false},"author":1,"featured_media":0,"parent":0,"menu_order":0,"comment_status":"closed","ping_status":"closed","template":"","meta":{"_monsterinsights_skip_tracking":false,"_monsterinsights_sitenote_active":false,"_monsterinsights_sitenote_note":"","_monsterinsights_sitenote_category":0,"footnotes":""},"class_list":["post-11894","page","type-page","status-publish","hentry"],"yoast_head":"<!-- This site is optimized with the Yoast SEO plugin v26.9 - https:\/\/yoast.com\/product\/yoast-seo-wordpress\/ -->\n<title>\u0424\u0415\u0421\u0422\u0418\u0412\u0410\u041b\u0406 - \u0421\u0410\u0414\u0418\u0411\u0410 \u0422\u0423\u0420\u0423\u041b \u0411\u0415\u0420\u0415\u0413\u041e\u0412\u041e<\/title>\n<meta name=\"robots\" content=\"index, follow, max-snippet:-1, max-image-preview:large, max-video-preview:-1\" \/>\n<link rel=\"canonical\" href=\"https:\/\/sadyba.turul.com.ua\/hu\/\u0434\u043e\u0441\u0443\u0433\/\" \/>\n<meta property=\"og:locale\" content=\"hu_HU\" \/>\n<meta property=\"og:type\" content=\"article\" \/>\n<meta property=\"og:title\" content=\"\u0424\u0415\u0421\u0422\u0418\u0412\u0410\u041b\u0406 - \u0421\u0410\u0414\u0418\u0411\u0410 \u0422\u0423\u0420\u0423\u041b \u0411\u0415\u0420\u0415\u0413\u041e\u0412\u041e\" \/>\n<meta property=\"og:description\" content=\"\u0414\u0438\u0432\u043e\u0432\u0438\u0436\u043d\u043e, \u0430\u043b\u0435 \u0417\u0430\u043a\u0430\u0440\u043f\u0430\u0442\u0442\u044f &#8211; \u0446\u0435 \u0447\u0438 \u0454\u0434\u0438\u043d\u0438\u0439 \u043a\u0440\u0430\u0439, \u044f\u043a\u0438\u0439 \u043d\u0435 \u043f\u0435\u0440\u0435\u0441\u0442\u0430\u0454 \u0432\u0440\u0430\u0436\u0430\u0442\u0438 \u0441\u0432\u043e\u0457\u043c\u0438 \u0440\u0435\u043c\u0456\u0441\u043d\u0438\u0446\u044c\u043a\u0438\u043c\u0438 \u0444\u0435\u0441\u0442\u0438\u0432\u0430\u043b\u044f\u043c\u0438. \u0407\u0445 \u0442\u0443\u0442 \u0441\u0442\u0456\u043b\u044c\u043a\u0438 \u0456 \u0432\u0441\u0456 \u0442\u0430\u043a\u0456 \u0440\u0456\u0437\u043d\u043e\u043c\u0430\u043d\u0456\u0442\u043d\u0456, \u0449\u043e \u0434\u0435\u043a\u043e\u043b\u0438 \u043c\u043e\u0436\u043d\u0430 \u0432\u0456\u0434\u043a\u0440\u0438\u0442\u0438 \u0434\u043b\u044f \u0441\u0435\u0431\u0435 \u043d\u0435 \u043b\u0438\u0448\u0435 \u0449\u043e\u0441\u044c \u043d\u043e\u0432\u0435, \u0430\u043b\u0435 \u0439 \u0432\u0456\u0434\u043d\u0430\u0439\u0442\u0438 \u0441\u0432\u043e\u0454 \u043f\u043e\u043a\u043b\u0438\u043a\u0430\u043d\u043d\u044f. \u0410\u0434\u0436\u0435 \u043f\u0440\u043e\u0442\u044f\u0433\u043e\u043c \u0440\u043e\u043a\u0443 \u0432 \u0446\u0438\u0445 \u043a\u0440\u0430\u044f\u0445 \u043f\u0440\u043e\u0432\u043e\u0434\u044f\u0442\u044c \u043f\u043e\u043d\u0430\u0434 160 \u0444\u0435\u0441\u0442\u0438\u0432\u0430\u043b\u0456\u0432. \u0412 \u043e\u0434\u0438\u043d \u0434\u0435\u043d\u044c \u0457\u0445 \u043c\u043e\u0436\u0435 \u043f\u0440\u043e\u0432\u043e\u0434\u0438\u0442\u0438\u0441\u044c \u043d\u0430\u0432\u0456\u0442\u044c \u0442\u0440\u0438 [&hellip;]\" \/>\n<meta property=\"og:url\" content=\"https:\/\/sadyba.turul.com.ua\/hu\/\u0434\u043e\u0441\u0443\u0433\/\" \/>\n<meta property=\"og:site_name\" content=\"\u0421\u0410\u0414\u0418\u0411\u0410 \u0422\u0423\u0420\u0423\u041b \u0411\u0415\u0420\u0415\u0413\u041e\u0412\u041e\" \/>\n<meta property=\"article:modified_time\" content=\"2023-03-08T22:59:36+00:00\" \/>\n<meta property=\"og:image\" content=\"http:\/\/www.turul.com.ua\/img\/rest\/F-3.jpg\" \/>\n<meta name=\"twitter:card\" content=\"summary_large_image\" \/>\n<meta name=\"twitter:label1\" content=\"Becs\u00fclt olvas\u00e1si id\u0151\" \/>\n\t<meta name=\"twitter:data1\" content=\"4 perc\" \/>\n<script type=\"application\/ld+json\" class=\"yoast-schema-graph\">{\"@context\":\"https:\/\/schema.org\",\"@graph\":[{\"@type\":\"WebPage\",\"@id\":\"https:\/\/sadyba.turul.com.ua\/%d0%b4%d0%be%d1%81%d1%83%d0%b3\/\",\"url\":\"https:\/\/sadyba.turul.com.ua\/%d0%b4%d0%be%d1%81%d1%83%d0%b3\/\",\"name\":\"\u0424\u0415\u0421\u0422\u0418\u0412\u0410\u041b\u0406 - \u0421\u0410\u0414\u0418\u0411\u0410 \u0422\u0423\u0420\u0423\u041b \u0411\u0415\u0420\u0415\u0413\u041e\u0412\u041e\",\"isPartOf\":{\"@id\":\"https:\/\/sadyba.turul.com.ua\/#website\"},\"primaryImageOfPage\":{\"@id\":\"https:\/\/sadyba.turul.com.ua\/%d0%b4%d0%be%d1%81%d1%83%d0%b3\/#primaryimage\"},\"image\":{\"@id\":\"https:\/\/sadyba.turul.com.ua\/%d0%b4%d0%be%d1%81%d1%83%d0%b3\/#primaryimage\"},\"thumbnailUrl\":\"http:\/\/www.turul.com.ua\/img\/rest\/F-3.jpg\",\"datePublished\":\"2021-07-14T22:14:37+00:00\",\"dateModified\":\"2023-03-08T22:59:36+00:00\",\"breadcrumb\":{\"@id\":\"https:\/\/sadyba.turul.com.ua\/%d0%b4%d0%be%d1%81%d1%83%d0%b3\/#breadcrumb\"},\"inLanguage\":\"hu\",\"potentialAction\":[{\"@type\":\"ReadAction\",\"target\":[\"https:\/\/sadyba.turul.com.ua\/%d0%b4%d0%be%d1%81%d1%83%d0%b3\/\"]}]},{\"@type\":\"ImageObject\",\"inLanguage\":\"hu\",\"@id\":\"https:\/\/sadyba.turul.com.ua\/%d0%b4%d0%be%d1%81%d1%83%d0%b3\/#primaryimage\",\"url\":\"http:\/\/www.turul.com.ua\/img\/rest\/F-3.jpg\",\"contentUrl\":\"http:\/\/www.turul.com.ua\/img\/rest\/F-3.jpg\"},{\"@type\":\"BreadcrumbList\",\"@id\":\"https:\/\/sadyba.turul.com.ua\/%d0%b4%d0%be%d1%81%d1%83%d0%b3\/#breadcrumb\",\"itemListElement\":[{\"@type\":\"ListItem\",\"position\":1,\"name\":\"Home\",\"item\":\"https:\/\/sadyba.turul.com.ua\/\"},{\"@type\":\"ListItem\",\"position\":2,\"name\":\"\u0424\u0415\u0421\u0422\u0418\u0412\u0410\u041b\u0406\"}]},{\"@type\":\"WebSite\",\"@id\":\"https:\/\/sadyba.turul.com.ua\/#website\",\"url\":\"https:\/\/sadyba.turul.com.ua\/\",\"name\":\"\u041f\u0430\u043d\u0441\u0438\u043e\u043d\u0430\u0442 \u201c\u041b\u0435\u0441\u043d\u043e\u0439\u201d\",\"description\":\"\u043c. \u0411\u0435\u0440\u0435\u0433\u043e\u0432\u043e, \u0432\u0443\u043b. \u041a\u043e\u0440\u044f\u0442\u043e\u0432\u0438\u0447\u0430, 2\u0432\",\"publisher\":{\"@id\":\"https:\/\/sadyba.turul.com.ua\/#\/schema\/person\/03cfa440c9908cca177ff44d86c1c8b5\"},\"potentialAction\":[{\"@type\":\"SearchAction\",\"target\":{\"@type\":\"EntryPoint\",\"urlTemplate\":\"https:\/\/sadyba.turul.com.ua\/?s={search_term_string}\"},\"query-input\":{\"@type\":\"PropertyValueSpecification\",\"valueRequired\":true,\"valueName\":\"search_term_string\"}}],\"inLanguage\":\"hu\"},{\"@type\":[\"Person\",\"Organization\"],\"@id\":\"https:\/\/sadyba.turul.com.ua\/#\/schema\/person\/03cfa440c9908cca177ff44d86c1c8b5\",\"name\":\"admin\",\"image\":{\"@type\":\"ImageObject\",\"inLanguage\":\"hu\",\"@id\":\"https:\/\/sadyba.turul.com.ua\/#\/schema\/person\/image\/\",\"url\":\"https:\/\/secure.gravatar.com\/avatar\/a3c7ca7efa8af314d203ed87af503ad17ead2ab38382d788534f149364cea795?s=96&d=mm&r=g\",\"contentUrl\":\"https:\/\/secure.gravatar.com\/avatar\/a3c7ca7efa8af314d203ed87af503ad17ead2ab38382d788534f149364cea795?s=96&d=mm&r=g\",\"caption\":\"admin\"},\"logo\":{\"@id\":\"https:\/\/sadyba.turul.com.ua\/#\/schema\/person\/image\/\"},\"sameAs\":[\"https:\/\/paradise.od.ua\/\"]}]}<\/script>\n<!-- \/ Yoast SEO plugin. -->","yoast_head_json":{"title":"\u0424\u0415\u0421\u0422\u0418\u0412\u0410\u041b\u0406 - \u0421\u0410\u0414\u0418\u0411\u0410 \u0422\u0423\u0420\u0423\u041b \u0411\u0415\u0420\u0415\u0413\u041e\u0412\u041e","robots":{"index":"index","follow":"follow","max-snippet":"max-snippet:-1","max-image-preview":"max-image-preview:large","max-video-preview":"max-video-preview:-1"},"canonical":"https:\/\/sadyba.turul.com.ua\/hu\/\u0434\u043e\u0441\u0443\u0433\/","og_locale":"hu_HU","og_type":"article","og_title":"\u0424\u0415\u0421\u0422\u0418\u0412\u0410\u041b\u0406 - \u0421\u0410\u0414\u0418\u0411\u0410 \u0422\u0423\u0420\u0423\u041b \u0411\u0415\u0420\u0415\u0413\u041e\u0412\u041e","og_description":"\u0414\u0438\u0432\u043e\u0432\u0438\u0436\u043d\u043e, \u0430\u043b\u0435 \u0417\u0430\u043a\u0430\u0440\u043f\u0430\u0442\u0442\u044f &#8211; \u0446\u0435 \u0447\u0438 \u0454\u0434\u0438\u043d\u0438\u0439 \u043a\u0440\u0430\u0439, \u044f\u043a\u0438\u0439 \u043d\u0435 \u043f\u0435\u0440\u0435\u0441\u0442\u0430\u0454 \u0432\u0440\u0430\u0436\u0430\u0442\u0438 \u0441\u0432\u043e\u0457\u043c\u0438 \u0440\u0435\u043c\u0456\u0441\u043d\u0438\u0446\u044c\u043a\u0438\u043c\u0438 \u0444\u0435\u0441\u0442\u0438\u0432\u0430\u043b\u044f\u043c\u0438. \u0407\u0445 \u0442\u0443\u0442 \u0441\u0442\u0456\u043b\u044c\u043a\u0438 \u0456 \u0432\u0441\u0456 \u0442\u0430\u043a\u0456 \u0440\u0456\u0437\u043d\u043e\u043c\u0430\u043d\u0456\u0442\u043d\u0456, \u0449\u043e \u0434\u0435\u043a\u043e\u043b\u0438 \u043c\u043e\u0436\u043d\u0430 \u0432\u0456\u0434\u043a\u0440\u0438\u0442\u0438 \u0434\u043b\u044f \u0441\u0435\u0431\u0435 \u043d\u0435 \u043b\u0438\u0448\u0435 \u0449\u043e\u0441\u044c \u043d\u043e\u0432\u0435, \u0430\u043b\u0435 \u0439 \u0432\u0456\u0434\u043d\u0430\u0439\u0442\u0438 \u0441\u0432\u043e\u0454 \u043f\u043e\u043a\u043b\u0438\u043a\u0430\u043d\u043d\u044f. \u0410\u0434\u0436\u0435 \u043f\u0440\u043e\u0442\u044f\u0433\u043e\u043c \u0440\u043e\u043a\u0443 \u0432 \u0446\u0438\u0445 \u043a\u0440\u0430\u044f\u0445 \u043f\u0440\u043e\u0432\u043e\u0434\u044f\u0442\u044c \u043f\u043e\u043d\u0430\u0434 160 \u0444\u0435\u0441\u0442\u0438\u0432\u0430\u043b\u0456\u0432. \u0412 \u043e\u0434\u0438\u043d \u0434\u0435\u043d\u044c \u0457\u0445 \u043c\u043e\u0436\u0435 \u043f\u0440\u043e\u0432\u043e\u0434\u0438\u0442\u0438\u0441\u044c \u043d\u0430\u0432\u0456\u0442\u044c \u0442\u0440\u0438 [&hellip;]","og_url":"https:\/\/sadyba.turul.com.ua\/hu\/\u0434\u043e\u0441\u0443\u0433\/","og_site_name":"\u0421\u0410\u0414\u0418\u0411\u0410 \u0422\u0423\u0420\u0423\u041b \u0411\u0415\u0420\u0415\u0413\u041e\u0412\u041e","article_modified_time":"2023-03-08T22:59:36+00:00","og_image":[{"url":"http:\/\/www.turul.com.ua\/img\/rest\/F-3.jpg","type":"","width":"","height":""}],"twitter_card":"summary_large_image","twitter_misc":{"Becs\u00fclt olvas\u00e1si id\u0151":"4 perc"},"schema":{"@context":"https:\/\/schema.org","@graph":[{"@type":"WebPage","@id":"https:\/\/sadyba.turul.com.ua\/%d0%b4%d0%be%d1%81%d1%83%d0%b3\/","url":"https:\/\/sadyba.turul.com.ua\/%d0%b4%d0%be%d1%81%d1%83%d0%b3\/","name":"\u0424\u0415\u0421\u0422\u0418\u0412\u0410\u041b\u0406 - \u0421\u0410\u0414\u0418\u0411\u0410 \u0422\u0423\u0420\u0423\u041b \u0411\u0415\u0420\u0415\u0413\u041e\u0412\u041e","isPartOf":{"@id":"https:\/\/sadyba.turul.com.ua\/#website"},"primaryImageOfPage":{"@id":"https:\/\/sadyba.turul.com.ua\/%d0%b4%d0%be%d1%81%d1%83%d0%b3\/#primaryimage"},"image":{"@id":"https:\/\/sadyba.turul.com.ua\/%d0%b4%d0%be%d1%81%d1%83%d0%b3\/#primaryimage"},"thumbnailUrl":"http:\/\/www.turul.com.ua\/img\/rest\/F-3.jpg","datePublished":"2021-07-14T22:14:37+00:00","dateModified":"2023-03-08T22:59:36+00:00","breadcrumb":{"@id":"https:\/\/sadyba.turul.com.ua\/%d0%b4%d0%be%d1%81%d1%83%d0%b3\/#breadcrumb"},"inLanguage":"hu","potentialAction":[{"@type":"ReadAction","target":["https:\/\/sadyba.turul.com.ua\/%d0%b4%d0%be%d1%81%d1%83%d0%b3\/"]}]},{"@type":"ImageObject","inLanguage":"hu","@id":"https:\/\/sadyba.turul.com.ua\/%d0%b4%d0%be%d1%81%d1%83%d0%b3\/#primaryimage","url":"http:\/\/www.turul.com.ua\/img\/rest\/F-3.jpg","contentUrl":"http:\/\/www.turul.com.ua\/img\/rest\/F-3.jpg"},{"@type":"BreadcrumbList","@id":"https:\/\/sadyba.turul.com.ua\/%d0%b4%d0%be%d1%81%d1%83%d0%b3\/#breadcrumb","itemListElement":[{"@type":"ListItem","position":1,"name":"Home","item":"https:\/\/sadyba.turul.com.ua\/"},{"@type":"ListItem","position":2,"name":"\u0424\u0415\u0421\u0422\u0418\u0412\u0410\u041b\u0406"}]},{"@type":"WebSite","@id":"https:\/\/sadyba.turul.com.ua\/#website","url":"https:\/\/sadyba.turul.com.ua\/","name":"\u041f\u0430\u043d\u0441\u0438\u043e\u043d\u0430\u0442 \u201c\u041b\u0435\u0441\u043d\u043e\u0439\u201d","description":"\u043c. \u0411\u0435\u0440\u0435\u0433\u043e\u0432\u043e, \u0432\u0443\u043b. \u041a\u043e\u0440\u044f\u0442\u043e\u0432\u0438\u0447\u0430, 2\u0432","publisher":{"@id":"https:\/\/sadyba.turul.com.ua\/#\/schema\/person\/03cfa440c9908cca177ff44d86c1c8b5"},"potentialAction":[{"@type":"SearchAction","target":{"@type":"EntryPoint","urlTemplate":"https:\/\/sadyba.turul.com.ua\/?s={search_term_string}"},"query-input":{"@type":"PropertyValueSpecification","valueRequired":true,"valueName":"search_term_string"}}],"inLanguage":"hu"},{"@type":["Person","Organization"],"@id":"https:\/\/sadyba.turul.com.ua\/#\/schema\/person\/03cfa440c9908cca177ff44d86c1c8b5","name":"admin","image":{"@type":"ImageObject","inLanguage":"hu","@id":"https:\/\/sadyba.turul.com.ua\/#\/schema\/person\/image\/","url":"https:\/\/secure.gravatar.com\/avatar\/a3c7ca7efa8af314d203ed87af503ad17ead2ab38382d788534f149364cea795?s=96&d=mm&r=g","contentUrl":"https:\/\/secure.gravatar.com\/avatar\/a3c7ca7efa8af314d203ed87af503ad17ead2ab38382d788534f149364cea795?s=96&d=mm&r=g","caption":"admin"},"logo":{"@id":"https:\/\/sadyba.turul.com.ua\/#\/schema\/person\/image\/"},"sameAs":["https:\/\/paradise.od.ua\/"]}]}},"_links":{"self":[{"href":"https:\/\/sadyba.turul.com.ua\/hu\/wp-json\/wp\/v2\/pages\/11894","targetHints":{"allow":["GET"]}}],"collection":[{"href":"https:\/\/sadyba.turul.com.ua\/hu\/wp-json\/wp\/v2\/pages"}],"about":[{"href":"https:\/\/sadyba.turul.com.ua\/hu\/wp-json\/wp\/v2\/types\/page"}],"author":[{"embeddable":true,"href":"https:\/\/sadyba.turul.com.ua\/hu\/wp-json\/wp\/v2\/users\/1"}],"replies":[{"embeddable":true,"href":"https:\/\/sadyba.turul.com.ua\/hu\/wp-json\/wp\/v2\/comments?post=11894"}],"version-history":[{"count":0,"href":"https:\/\/sadyba.turul.com.ua\/hu\/wp-json\/wp\/v2\/pages\/11894\/revisions"}],"wp:attachment":[{"href":"https:\/\/sadyba.turul.com.ua\/hu\/wp-json\/wp\/v2\/media?parent=11894"}],"curies":[{"name":"wp","href":"https:\/\/api.w.org\/{rel}","templated":true}]}}