{"id":2208,"date":"2018-11-12T10:38:49","date_gmt":"2018-11-12T10:38:49","guid":{"rendered":"http:\/\/demo.ovathemes.com\/hozing\/?page_id=2208"},"modified":"2021-01-05T23:27:50","modified_gmt":"2021-01-05T23:27:50","slug":"our-offers","status":"publish","type":"page","link":"https:\/\/sadyba.turul.com.ua\/hu\/our-offers\/","title":{"rendered":"Our Offers"},"content":{"rendered":"<div data-elementor-type=\"wp-post\" data-elementor-id=\"2208\" class=\"elementor elementor-2208 elementor-bc-flex-widget\" data-elementor-settings=\"[]\">\n\t\t\t\t\t\t<div class=\"elementor-inner\">\n\t\t\t\t\t\t\t<div class=\"elementor-section-wrap\">\n\t\t\t\t\t\t\t<section class=\"elementor-section elementor-top-section elementor-element elementor-element-83bceed elementor-section-boxed elementor-section-height-default elementor-section-height-default\" data-id=\"83bceed\" data-element_type=\"section\">\n\t\t\t\t\t\t<div class=\"elementor-container elementor-column-gap-no\">\n\t\t\t\t\t\t\t<div class=\"elementor-row\">\n\t\t\t\t\t<div class=\"elementor-column elementor-col-100 elementor-top-column elementor-element elementor-element-03f7ff9\" data-id=\"03f7ff9\" data-element_type=\"column\">\n\t\t\t<div class=\"elementor-column-wrap elementor-element-populated\">\n\t\t\t\t\t\t\t<div class=\"elementor-widget-wrap\">\n\t\t\t\t\t\t<div class=\"elementor-element elementor-element-b30d156 elementor-widget elementor-widget-ova_heading\" data-id=\"b30d156\" data-element_type=\"widget\" data-widget_type=\"ova_heading.default\">\n\t\t\t\t<div class=\"elementor-widget-container\">\n\t\t\t\t\t\n\t\t<div class=\"ova_heading version_3\">\n\t\t\t<div class=\"icon_top\"><i class=\"fa fa-home\"><\/i><\/div>\n\t\t\t<div class=\"sub_title second_font\">Discovery<\/div>\n\t\t\t<div class=\"title second_font\">\n\t\t\t\t<span class=\"line_left\"><\/span>\n\t\t\t\t<div class=\"text_title\">Offers & Deal<\/div>\n\t\t\t\t<span class=\"line_right\"><\/span>\n\t\t\t<\/div>\n\t\t\t<div class=\"line_bottom\"><\/div>\n\t\t\t<div class=\"description second_font\">Lorem Ipsum is simply dummy text of the printing<\/div>\n\t\t\t\t\t\t\t<img decoding=\"async\" class=\"images\" src=\"https:\/\/sadyba.turul.com.ua\/wp-content\/plugins\/ova-framework\/\/assets\/img\/line_heading.png\" alt=\"\" \/>\n\t\t\t\t\t\t<div class=\"icon_bottom\"><i class=\"\"><\/i><\/div>\n\t\t<\/div>\n\n\t\t\t\t<\/div>\n\t\t\t\t<\/div>\n\t\t\t\t<div class=\"elementor-element elementor-element-e9a0c72 elementor-widget elementor-widget-ova_offers_5\" data-id=\"e9a0c72\" data-element_type=\"widget\" data-widget_type=\"ova_offers_5.default\">\n\t\t\t\t<div class=\"elementor-widget-container\">\n\t\t\t\t\t<div class=\"offers_5\">\n\t\t\t<img decoding=\"async\" src=\"http:\/\/demo.ovathemes.com\/hozing\/wp-content\/uploads\/2018\/11\/our_offer_1.jpg\" alt=\"\">\n\t\t\t<div class=\"overlay_content\"><\/div>\n\t\t\t<div class=\"content\">\n\t\t\t\t<div class=\"price\">\n\t\t\t\t\t<span class=\"number_price second_font\">$250<\/span>\n\t\t\t\t\t<span class=\"slash\"><\/span>\n\t\t\t\t\t<span class=\"text_price\">Night<\/span>\n\t\t\t\t<\/div>\n\t\t\t\t<div class=\"title second_font\">WEEKEN SPA OFFER<\/div>\n\t\t\t\t<div class=\"description\">Neque porro quisquam est, qui dolorem ipsum quia dolor sit,  ametconsectetur, adipis civelit sed quia non qui dolorem ipsum quia dolor sit amet <\/div>\n\t\t\t\t<div class=\"button\">\n\t\t\t\t\t<a class=\"text_button elementor-animation-\" href=\"\"  target=\"&quot;_blank&quot;\" >BOOK NOW<\/a>\n\t\t\t\t<\/div>\n\t\t\t<\/div>\n\t\t\t<div class=\"discount second_font\">-50%<\/div>\n\t\t<\/div>\n\t\t\t\t<\/div>\n\t\t\t\t<\/div>\n\t\t\t\t\t\t<\/div>\n\t\t\t\t\t<\/div>\n\t\t<\/div>\n\t\t\t\t\t\t\t\t<\/div>\n\t\t\t\t\t<\/div>\n\t\t<\/section>\n\t\t\t\t<section class=\"elementor-section elementor-top-section elementor-element elementor-element-49ca9de elementor-section-boxed elementor-section-height-default elementor-section-height-default\" data-id=\"49ca9de\" data-element_type=\"section\">\n\t\t\t\t\t\t<div class=\"elementor-container elementor-column-gap-no\">\n\t\t\t\t\t\t\t<div class=\"elementor-row\">\n\t\t\t\t\t<div class=\"elementor-column elementor-col-100 elementor-top-column elementor-element elementor-element-f64f285\" data-id=\"f64f285\" data-element_type=\"column\">\n\t\t\t<div class=\"elementor-column-wrap elementor-element-populated\">\n\t\t\t\t\t\t\t<div class=\"elementor-widget-wrap\">\n\t\t\t\t\t\t<div class=\"elementor-element elementor-element-c3cd9c1 elementor-widget elementor-widget-ova_heading\" data-id=\"c3cd9c1\" data-element_type=\"widget\" data-widget_type=\"ova_heading.default\">\n\t\t\t\t<div class=\"elementor-widget-container\">\n\t\t\t\t\t\n\t\t<div class=\"ova_heading version_3\">\n\t\t\t<div class=\"icon_top\"><i class=\"fa fa-home\"><\/i><\/div>\n\t\t\t<div class=\"sub_title second_font\">Discovery<\/div>\n\t\t\t<div class=\"title second_font\">\n\t\t\t\t<span class=\"line_left\"><\/span>\n\t\t\t\t<div class=\"text_title\">Offers & Deal<\/div>\n\t\t\t\t<span class=\"line_right\"><\/span>\n\t\t\t<\/div>\n\t\t\t<div class=\"line_bottom\"><\/div>\n\t\t\t<div class=\"description second_font\">Lorem Ipsum is simply dummy text of the printing<\/div>\n\t\t\t\t\t\t\t<img decoding=\"async\" class=\"images\" src=\"https:\/\/sadyba.turul.com.ua\/wp-content\/plugins\/ova-framework\/\/assets\/img\/line_heading.png\" alt=\"\" \/>\n\t\t\t\t\t\t<div class=\"icon_bottom\"><i class=\"\"><\/i><\/div>\n\t\t<\/div>\n\n\t\t\t\t<\/div>\n\t\t\t\t<\/div>\n\t\t\t\t<div class=\"elementor-element elementor-element-fe4d63b elementor-widget elementor-widget-ova_offers_5\" data-id=\"fe4d63b\" data-element_type=\"widget\" data-widget_type=\"ova_offers_5.default\">\n\t\t\t\t<div class=\"elementor-widget-container\">\n\t\t\t\t\t<div class=\"offers_5 right\">\n\t\t\t<img decoding=\"async\" src=\"http:\/\/demo.ovathemes.com\/hozing\/wp-content\/uploads\/2018\/11\/our_offer_2.jpg\" alt=\"\">\n\t\t\t<div class=\"overlay_content\"><\/div>\n\t\t\t<div class=\"content\">\n\t\t\t\t<div class=\"price\">\n\t\t\t\t\t<span class=\"number_price second_font\">$170<\/span>\n\t\t\t\t\t<span class=\"slash\"><\/span>\n\t\t\t\t\t<span class=\"text_price\">Night<\/span>\n\t\t\t\t<\/div>\n\t\t\t\t<div class=\"title second_font\">WINTER SEASON<\/div>\n\t\t\t\t<div class=\"description\">Neque porro quisquam est, qui dolorem ipsum quia dolor sit,  ametconsectetur, adipis civelit sed quia non qui dolorem ipsum quia dolor sit amet <\/div>\n\t\t\t\t<div class=\"button\">\n\t\t\t\t\t<a class=\"text_button elementor-animation-\" href=\"\"  target=\"&quot;_blank&quot;\" >BOOK NOW<\/a>\n\t\t\t\t<\/div>\n\t\t\t<\/div>\n\t\t\t<div class=\"discount second_font\">-35%<\/div>\n\t\t<\/div>\n\t\t\t\t<\/div>\n\t\t\t\t<\/div>\n\t\t\t\t\t\t<\/div>\n\t\t\t\t\t<\/div>\n\t\t<\/div>\n\t\t\t\t\t\t\t\t<\/div>\n\t\t\t\t\t<\/div>\n\t\t<\/section>\n\t\t\t\t<section class=\"elementor-section elementor-top-section elementor-element elementor-element-263b2c6 elementor-section-boxed elementor-section-height-default elementor-section-height-default\" data-id=\"263b2c6\" data-element_type=\"section\">\n\t\t\t\t\t\t<div class=\"elementor-container elementor-column-gap-no\">\n\t\t\t\t\t\t\t<div class=\"elementor-row\">\n\t\t\t\t\t<div class=\"elementor-column elementor-col-100 elementor-top-column elementor-element elementor-element-c801d29\" data-id=\"c801d29\" data-element_type=\"column\">\n\t\t\t<div class=\"elementor-column-wrap elementor-element-populated\">\n\t\t\t\t\t\t\t<div class=\"elementor-widget-wrap\">\n\t\t\t\t\t\t<div class=\"elementor-element elementor-element-bcf1bce elementor-widget elementor-widget-ova_heading\" data-id=\"bcf1bce\" data-element_type=\"widget\" data-widget_type=\"ova_heading.default\">\n\t\t\t\t<div class=\"elementor-widget-container\">\n\t\t\t\t\t\n\t\t<div class=\"ova_heading version_3\">\n\t\t\t<div class=\"icon_top\"><i class=\"fa fa-home\"><\/i><\/div>\n\t\t\t<div class=\"sub_title second_font\">Discovery<\/div>\n\t\t\t<div class=\"title second_font\">\n\t\t\t\t<span class=\"line_left\"><\/span>\n\t\t\t\t<div class=\"text_title\">Offers & Deal<\/div>\n\t\t\t\t<span class=\"line_right\"><\/span>\n\t\t\t<\/div>\n\t\t\t<div class=\"line_bottom\"><\/div>\n\t\t\t<div class=\"description second_font\">Lorem Ipsum is simply dummy text of the printing<\/div>\n\t\t\t\t\t\t\t<img decoding=\"async\" class=\"images\" src=\"https:\/\/sadyba.turul.com.ua\/wp-content\/plugins\/ova-framework\/\/assets\/img\/line_heading.png\" alt=\"\" \/>\n\t\t\t\t\t\t<div class=\"icon_bottom\"><i class=\"\"><\/i><\/div>\n\t\t<\/div>\n\n\t\t\t\t<\/div>\n\t\t\t\t<\/div>\n\t\t\t\t<div class=\"elementor-element elementor-element-a230058 elementor-widget elementor-widget-ova_offers_5\" data-id=\"a230058\" data-element_type=\"widget\" data-widget_type=\"ova_offers_5.default\">\n\t\t\t\t<div class=\"elementor-widget-container\">\n\t\t\t\t\t<div class=\"offers_5\">\n\t\t\t<img decoding=\"async\" src=\"http:\/\/demo.ovathemes.com\/hozing\/wp-content\/uploads\/2018\/11\/our_offer_3.jpg\" alt=\"\">\n\t\t\t<div class=\"overlay_content\"><\/div>\n\t\t\t<div class=\"content\">\n\t\t\t\t<div class=\"price\">\n\t\t\t\t\t<span class=\"number_price second_font\">$200<\/span>\n\t\t\t\t\t<span class=\"slash\"><\/span>\n\t\t\t\t\t<span class=\"text_price\">Night<\/span>\n\t\t\t\t<\/div>\n\t\t\t\t<div class=\"title second_font\">HONEYMOON<\/div>\n\t\t\t\t<div class=\"description\">Neque porro quisquam est, qui dolorem ipsum quia dolor sit,  ametconsectetur, adipis civelit sed quia non qui dolorem ipsum quia dolor sit amet <\/div>\n\t\t\t\t<div class=\"button\">\n\t\t\t\t\t<a class=\"text_button elementor-animation-\" href=\"\"  target=\"&quot;_blank&quot;\" >BOOK NOW<\/a>\n\t\t\t\t<\/div>\n\t\t\t<\/div>\n\t\t\t<div class=\"discount second_font\">-25%<\/div>\n\t\t<\/div>\n\t\t\t\t<\/div>\n\t\t\t\t<\/div>\n\t\t\t\t\t\t<\/div>\n\t\t\t\t\t<\/div>\n\t\t<\/div>\n\t\t\t\t\t\t\t\t<\/div>\n\t\t\t\t\t<\/div>\n\t\t<\/section>\n\t\t\t\t<section class=\"elementor-section elementor-top-section elementor-element elementor-element-e8d54e1 elementor-section-boxed elementor-section-height-default elementor-section-height-default\" data-id=\"e8d54e1\" data-element_type=\"section\">\n\t\t\t\t\t\t<div class=\"elementor-container elementor-column-gap-default\">\n\t\t\t\t\t\t\t<div class=\"elementor-row\">\n\t\t\t\t\t<div class=\"elementor-column elementor-col-100 elementor-top-column elementor-element elementor-element-2af9714\" data-id=\"2af9714\" data-element_type=\"column\">\n\t\t\t<div class=\"elementor-column-wrap elementor-element-populated\">\n\t\t\t\t\t\t\t<div class=\"elementor-widget-wrap\">\n\t\t\t\t\t\t<div class=\"elementor-element elementor-element-ac4040d elementor-align-center elementor-widget elementor-widget-button\" data-id=\"ac4040d\" data-element_type=\"widget\" data-widget_type=\"button.default\">\n\t\t\t\t<div class=\"elementor-widget-container\">\n\t\t\t\t\t<div class=\"elementor-button-wrapper\">\n\t\t\t<a href=\"#\" class=\"elementor-button-link elementor-button elementor-size-sm\" role=\"button\">\n\t\t\t\t\t\t<span class=\"elementor-button-content-wrapper\">\n\t\t\t\t\t\t<span class=\"elementor-button-icon elementor-align-icon-left\">\n\t\t\t\t\t\t\t\t\t<i class=\"fa fa-plus\" aria-hidden=\"true\"><\/i>\n\t\t\t\t\t\t\t<\/span>\n\t\t\t\t\t\t<span class=\"elementor-button-text\">Load More<\/span>\n\t\t<\/span>\n\t\t\t\t\t<\/a>\n\t\t<\/div>\n\t\t\t\t<\/div>\n\t\t\t\t<\/div>\n\t\t\t\t\t\t<\/div>\n\t\t\t\t\t<\/div>\n\t\t<\/div>\n\t\t\t\t\t\t\t\t<\/div>\n\t\t\t\t\t<\/div>\n\t\t<\/section>\n\t\t\t\t\t\t<\/div>\n\t\t\t\t\t\t<\/div>\n\t\t\t\t\t<\/div>","protected":false},"excerpt":{"rendered":"<p>Discovery Offers &#038; Deal Lorem Ipsum is simply dummy text of the printing $250 Night WEEKEN SPA OFFER Neque porro quisquam est, qui dolorem ipsum quia dolor sit, ametconsectetur, adipis civelit sed quia non qui dolorem ipsum quia dolor sit amet BOOK NOW -50% Discovery Offers &#038; Deal Lorem Ipsum is simply dummy text of [&hellip;]<\/p>","protected":false},"author":1,"featured_media":0,"parent":0,"menu_order":0,"comment_status":"closed","ping_status":"closed","template":"elementor_header_footer","meta":{"_monsterinsights_skip_tracking":false,"_monsterinsights_sitenote_active":false,"_monsterinsights_sitenote_note":"","_monsterinsights_sitenote_category":0,"footnotes":""},"class_list":["post-2208","page","type-page","status-publish","hentry"],"yoast_head":"<!-- This site is optimized with the Yoast SEO plugin v26.9 - https:\/\/yoast.com\/product\/yoast-seo-wordpress\/ -->\n<title>Our Offers - \u0421\u0410\u0414\u0418\u0411\u0410 \u0422\u0423\u0420\u0423\u041b \u0411\u0415\u0420\u0415\u0413\u041e\u0412\u041e<\/title>\n<meta name=\"robots\" content=\"index, follow, max-snippet:-1, max-image-preview:large, max-video-preview:-1\" \/>\n<link rel=\"canonical\" href=\"https:\/\/sadyba.turul.com.ua\/hu\/our-offers\/\" \/>\n<meta property=\"og:locale\" content=\"hu_HU\" \/>\n<meta property=\"og:type\" content=\"article\" \/>\n<meta property=\"og:title\" content=\"Our Offers - \u0421\u0410\u0414\u0418\u0411\u0410 \u0422\u0423\u0420\u0423\u041b \u0411\u0415\u0420\u0415\u0413\u041e\u0412\u041e\" \/>\n<meta property=\"og:description\" content=\"Discovery Offers &#038; Deal Lorem Ipsum is simply dummy text of the printing $250 Night WEEKEN SPA OFFER Neque porro quisquam est, qui dolorem ipsum quia dolor sit, ametconsectetur, adipis civelit sed quia non qui dolorem ipsum quia dolor sit amet BOOK NOW -50% Discovery Offers &#038; Deal Lorem Ipsum is simply dummy text of [&hellip;]\" \/>\n<meta property=\"og:url\" content=\"https:\/\/sadyba.turul.com.ua\/hu\/our-offers\/\" \/>\n<meta property=\"og:site_name\" content=\"\u0421\u0410\u0414\u0418\u0411\u0410 \u0422\u0423\u0420\u0423\u041b \u0411\u0415\u0420\u0415\u0413\u041e\u0412\u041e\" \/>\n<meta property=\"article:modified_time\" content=\"2021-01-05T23:27:50+00:00\" \/>\n<meta property=\"og:image\" content=\"http:\/\/demo.ovathemes.com\/hozing\/wp-content\/plugins\/ova-framework\/\/assets\/img\/line_heading.png\" \/>\n<meta name=\"twitter:card\" content=\"summary_large_image\" \/>\n<meta name=\"twitter:label1\" content=\"Becs\u00fclt olvas\u00e1si id\u0151\" \/>\n\t<meta name=\"twitter:data1\" content=\"1 perc\" \/>\n<script type=\"application\/ld+json\" class=\"yoast-schema-graph\">{\"@context\":\"https:\/\/schema.org\",\"@graph\":[{\"@type\":\"WebPage\",\"@id\":\"https:\/\/sadyba.turul.com.ua\/our-offers\/\",\"url\":\"https:\/\/sadyba.turul.com.ua\/our-offers\/\",\"name\":\"Our Offers - \u0421\u0410\u0414\u0418\u0411\u0410 \u0422\u0423\u0420\u0423\u041b \u0411\u0415\u0420\u0415\u0413\u041e\u0412\u041e\",\"isPartOf\":{\"@id\":\"https:\/\/sadyba.turul.com.ua\/#website\"},\"primaryImageOfPage\":{\"@id\":\"https:\/\/sadyba.turul.com.ua\/our-offers\/#primaryimage\"},\"image\":{\"@id\":\"https:\/\/sadyba.turul.com.ua\/our-offers\/#primaryimage\"},\"thumbnailUrl\":\"http:\/\/demo.ovathemes.com\/hozing\/wp-content\/plugins\/ova-framework\/\/assets\/img\/line_heading.png\",\"datePublished\":\"2018-11-12T10:38:49+00:00\",\"dateModified\":\"2021-01-05T23:27:50+00:00\",\"breadcrumb\":{\"@id\":\"https:\/\/sadyba.turul.com.ua\/our-offers\/#breadcrumb\"},\"inLanguage\":\"hu\",\"potentialAction\":[{\"@type\":\"ReadAction\",\"target\":[\"https:\/\/sadyba.turul.com.ua\/our-offers\/\"]}]},{\"@type\":\"ImageObject\",\"inLanguage\":\"hu\",\"@id\":\"https:\/\/sadyba.turul.com.ua\/our-offers\/#primaryimage\",\"url\":\"http:\/\/demo.ovathemes.com\/hozing\/wp-content\/plugins\/ova-framework\/\/assets\/img\/line_heading.png\",\"contentUrl\":\"http:\/\/demo.ovathemes.com\/hozing\/wp-content\/plugins\/ova-framework\/\/assets\/img\/line_heading.png\"},{\"@type\":\"BreadcrumbList\",\"@id\":\"https:\/\/sadyba.turul.com.ua\/our-offers\/#breadcrumb\",\"itemListElement\":[{\"@type\":\"ListItem\",\"position\":1,\"name\":\"Home\",\"item\":\"https:\/\/sadyba.turul.com.ua\/\"},{\"@type\":\"ListItem\",\"position\":2,\"name\":\"Our Offers\"}]},{\"@type\":\"WebSite\",\"@id\":\"https:\/\/sadyba.turul.com.ua\/#website\",\"url\":\"https:\/\/sadyba.turul.com.ua\/\",\"name\":\"\u041f\u0430\u043d\u0441\u0438\u043e\u043d\u0430\u0442 \u201c\u041b\u0435\u0441\u043d\u043e\u0439\u201d\",\"description\":\"\u043c. \u0411\u0435\u0440\u0435\u0433\u043e\u0432\u043e, \u0432\u0443\u043b. \u041a\u043e\u0440\u044f\u0442\u043e\u0432\u0438\u0447\u0430, 2\u0432\",\"publisher\":{\"@id\":\"https:\/\/sadyba.turul.com.ua\/#\/schema\/person\/03cfa440c9908cca177ff44d86c1c8b5\"},\"potentialAction\":[{\"@type\":\"SearchAction\",\"target\":{\"@type\":\"EntryPoint\",\"urlTemplate\":\"https:\/\/sadyba.turul.com.ua\/?s={search_term_string}\"},\"query-input\":{\"@type\":\"PropertyValueSpecification\",\"valueRequired\":true,\"valueName\":\"search_term_string\"}}],\"inLanguage\":\"hu\"},{\"@type\":[\"Person\",\"Organization\"],\"@id\":\"https:\/\/sadyba.turul.com.ua\/#\/schema\/person\/03cfa440c9908cca177ff44d86c1c8b5\",\"name\":\"admin\",\"image\":{\"@type\":\"ImageObject\",\"inLanguage\":\"hu\",\"@id\":\"https:\/\/sadyba.turul.com.ua\/#\/schema\/person\/image\/\",\"url\":\"https:\/\/secure.gravatar.com\/avatar\/a3c7ca7efa8af314d203ed87af503ad17ead2ab38382d788534f149364cea795?s=96&d=mm&r=g\",\"contentUrl\":\"https:\/\/secure.gravatar.com\/avatar\/a3c7ca7efa8af314d203ed87af503ad17ead2ab38382d788534f149364cea795?s=96&d=mm&r=g\",\"caption\":\"admin\"},\"logo\":{\"@id\":\"https:\/\/sadyba.turul.com.ua\/#\/schema\/person\/image\/\"},\"sameAs\":[\"https:\/\/paradise.od.ua\/\"]}]}<\/script>\n<!-- \/ Yoast SEO plugin. -->","yoast_head_json":{"title":"Our Offers - \u0421\u0410\u0414\u0418\u0411\u0410 \u0422\u0423\u0420\u0423\u041b \u0411\u0415\u0420\u0415\u0413\u041e\u0412\u041e","robots":{"index":"index","follow":"follow","max-snippet":"max-snippet:-1","max-image-preview":"max-image-preview:large","max-video-preview":"max-video-preview:-1"},"canonical":"https:\/\/sadyba.turul.com.ua\/hu\/our-offers\/","og_locale":"hu_HU","og_type":"article","og_title":"Our Offers - \u0421\u0410\u0414\u0418\u0411\u0410 \u0422\u0423\u0420\u0423\u041b \u0411\u0415\u0420\u0415\u0413\u041e\u0412\u041e","og_description":"Discovery Offers &#038; Deal Lorem Ipsum is simply dummy text of the printing $250 Night WEEKEN SPA OFFER Neque porro quisquam est, qui dolorem ipsum quia dolor sit, ametconsectetur, adipis civelit sed quia non qui dolorem ipsum quia dolor sit amet BOOK NOW -50% Discovery Offers &#038; Deal Lorem Ipsum is simply dummy text of [&hellip;]","og_url":"https:\/\/sadyba.turul.com.ua\/hu\/our-offers\/","og_site_name":"\u0421\u0410\u0414\u0418\u0411\u0410 \u0422\u0423\u0420\u0423\u041b \u0411\u0415\u0420\u0415\u0413\u041e\u0412\u041e","article_modified_time":"2021-01-05T23:27:50+00:00","og_image":[{"url":"http:\/\/demo.ovathemes.com\/hozing\/wp-content\/plugins\/ova-framework\/\/assets\/img\/line_heading.png","type":"","width":"","height":""}],"twitter_card":"summary_large_image","twitter_misc":{"Becs\u00fclt olvas\u00e1si id\u0151":"1 perc"},"schema":{"@context":"https:\/\/schema.org","@graph":[{"@type":"WebPage","@id":"https:\/\/sadyba.turul.com.ua\/our-offers\/","url":"https:\/\/sadyba.turul.com.ua\/our-offers\/","name":"Our Offers - \u0421\u0410\u0414\u0418\u0411\u0410 \u0422\u0423\u0420\u0423\u041b \u0411\u0415\u0420\u0415\u0413\u041e\u0412\u041e","isPartOf":{"@id":"https:\/\/sadyba.turul.com.ua\/#website"},"primaryImageOfPage":{"@id":"https:\/\/sadyba.turul.com.ua\/our-offers\/#primaryimage"},"image":{"@id":"https:\/\/sadyba.turul.com.ua\/our-offers\/#primaryimage"},"thumbnailUrl":"http:\/\/demo.ovathemes.com\/hozing\/wp-content\/plugins\/ova-framework\/\/assets\/img\/line_heading.png","datePublished":"2018-11-12T10:38:49+00:00","dateModified":"2021-01-05T23:27:50+00:00","breadcrumb":{"@id":"https:\/\/sadyba.turul.com.ua\/our-offers\/#breadcrumb"},"inLanguage":"hu","potentialAction":[{"@type":"ReadAction","target":["https:\/\/sadyba.turul.com.ua\/our-offers\/"]}]},{"@type":"ImageObject","inLanguage":"hu","@id":"https:\/\/sadyba.turul.com.ua\/our-offers\/#primaryimage","url":"http:\/\/demo.ovathemes.com\/hozing\/wp-content\/plugins\/ova-framework\/\/assets\/img\/line_heading.png","contentUrl":"http:\/\/demo.ovathemes.com\/hozing\/wp-content\/plugins\/ova-framework\/\/assets\/img\/line_heading.png"},{"@type":"BreadcrumbList","@id":"https:\/\/sadyba.turul.com.ua\/our-offers\/#breadcrumb","itemListElement":[{"@type":"ListItem","position":1,"name":"Home","item":"https:\/\/sadyba.turul.com.ua\/"},{"@type":"ListItem","position":2,"name":"Our Offers"}]},{"@type":"WebSite","@id":"https:\/\/sadyba.turul.com.ua\/#website","url":"https:\/\/sadyba.turul.com.ua\/","name":"\u041f\u0430\u043d\u0441\u0438\u043e\u043d\u0430\u0442 \u201c\u041b\u0435\u0441\u043d\u043e\u0439\u201d","description":"\u043c. \u0411\u0435\u0440\u0435\u0433\u043e\u0432\u043e, \u0432\u0443\u043b. \u041a\u043e\u0440\u044f\u0442\u043e\u0432\u0438\u0447\u0430, 2\u0432","publisher":{"@id":"https:\/\/sadyba.turul.com.ua\/#\/schema\/person\/03cfa440c9908cca177ff44d86c1c8b5"},"potentialAction":[{"@type":"SearchAction","target":{"@type":"EntryPoint","urlTemplate":"https:\/\/sadyba.turul.com.ua\/?s={search_term_string}"},"query-input":{"@type":"PropertyValueSpecification","valueRequired":true,"valueName":"search_term_string"}}],"inLanguage":"hu"},{"@type":["Person","Organization"],"@id":"https:\/\/sadyba.turul.com.ua\/#\/schema\/person\/03cfa440c9908cca177ff44d86c1c8b5","name":"admin","image":{"@type":"ImageObject","inLanguage":"hu","@id":"https:\/\/sadyba.turul.com.ua\/#\/schema\/person\/image\/","url":"https:\/\/secure.gravatar.com\/avatar\/a3c7ca7efa8af314d203ed87af503ad17ead2ab38382d788534f149364cea795?s=96&d=mm&r=g","contentUrl":"https:\/\/secure.gravatar.com\/avatar\/a3c7ca7efa8af314d203ed87af503ad17ead2ab38382d788534f149364cea795?s=96&d=mm&r=g","caption":"admin"},"logo":{"@id":"https:\/\/sadyba.turul.com.ua\/#\/schema\/person\/image\/"},"sameAs":["https:\/\/paradise.od.ua\/"]}]}},"_links":{"self":[{"href":"https:\/\/sadyba.turul.com.ua\/hu\/wp-json\/wp\/v2\/pages\/2208","targetHints":{"allow":["GET"]}}],"collection":[{"href":"https:\/\/sadyba.turul.com.ua\/hu\/wp-json\/wp\/v2\/pages"}],"about":[{"href":"https:\/\/sadyba.turul.com.ua\/hu\/wp-json\/wp\/v2\/types\/page"}],"author":[{"embeddable":true,"href":"https:\/\/sadyba.turul.com.ua\/hu\/wp-json\/wp\/v2\/users\/1"}],"replies":[{"embeddable":true,"href":"https:\/\/sadyba.turul.com.ua\/hu\/wp-json\/wp\/v2\/comments?post=2208"}],"version-history":[{"count":0,"href":"https:\/\/sadyba.turul.com.ua\/hu\/wp-json\/wp\/v2\/pages\/2208\/revisions"}],"wp:attachment":[{"href":"https:\/\/sadyba.turul.com.ua\/hu\/wp-json\/wp\/v2\/media?parent=2208"}],"curies":[{"name":"wp","href":"https:\/\/api.w.org\/{rel}","templated":true}]}}