{"id":2466,"date":"2018-11-21T02:24:12","date_gmt":"2018-11-21T02:24:12","guid":{"rendered":"http:\/\/demo.ovathemes.com\/hozing\/?page_id=2466"},"modified":"2023-03-09T01:42:22","modified_gmt":"2023-03-08T23:42:22","slug":"contact-us-2","status":"publish","type":"page","link":"https:\/\/sadyba.turul.com.ua\/hu\/contact-us-2\/","title":{"rendered":"KAPCSOLATOK"},"content":{"rendered":"<div data-elementor-type=\"wp-post\" data-elementor-id=\"2466\" class=\"elementor elementor-2466\" data-elementor-settings=\"[]\">\n\t\t\t\t\t\t<div class=\"elementor-inner\">\n\t\t\t\t\t\t\t<div class=\"elementor-section-wrap\">\n\t\t\t\t\t\t\t<section class=\"elementor-section elementor-top-section elementor-element elementor-element-f1ebbe8 elementor-section-boxed elementor-section-height-default elementor-section-height-default\" data-id=\"f1ebbe8\" data-element_type=\"section\" data-settings=\"{&quot;background_background&quot;:&quot;classic&quot;}\">\n\t\t\t\t\t\t<div class=\"elementor-container elementor-column-gap-default\">\n\t\t\t\t\t\t\t<div class=\"elementor-row\">\n\t\t\t\t\t<div class=\"elementor-column elementor-col-100 elementor-top-column elementor-element elementor-element-d619251\" data-id=\"d619251\" data-element_type=\"column\">\n\t\t\t<div class=\"elementor-column-wrap elementor-element-populated\">\n\t\t\t\t\t\t\t<div class=\"elementor-widget-wrap\">\n\t\t\t\t\t\t<div class=\"elementor-element elementor-element-6e56cf0 elementor-widget elementor-widget-ova_heading\" data-id=\"6e56cf0\" data-element_type=\"widget\" data-widget_type=\"ova_heading.default\">\n\t\t\t\t<div class=\"elementor-widget-container\">\n\t\t\t\t\t\n\t\t<div class=\"ova_heading version_1\">\n\t\t\t<div class=\"icon_top\"><i class=\"fa fa-home\"><\/i><\/div>\n\t\t\t<div class=\"sub_title second_font\"><\/div>\n\t\t\t<div class=\"title second_font\">\n\t\t\t\t<span class=\"line_left\"><\/span>\n\t\t\t\t<div class=\"text_title\">KAPCSOLATOK<\/div>\n\t\t\t\t<span class=\"line_right\"><\/span>\n\t\t\t<\/div>\n\t\t\t<div class=\"line_bottom\"><\/div>\n\t\t\t<div class=\"description second_font\">DISCOVER NEWS UPDATE<\/div>\n\t\t\t\t\t\t\t<img decoding=\"async\" class=\"images\" src=\"https:\/\/sadyba.turul.com.ua\/wp-content\/plugins\/ova-framework\/\/assets\/img\/line_heading.png\" alt=\"\" \/>\n\t\t\t\t\t\t<div class=\"icon_bottom\"><i class=\"\"><\/i><\/div>\n\t\t<\/div>\n\n\t\t\t\t<\/div>\n\t\t\t\t<\/div>\n\t\t\t\t\t\t<\/div>\n\t\t\t\t\t<\/div>\n\t\t<\/div>\n\t\t\t\t\t\t\t\t<\/div>\n\t\t\t\t\t<\/div>\n\t\t<\/section>\n\t\t\t\t<section class=\"elementor-section elementor-top-section elementor-element elementor-element-f19f401 elementor-section-boxed elementor-section-height-default elementor-section-height-default\" data-id=\"f19f401\" data-element_type=\"section\" data-settings=\"{&quot;background_background&quot;:&quot;classic&quot;}\">\n\t\t\t\t\t\t\t<div class=\"elementor-background-overlay\"><\/div>\n\t\t\t\t\t\t\t<div class=\"elementor-container elementor-column-gap-default\">\n\t\t\t\t\t\t\t<div class=\"elementor-row\">\n\t\t\t\t\t<div class=\"elementor-column elementor-col-100 elementor-top-column elementor-element elementor-element-8844819\" data-id=\"8844819\" data-element_type=\"column\">\n\t\t\t<div class=\"elementor-column-wrap elementor-element-populated\">\n\t\t\t\t\t\t\t<div class=\"elementor-widget-wrap\">\n\t\t\t\t\t\t<div class=\"elementor-element elementor-element-ccc880d elementor-widget elementor-widget-ova_info_contact\" data-id=\"ccc880d\" data-element_type=\"widget\" data-widget_type=\"ova_info_contact.default\">\n\t\t\t\t<div class=\"elementor-widget-container\">\n\t\t\t\t\t\n\t\t<div class=\"ova_info_contact\">\n\t\t\t<div class=\"wrap_title\">\n\t\t\t\t<div class=\"title second_font\">A \"TURUL\" TELEFON C\u00cdME \u00c9S TELEFONSZ\u00c1MA<\/div>\n\t\t\t<\/div>\n\t\t\t<ul class=\"list_info\">\n\t\t\t\t\t\t\t\t\t<li class=\"info\">\n\t\t\t\t\t\t<i class=\"fas fa-map-marker-alt\"><\/i>\n\t\t\t\t\t\t<span>UKRAJNA, Ukrajna, K\u00e1rp\u00e1taljai r\u00e9gi\u00f3, Beregsz\u00e1sz, st. Koryatovycha, 2. emelet<\/span>\n\t\t\t\t\t<\/li>\n\t\t\t\t\t\t\t\t\t<li class=\"info\">\n\t\t\t\t\t\t<i class=\"fa fa-envelope-o\"><\/i>\n\t\t\t\t\t\t<span> email: hotelturul@ukr.net<\/span>\n\t\t\t\t\t<\/li>\n\t\t\t\t\t\t\t\t\t<li class=\"info\">\n\t\t\t\t\t\t<i class=\"fa fa-phone\"><\/i>\n\t\t\t\t\t\t<span>R\u00c9SZLETES INFORM\u00c1CI\u00d3K \u00c9S FOGLAL\u00c1S TELEFONON: +38-068-664-81-70, +38-050-015-63-82 <\/span>\n\t\t\t\t\t<\/li>\n\t\t\t\t\t\t\t\t\t<li class=\"info\">\n\t\t\t\t\t\t<i class=\"\"><\/i>\n\t\t\t\t\t\t<span><\/span>\n\t\t\t\t\t<\/li>\n\t\t\t\t\t\t\t\t\t<li class=\"info\">\n\t\t\t\t\t\t<i class=\"\"><\/i>\n\t\t\t\t\t\t<span><\/span>\n\t\t\t\t\t<\/li>\n\t\t\t\t\t\t\t\t\t<li class=\"info\">\n\t\t\t\t\t\t<i class=\"\"><\/i>\n\t\t\t\t\t\t<span><\/span>\n\t\t\t\t\t<\/li>\n\t\t\t\t\t\t\t\t\t<li class=\"info\">\n\t\t\t\t\t\t<i class=\"\"><\/i>\n\t\t\t\t\t\t<span><\/span>\n\t\t\t\t\t<\/li>\n\t\t\t\t\t\t\t<\/ul>\n\t\t<\/div>\n\t\t\t\t<\/div>\n\t\t\t\t<\/div>\n\t\t\t\t\t\t<\/div>\n\t\t\t\t\t<\/div>\n\t\t<\/div>\n\t\t\t\t\t\t\t\t<\/div>\n\t\t\t\t\t<\/div>\n\t\t<\/section>\n\t\t\t\t\t\t<\/div>\n\t\t\t\t\t\t<\/div>\n\t\t\t\t\t<\/div>","protected":false},"excerpt":{"rendered":"<p>\u041a\u041e\u041d\u0422\u0410\u041a\u0422\u0418 DISCOVER NEWS UPDATE \u0410\u0414\u0420\u0415\u0421\u0410 \u0422\u0410 \u0422\u0415\u041b\u0415\u0424\u041e\u041d\u0418 \u0421\u0410\u0414\u0418\u0411\u0418 &#8220;\u0422\u0423\u0420\u0423\u041b&#8221; \u0423\u041a\u0420\u0410\u0407\u041d\u0410, \u0423\u043a\u0440\u0430\u0457\u043d\u0430, \u0417\u0430\u043a\u0430\u0440\u043f\u0430\u0442\u0441\u044c\u043a\u0430 \u043e\u0431\u043b., \u043c. \u0411\u0435\u0440\u0435\u0433\u043e\u0432\u043e , \u0432\u0443\u043b. \u041a\u043e\u0440\u044f\u0442\u043e\u0432\u0438\u0447\u0430, 2\u0432 \u043f\u043e\u0448\u0442\u0430 hotelturul@ukr.net \u041e\u0422\u0420\u0418\u041c\u0410\u0422\u0418 \u0414\u0415\u0422\u0410\u041b\u042c\u041d\u0423 \u0406\u041d\u0424\u041e\u0420\u041c\u0410\u0426\u0406\u042e \u0406 \u0417\u0410\u0411\u0420\u041e\u041d\u042e\u0412\u0410\u0422\u0418 \u041c\u041e\u0416\u041d\u0410 \u0417\u0410 \u0422\u0415\u041b\u0415\u0424\u041e\u041d\u0410\u041c\u0418 +38-068-664-81-70, +38-050-015-63-82<\/p>","protected":false},"author":1,"featured_media":0,"parent":0,"menu_order":0,"comment_status":"closed","ping_status":"closed","template":"elementor_header_footer","meta":{"_monsterinsights_skip_tracking":false,"_monsterinsights_sitenote_active":false,"_monsterinsights_sitenote_note":"","_monsterinsights_sitenote_category":0,"footnotes":""},"class_list":["post-2466","page","type-page","status-publish","hentry"],"yoast_head":"<!-- This site is optimized with the Yoast SEO plugin v26.9 - https:\/\/yoast.com\/product\/yoast-seo-wordpress\/ -->\n<title>\u041a\u041e\u041d\u0422\u0410\u041a\u0422\u0418 - \u0421\u0410\u0414\u0418\u0411\u0410 \u0422\u0423\u0420\u0423\u041b \u0411\u0415\u0420\u0415\u0413\u041e\u0412\u041e<\/title>\n<meta name=\"robots\" content=\"index, follow, max-snippet:-1, max-image-preview:large, max-video-preview:-1\" \/>\n<link rel=\"canonical\" href=\"https:\/\/sadyba.turul.com.ua\/hu\/contact-us-2\/\" \/>\n<meta property=\"og:locale\" content=\"hu_HU\" \/>\n<meta property=\"og:type\" content=\"article\" \/>\n<meta property=\"og:title\" content=\"\u041a\u041e\u041d\u0422\u0410\u041a\u0422\u0418 - \u0421\u0410\u0414\u0418\u0411\u0410 \u0422\u0423\u0420\u0423\u041b \u0411\u0415\u0420\u0415\u0413\u041e\u0412\u041e\" \/>\n<meta property=\"og:description\" content=\"\u041a\u041e\u041d\u0422\u0410\u041a\u0422\u0418 DISCOVER NEWS UPDATE \u0410\u0414\u0420\u0415\u0421\u0410 \u0422\u0410 \u0422\u0415\u041b\u0415\u0424\u041e\u041d\u0418 \u0421\u0410\u0414\u0418\u0411\u0418 &#8220;\u0422\u0423\u0420\u0423\u041b&#8221; \u0423\u041a\u0420\u0410\u0407\u041d\u0410, \u0423\u043a\u0440\u0430\u0457\u043d\u0430, \u0417\u0430\u043a\u0430\u0440\u043f\u0430\u0442\u0441\u044c\u043a\u0430 \u043e\u0431\u043b., \u043c. \u0411\u0435\u0440\u0435\u0433\u043e\u0432\u043e , \u0432\u0443\u043b. \u041a\u043e\u0440\u044f\u0442\u043e\u0432\u0438\u0447\u0430, 2\u0432 \u043f\u043e\u0448\u0442\u0430 hotelturul@ukr.net \u041e\u0422\u0420\u0418\u041c\u0410\u0422\u0418 \u0414\u0415\u0422\u0410\u041b\u042c\u041d\u0423 \u0406\u041d\u0424\u041e\u0420\u041c\u0410\u0426\u0406\u042e \u0406 \u0417\u0410\u0411\u0420\u041e\u041d\u042e\u0412\u0410\u0422\u0418 \u041c\u041e\u0416\u041d\u0410 \u0417\u0410 \u0422\u0415\u041b\u0415\u0424\u041e\u041d\u0410\u041c\u0418 +38-068-664-81-70, +38-050-015-63-82\" \/>\n<meta property=\"og:url\" content=\"https:\/\/sadyba.turul.com.ua\/hu\/contact-us-2\/\" \/>\n<meta property=\"og:site_name\" content=\"\u0421\u0410\u0414\u0418\u0411\u0410 \u0422\u0423\u0420\u0423\u041b \u0411\u0415\u0420\u0415\u0413\u041e\u0412\u041e\" \/>\n<meta property=\"article:modified_time\" content=\"2023-03-08T23:42:22+00:00\" \/>\n<meta property=\"og:image\" content=\"https:\/\/23.pmc.pp.ua\/wp-content\/plugins\/ova-framework\/\/assets\/img\/line_heading.png\" \/>\n<meta name=\"twitter:card\" content=\"summary_large_image\" \/>\n<meta name=\"twitter:label1\" content=\"Becs\u00fclt olvas\u00e1si id\u0151\" \/>\n\t<meta name=\"twitter:data1\" content=\"1 perc\" \/>\n<script type=\"application\/ld+json\" class=\"yoast-schema-graph\">{\"@context\":\"https:\/\/schema.org\",\"@graph\":[{\"@type\":\"WebPage\",\"@id\":\"https:\/\/sadyba.turul.com.ua\/contact-us-2\/\",\"url\":\"https:\/\/sadyba.turul.com.ua\/contact-us-2\/\",\"name\":\"\u041a\u041e\u041d\u0422\u0410\u041a\u0422\u0418 - \u0421\u0410\u0414\u0418\u0411\u0410 \u0422\u0423\u0420\u0423\u041b \u0411\u0415\u0420\u0415\u0413\u041e\u0412\u041e\",\"isPartOf\":{\"@id\":\"https:\/\/sadyba.turul.com.ua\/#website\"},\"primaryImageOfPage\":{\"@id\":\"https:\/\/sadyba.turul.com.ua\/contact-us-2\/#primaryimage\"},\"image\":{\"@id\":\"https:\/\/sadyba.turul.com.ua\/contact-us-2\/#primaryimage\"},\"thumbnailUrl\":\"https:\/\/23.pmc.pp.ua\/wp-content\/plugins\/ova-framework\/\/assets\/img\/line_heading.png\",\"datePublished\":\"2018-11-21T02:24:12+00:00\",\"dateModified\":\"2023-03-08T23:42:22+00:00\",\"breadcrumb\":{\"@id\":\"https:\/\/sadyba.turul.com.ua\/contact-us-2\/#breadcrumb\"},\"inLanguage\":\"hu\",\"potentialAction\":[{\"@type\":\"ReadAction\",\"target\":[\"https:\/\/sadyba.turul.com.ua\/contact-us-2\/\"]}]},{\"@type\":\"ImageObject\",\"inLanguage\":\"hu\",\"@id\":\"https:\/\/sadyba.turul.com.ua\/contact-us-2\/#primaryimage\",\"url\":\"https:\/\/23.pmc.pp.ua\/wp-content\/plugins\/ova-framework\/\/assets\/img\/line_heading.png\",\"contentUrl\":\"https:\/\/23.pmc.pp.ua\/wp-content\/plugins\/ova-framework\/\/assets\/img\/line_heading.png\"},{\"@type\":\"BreadcrumbList\",\"@id\":\"https:\/\/sadyba.turul.com.ua\/contact-us-2\/#breadcrumb\",\"itemListElement\":[{\"@type\":\"ListItem\",\"position\":1,\"name\":\"Home\",\"item\":\"https:\/\/sadyba.turul.com.ua\/\"},{\"@type\":\"ListItem\",\"position\":2,\"name\":\"\u041a\u041e\u041d\u0422\u0410\u041a\u0422\u0418\"}]},{\"@type\":\"WebSite\",\"@id\":\"https:\/\/sadyba.turul.com.ua\/#website\",\"url\":\"https:\/\/sadyba.turul.com.ua\/\",\"name\":\"\u041f\u0430\u043d\u0441\u0438\u043e\u043d\u0430\u0442 \u201c\u041b\u0435\u0441\u043d\u043e\u0439\u201d\",\"description\":\"\u043c. \u0411\u0435\u0440\u0435\u0433\u043e\u0432\u043e, \u0432\u0443\u043b. \u041a\u043e\u0440\u044f\u0442\u043e\u0432\u0438\u0447\u0430, 2\u0432\",\"publisher\":{\"@id\":\"https:\/\/sadyba.turul.com.ua\/#\/schema\/person\/03cfa440c9908cca177ff44d86c1c8b5\"},\"potentialAction\":[{\"@type\":\"SearchAction\",\"target\":{\"@type\":\"EntryPoint\",\"urlTemplate\":\"https:\/\/sadyba.turul.com.ua\/?s={search_term_string}\"},\"query-input\":{\"@type\":\"PropertyValueSpecification\",\"valueRequired\":true,\"valueName\":\"search_term_string\"}}],\"inLanguage\":\"hu\"},{\"@type\":[\"Person\",\"Organization\"],\"@id\":\"https:\/\/sadyba.turul.com.ua\/#\/schema\/person\/03cfa440c9908cca177ff44d86c1c8b5\",\"name\":\"admin\",\"image\":{\"@type\":\"ImageObject\",\"inLanguage\":\"hu\",\"@id\":\"https:\/\/sadyba.turul.com.ua\/#\/schema\/person\/image\/\",\"url\":\"https:\/\/secure.gravatar.com\/avatar\/a3c7ca7efa8af314d203ed87af503ad17ead2ab38382d788534f149364cea795?s=96&d=mm&r=g\",\"contentUrl\":\"https:\/\/secure.gravatar.com\/avatar\/a3c7ca7efa8af314d203ed87af503ad17ead2ab38382d788534f149364cea795?s=96&d=mm&r=g\",\"caption\":\"admin\"},\"logo\":{\"@id\":\"https:\/\/sadyba.turul.com.ua\/#\/schema\/person\/image\/\"},\"sameAs\":[\"https:\/\/paradise.od.ua\/\"]}]}<\/script>\n<!-- \/ Yoast SEO plugin. -->","yoast_head_json":{"title":"\u041a\u041e\u041d\u0422\u0410\u041a\u0422\u0418 - \u0421\u0410\u0414\u0418\u0411\u0410 \u0422\u0423\u0420\u0423\u041b \u0411\u0415\u0420\u0415\u0413\u041e\u0412\u041e","robots":{"index":"index","follow":"follow","max-snippet":"max-snippet:-1","max-image-preview":"max-image-preview:large","max-video-preview":"max-video-preview:-1"},"canonical":"https:\/\/sadyba.turul.com.ua\/hu\/contact-us-2\/","og_locale":"hu_HU","og_type":"article","og_title":"\u041a\u041e\u041d\u0422\u0410\u041a\u0422\u0418 - \u0421\u0410\u0414\u0418\u0411\u0410 \u0422\u0423\u0420\u0423\u041b \u0411\u0415\u0420\u0415\u0413\u041e\u0412\u041e","og_description":"\u041a\u041e\u041d\u0422\u0410\u041a\u0422\u0418 DISCOVER NEWS UPDATE \u0410\u0414\u0420\u0415\u0421\u0410 \u0422\u0410 \u0422\u0415\u041b\u0415\u0424\u041e\u041d\u0418 \u0421\u0410\u0414\u0418\u0411\u0418 &#8220;\u0422\u0423\u0420\u0423\u041b&#8221; \u0423\u041a\u0420\u0410\u0407\u041d\u0410, \u0423\u043a\u0440\u0430\u0457\u043d\u0430, \u0417\u0430\u043a\u0430\u0440\u043f\u0430\u0442\u0441\u044c\u043a\u0430 \u043e\u0431\u043b., \u043c. \u0411\u0435\u0440\u0435\u0433\u043e\u0432\u043e , \u0432\u0443\u043b. \u041a\u043e\u0440\u044f\u0442\u043e\u0432\u0438\u0447\u0430, 2\u0432 \u043f\u043e\u0448\u0442\u0430 hotelturul@ukr.net \u041e\u0422\u0420\u0418\u041c\u0410\u0422\u0418 \u0414\u0415\u0422\u0410\u041b\u042c\u041d\u0423 \u0406\u041d\u0424\u041e\u0420\u041c\u0410\u0426\u0406\u042e \u0406 \u0417\u0410\u0411\u0420\u041e\u041d\u042e\u0412\u0410\u0422\u0418 \u041c\u041e\u0416\u041d\u0410 \u0417\u0410 \u0422\u0415\u041b\u0415\u0424\u041e\u041d\u0410\u041c\u0418 +38-068-664-81-70, +38-050-015-63-82","og_url":"https:\/\/sadyba.turul.com.ua\/hu\/contact-us-2\/","og_site_name":"\u0421\u0410\u0414\u0418\u0411\u0410 \u0422\u0423\u0420\u0423\u041b \u0411\u0415\u0420\u0415\u0413\u041e\u0412\u041e","article_modified_time":"2023-03-08T23:42:22+00:00","og_image":[{"url":"https:\/\/23.pmc.pp.ua\/wp-content\/plugins\/ova-framework\/\/assets\/img\/line_heading.png","type":"","width":"","height":""}],"twitter_card":"summary_large_image","twitter_misc":{"Becs\u00fclt olvas\u00e1si id\u0151":"1 perc"},"schema":{"@context":"https:\/\/schema.org","@graph":[{"@type":"WebPage","@id":"https:\/\/sadyba.turul.com.ua\/contact-us-2\/","url":"https:\/\/sadyba.turul.com.ua\/contact-us-2\/","name":"\u041a\u041e\u041d\u0422\u0410\u041a\u0422\u0418 - \u0421\u0410\u0414\u0418\u0411\u0410 \u0422\u0423\u0420\u0423\u041b \u0411\u0415\u0420\u0415\u0413\u041e\u0412\u041e","isPartOf":{"@id":"https:\/\/sadyba.turul.com.ua\/#website"},"primaryImageOfPage":{"@id":"https:\/\/sadyba.turul.com.ua\/contact-us-2\/#primaryimage"},"image":{"@id":"https:\/\/sadyba.turul.com.ua\/contact-us-2\/#primaryimage"},"thumbnailUrl":"https:\/\/23.pmc.pp.ua\/wp-content\/plugins\/ova-framework\/\/assets\/img\/line_heading.png","datePublished":"2018-11-21T02:24:12+00:00","dateModified":"2023-03-08T23:42:22+00:00","breadcrumb":{"@id":"https:\/\/sadyba.turul.com.ua\/contact-us-2\/#breadcrumb"},"inLanguage":"hu","potentialAction":[{"@type":"ReadAction","target":["https:\/\/sadyba.turul.com.ua\/contact-us-2\/"]}]},{"@type":"ImageObject","inLanguage":"hu","@id":"https:\/\/sadyba.turul.com.ua\/contact-us-2\/#primaryimage","url":"https:\/\/23.pmc.pp.ua\/wp-content\/plugins\/ova-framework\/\/assets\/img\/line_heading.png","contentUrl":"https:\/\/23.pmc.pp.ua\/wp-content\/plugins\/ova-framework\/\/assets\/img\/line_heading.png"},{"@type":"BreadcrumbList","@id":"https:\/\/sadyba.turul.com.ua\/contact-us-2\/#breadcrumb","itemListElement":[{"@type":"ListItem","position":1,"name":"Home","item":"https:\/\/sadyba.turul.com.ua\/"},{"@type":"ListItem","position":2,"name":"\u041a\u041e\u041d\u0422\u0410\u041a\u0422\u0418"}]},{"@type":"WebSite","@id":"https:\/\/sadyba.turul.com.ua\/#website","url":"https:\/\/sadyba.turul.com.ua\/","name":"\u041f\u0430\u043d\u0441\u0438\u043e\u043d\u0430\u0442 \u201c\u041b\u0435\u0441\u043d\u043e\u0439\u201d","description":"\u043c. \u0411\u0435\u0440\u0435\u0433\u043e\u0432\u043e, \u0432\u0443\u043b. \u041a\u043e\u0440\u044f\u0442\u043e\u0432\u0438\u0447\u0430, 2\u0432","publisher":{"@id":"https:\/\/sadyba.turul.com.ua\/#\/schema\/person\/03cfa440c9908cca177ff44d86c1c8b5"},"potentialAction":[{"@type":"SearchAction","target":{"@type":"EntryPoint","urlTemplate":"https:\/\/sadyba.turul.com.ua\/?s={search_term_string}"},"query-input":{"@type":"PropertyValueSpecification","valueRequired":true,"valueName":"search_term_string"}}],"inLanguage":"hu"},{"@type":["Person","Organization"],"@id":"https:\/\/sadyba.turul.com.ua\/#\/schema\/person\/03cfa440c9908cca177ff44d86c1c8b5","name":"admin","image":{"@type":"ImageObject","inLanguage":"hu","@id":"https:\/\/sadyba.turul.com.ua\/#\/schema\/person\/image\/","url":"https:\/\/secure.gravatar.com\/avatar\/a3c7ca7efa8af314d203ed87af503ad17ead2ab38382d788534f149364cea795?s=96&d=mm&r=g","contentUrl":"https:\/\/secure.gravatar.com\/avatar\/a3c7ca7efa8af314d203ed87af503ad17ead2ab38382d788534f149364cea795?s=96&d=mm&r=g","caption":"admin"},"logo":{"@id":"https:\/\/sadyba.turul.com.ua\/#\/schema\/person\/image\/"},"sameAs":["https:\/\/paradise.od.ua\/"]}]}},"_links":{"self":[{"href":"https:\/\/sadyba.turul.com.ua\/hu\/wp-json\/wp\/v2\/pages\/2466","targetHints":{"allow":["GET"]}}],"collection":[{"href":"https:\/\/sadyba.turul.com.ua\/hu\/wp-json\/wp\/v2\/pages"}],"about":[{"href":"https:\/\/sadyba.turul.com.ua\/hu\/wp-json\/wp\/v2\/types\/page"}],"author":[{"embeddable":true,"href":"https:\/\/sadyba.turul.com.ua\/hu\/wp-json\/wp\/v2\/users\/1"}],"replies":[{"embeddable":true,"href":"https:\/\/sadyba.turul.com.ua\/hu\/wp-json\/wp\/v2\/comments?post=2466"}],"version-history":[{"count":1,"href":"https:\/\/sadyba.turul.com.ua\/hu\/wp-json\/wp\/v2\/pages\/2466\/revisions"}],"predecessor-version":[{"id":16086,"href":"https:\/\/sadyba.turul.com.ua\/hu\/wp-json\/wp\/v2\/pages\/2466\/revisions\/16086"}],"wp:attachment":[{"href":"https:\/\/sadyba.turul.com.ua\/hu\/wp-json\/wp\/v2\/media?parent=2466"}],"curies":[{"name":"wp","href":"https:\/\/api.w.org\/{rel}","templated":true}]}}