{"id":7100,"date":"2021-01-12T22:58:24","date_gmt":"2021-01-12T22:58:24","guid":{"rendered":"https:\/\/21.pms.pp.ua\/?page_id=7100"},"modified":"2023-03-22T10:51:44","modified_gmt":"2023-03-22T08:51:44","slug":"ceni","status":"publish","type":"page","link":"https:\/\/sadyba.turul.com.ua\/hu\/ceni\/","title":{"rendered":"KIAD\u00c1S - KIR\u00c1NDUL\u00c1SOK"},"content":{"rendered":"<div data-elementor-type=\"wp-page\" data-elementor-id=\"7100\" class=\"elementor elementor-7100\" data-elementor-settings=\"[]\">\n\t\t\t\t\t\t<div class=\"elementor-inner\">\n\t\t\t\t\t\t\t<div class=\"elementor-section-wrap\">\n\t\t\t\t\t\t\t<section class=\"elementor-section elementor-top-section elementor-element elementor-element-1127e25b elementor-section-full_width elementor-section-height-default elementor-section-height-default\" data-id=\"1127e25b\" data-element_type=\"section\">\n\t\t\t\t\t\t\t<div class=\"elementor-background-overlay\"><\/div>\n\t\t\t\t\t\t\t<div class=\"elementor-container elementor-column-gap-default\">\n\t\t\t\t\t\t\t<div class=\"elementor-row\">\n\t\t\t\t\t<div class=\"elementor-column elementor-col-100 elementor-top-column elementor-element elementor-element-5a043c1f\" data-id=\"5a043c1f\" data-element_type=\"column\">\n\t\t\t<div class=\"elementor-column-wrap elementor-element-populated\">\n\t\t\t\t\t\t\t<div class=\"elementor-widget-wrap\">\n\t\t\t\t\t\t<div class=\"elementor-element elementor-element-29b59ccc elementor-widget elementor-widget-text-editor\" data-id=\"29b59ccc\" data-element_type=\"widget\" data-widget_type=\"text-editor.default\">\n\t\t\t\t<div class=\"elementor-widget-container\">\n\t\t\t\t\t\t\t\t<div class=\"elementor-text-editor elementor-clearfix\">\n\t\t\t\t<div id=\"column-wrap-id-1613384926846\" class=\"sppb-col-md-3 sppp-column-vertical-align\"><div id=\"column-id-1613384926846\" class=\"sppb-column sppb-align-items-top\"><div class=\"sppb-column-addons\"><div id=\"sppb-addon-wrapper-1613384926847\" class=\"sppb-addon-wrapper\"><div id=\"sppb-addon-1613384926847\" class=\"clearfix\"><div class=\"sppb-addon sppb-addon-header sppb-text-center\"><section class=\"elementor-section elementor-top-section elementor-element elementor-element-3a36824 elementor-section-stretched elementor-section-full_width elementor-section-height-default elementor-section-height-default animated fadeInUp\" data-particle_enable=\"false\" data-particle-mobile-disabled=\"false\" data-id=\"3a36824\" data-element_type=\"section\" data-settings=\"{\"><div class=\"elementor-container elementor-column-gap-default\"><div class=\"elementor-column elementor-col-100 elementor-top-column elementor-element elementor-element-d65af1b\" data-id=\"d65af1b\" data-element_type=\"column\"><div class=\"elementor-widget-wrap elementor-element-populated\"><div class=\"elementor-element elementor-element-2862178 elementor-arrows-position-outside elementor-widget-mobile__width-auto elementor-widget elementor-widget-image-carousel\" data-id=\"2862178\" data-element_type=\"widget\" data-settings=\"{\" data-widget_type=\"image-carousel.default\"><div class=\"elementor-widget-container\"><div class=\"elementor-image-carousel-wrapper swiper-container\" dir=\"ltr\"><div class=\"elementor-image-carousel swiper-wrapper\"><div class=\"swiper-slide\">\u00a0<\/div><\/div><\/div><\/div><\/div><\/div><\/div><\/div><\/section><\/div><\/div><\/div><\/div><\/div><\/div><div><h2 class=\"text-center ng-binding\"><strong><span style=\"color: #003300;\">Nevytskyi kast\u00e9ly<\/span><\/strong><\/h2><div class=\"ng-binding\"><article><span style=\"color: #003300;\">Ungv\u00e1rt\u00f3l 12 km-re, Nyevecke \u00e9s Kamianica falvak k\u00f6zel\u00e9ben tal\u00e1lhat\u00f3. A kast\u00e9ly egy hegyre \u00e9p\u00fclt, amelyre a feljut\u00e1s el\u00e9g meredek, de egyben izgalmas is. Hiszen negyven percig kanyarg\u00f3s \u00faton kell m\u00e1szni egy ritk\u00e1s erd\u0151ben. \u00c1ll\u00edt\u00f3lag a k\u00f6z\u00e9pkorban egy bevehetetlen er\u0151dben, egy 260 m\u00e9teres hegy magass\u00e1g\u00e1ban temett\u00e9k el a fiatal menyasszonyokat. Innen a n\u00e9v \u2013 Menyasszonyv\u00e1r, Menyasszonyv\u00e1r. A kast\u00e9lyban 2006 nyara \u00f3ta minden \u00e9vben megrendezik az esk\u00fcv\u0151i szertart\u00e1sok sz\u00ednh\u00e1zi \u00fcnneps\u00e9g\u00e9t \u2013 \u201eNyevickij kast\u00e9ly \u2013 Menyasszonyv\u00e1r\u201d, melynek sor\u00e1n az udvarl\u00e1si folyamatokat eleven\u00edtik fel, esk\u00fcv\u0151i dalokat \u00e9nekelnek \u00e9s hagyom\u00e1nyos n\u00e9pi \u00e9teleket szolg\u00e1lnak fel.<\/span><\/article><article><\/article><article><img decoding=\"async\" src=\"http:\/\/www.turul.com.ua\/img\/excursions\/NZ-2.jpg\" \/><\/article><\/div><\/div><div><h2 class=\"text-center ng-binding\"><strong><span style=\"color: #003300;\">Munk\u00e1cs v\u00e1ra \"Palanok\"<\/span><\/strong><\/h2><div class=\"ng-binding\"><article><span style=\"color: #003300;\">Palanok k\u00fclv\u00e1ros\u00e1ban, Munk\u00e1cs mellett, a s\u00edks\u00e1g k\u00f6zep\u00e9n nem lehet nem \u00e9szrevenni a V\u00e1rhegyet, amelyet egy \u0151si k\u00f6z\u00e9pkori v\u00e1r tornyai koron\u00e1zzanak. A munk\u00e1csi kast\u00e9ly t\u00f6rt\u00e9nete sor\u00e1n sok mindenen ment kereszt\u00fcl, fenn\u00e1ll\u00e1s\u00e1nak hossz\u00fa \u00e9vsz\u00e1zadai sor\u00e1n k\u00fcl\u00f6nb\u00f6z\u0151 m\u00f3don v\u00e1ltozott a sorsa. A k\u00f6z\u00e9pkorban egy bevehetetlen er\u0151d dics\u0151s\u00e9ge szil\u00e1rdan megszil\u00e1rdult m\u00f6g\u00f6tte, a birtokl\u00e1si jog\u00e9rt, amelyr\u0151l sz\u00e1mos herceg \u00e9s kir\u00e1ly vitatkozott. A t\u00f6rt\u00e9nelem egy m\u00e1sik id\u0151szak\u00e1ban az Osztr\u00e1k Birodalom legs\u00f6t\u00e9tebb b\u00f6rt\u00f6nek\u00e9nt szerzett h\u00edrnevet. A kast\u00e9lyt pedig ma is kedvelt \u00e9p\u00edt\u00e9szeti \u00e9s t\u00f6rt\u00e9nelmi m\u0171eml\u00e9kk\u00e9nt ismerik, a Munk\u00e1cs-pal\u00e1nki v\u00e1r, amely a k\u00edm\u00e9letlen id\u0151k \u00e9s a t\u00f6rt\u00e9nelmi viszontags\u00e1gok ellen\u00e9re tov\u00e1bbra is \u00e9rdekli a turist\u00e1kat \u00e9s az ismeretlens\u00e9g kedvel\u0151it.Sok legenda ismert, amely hossz\u00fa id\u0151n kereszt\u00fcl k\u00f6r\u00fclvette a v\u00e1rat sz\u00e1zadi fenn\u00e1ll\u00e1s\u00e1nak \u00e9v\u00e9ben.. \u00c1ll\u00edt\u00e1suk szerint Zamkova Gora k\u00f6rny\u00e9k\u00e9n a XVI. m\u00e9ly viz\u0171 \u00e1rkot \u00e1stak, amelyet a Latoritsa foly\u00f3 t\u00f6lt\u00f6tt be. A 17. sz\u00e1zadban a vizes\u00e1rkot t\u00f6lgyfa pal\u00e1nkkal is meger\u0151s\u00edtett\u00e9k - Palanka. Emiatt a Palanok n\u00e9v a mai napig megmaradt, a k\u00f6zkedvelt m\u00e9lyk\u00fat l\u00e9trehoz\u00e1s\u00e1r\u00f3l sz\u00f3l\u00f3 t\u00f6rt\u00e9net mellett a v\u00e1r a hossz\u00fa f\u00f6ldalatti j\u00e1ratair\u00f3l is h\u00edres volt. Az egyik legenda szerint egyszer v\u00e9letlen\u00fcl egy kacsa ker\u00fclt a k\u00fatba, \u00e9s kider\u00fclt, hogy k\u00e9s\u0151bb a Latoritsa foly\u00f3n vett\u00e9k \u00e9szre. Hiszen a kast\u00e9ly \u00e9p\u00edt\u00e9se sor\u00e1n mindent olyan alaposan \u00e1tgondoltak, hogy m\u00e9g a k\u00fatb\u00f3l is kijutott a foly\u00f3ba, \u00e9s a v\u00e1rv\u00e9d\u0151knek, \u00e9ppen a k\u00fatnak k\u00f6sz\u00f6nhet\u0151en, siker\u00fclt kapcsolatot tartaniuk a k\u00fclvil\u00e1ggal a hossz\u00fa id\u0151 alatt. az ostrom napjai. A legend\u00e1k szerint a pal\u00e1nki v\u00e1rban a f\u00f6ldalatti \u00e1tj\u00e1r\u00f3k olyan hossz\u00faak, hogy lovas kocsival Erd\u00e9ly b\u00e1rmely kast\u00e9ly\u00e1ba, de ak\u00e1r a Svjatmikolai kolostorba is eljuthat.<\/span><\/article><article><\/article><article><img decoding=\"async\" src=\"http:\/\/www.turul.com.ua\/img\/excursions\/Pal-2.JPG\" \/><\/article><article><h2 class=\"text-center ng-binding\"><strong><span style=\"color: #003300;\">Ungv\u00e1ri v\u00e1r<\/span><\/strong><\/h2><div class=\"ng-binding\"><article><span style=\"color: #003300;\">Ungv\u00e1r v\u00e1ros k\u00f6zpontj\u00e1ban, a Zamkova Gor\u00e1n tal\u00e1lhat\u00f3, \u00e9s K\u00e1rp\u00e1talja legr\u00e9gebbi b\u00e1stya t\u00edpus\u00fa er\u0151d\u00edtm\u00e9nye. Ungv\u00e1r v\u00e1ros elnevez\u00e9se az Ungv\u00e1ri v\u00e1rr\u00f3l (foly\u00f3parti v\u00e1r) ered. A 20. sz\u00e1zad elej\u00e9n a v\u00e1ros nev\u00e9t szl\u00e1v Ungv\u00e1rra v\u00e1ltoztatta, az ungv\u00e1ri er\u0151dr\u0151l egy nagyon \u00e9rdekes legenda sz\u00f3l. Egyszer r\u00e9gen egy lengyel nemes, aki elhat\u00e1rozta, hogy megh\u00f3d\u00edtja a v\u00e1rat, k\u00f3bor lovagnak \u00e1lc\u00e1zta mag\u00e1t, \u00e9s az er\u0151dh\u00f6z \u00e9rkezett. A fiatal lengyelben megcsod\u00e1lva a kast\u00e9ly tulajdonos\u00e1nak l\u00e1nya beleszeretett, \u00e9s elmes\u00e9lte a titkos \u00e1tj\u00e1r\u00f3t, melynek titk\u00e1t csak a tulajdonos rokonai tudt\u00e1k. Sajnos a nemest leleplezt\u00e9k \u00e9s kiv\u00e9gezt\u00e9k, majd amikor a l\u00e1ny \u00e1rul\u00e1s\u00e1r\u00f3l kider\u00fclt, \u00e9desapja \u00e9lve a v\u00e1rfalba temette el, maga a kast\u00e9ly szab\u00e1lytalan n\u00e9gysz\u00f6g alakban \u00e9p\u00fclt, sarkain b\u00e1sty\u00e1kkal, amelyek f\u00f6l\u00e9 magasodnak. a t\u00f6bbi \u00e9p\u00fclet \u00e1ltal\u00e1nos szintje. Az ungv\u00e1ri v\u00e1r termeiben ma m\u00fazeumi gy\u0171jtem\u00e9ny tal\u00e1lhat\u00f3: fegyverek, \u00e9kszerek, \u00e9rm\u00e9k stb. kort\u00e1rs h\u00e1ztart\u00e1si cikkek.<\/span><\/article><article><\/article><article><img decoding=\"async\" src=\"http:\/\/www.turul.com.ua\/img\/excursions\/Uz-2.jpg\" \/><\/article><\/div><\/article><\/div><\/div>\t\t\t\t\t<\/div>\n\t\t\t\t\t\t<\/div>\n\t\t\t\t<\/div>\n\t\t\t\t\t\t<\/div>\n\t\t\t\t\t<\/div>\n\t\t<\/div>\n\t\t\t\t\t\t\t\t<\/div>\n\t\t\t\t\t<\/div>\n\t\t<\/section>\n\t\t\t\t\t\t<\/div>\n\t\t\t\t\t\t<\/div>\n\t\t\t\t\t<\/div>","protected":false},"excerpt":{"rendered":"<p>\u00a0 \u041d\u0435\u0432\u0438\u0446\u044c\u043a\u0438\u0439 \u0437\u0430\u043c\u043e\u043a P\u043e\u0437\u0442\u0430\u0448\u043e\u0432\u0430\u043d\u0438\u0439 \u0443 12 \u043a\u043c \u0432\u0456\u0434 \u0423\u0436\u0433\u043e\u0440\u043e\u0434\u0430, \u043f\u043e\u0440\u044f\u0434 \u0456\u0437 \u0441\u0435\u043b\u0430\u043c\u0438 \u041d\u0435\u0432\u0438\u0446\u044c\u043a\u0435 \u0439 \u041a\u0430\u043c\u2019\u044f\u043d\u0438\u0446\u044f. \u041f\u043e\u0431\u0443\u0434\u043e\u0432\u0430\u043d\u0438\u0439 \u0437\u0430\u043c\u043e\u043a \u043d\u0430 \u0433\u043e\u0440\u0456, \u043f\u0456\u0434\u0439\u043e\u043c \u043d\u0430 \u044f\u043a\u0443 \u0434\u043e\u0441\u0442\u0430\u0442\u043d\u044c\u043e \u043a\u0440\u0443\u0442\u0438\u0439, \u0449\u043e\u043f\u0440\u0430\u0432\u0434\u0430 \u0456 \u0437\u0430\u0445\u043e\u043f\u043b\u044e\u044e\u0447\u0438\u0439. \u0410\u0434\u0436\u0435 \u043f\u0440\u043e\u0442\u044f\u0433\u043e\u043c \u0441\u043e\u0440\u043e\u043a\u0430 \u0445\u0432\u0438\u043b\u0438\u043d \u0434\u043e\u0432\u043e\u0434\u0438\u0442\u044c\u0441\u044f \u043f\u0456\u0434\u043d\u0456\u043c\u0430\u0442\u0438\u0441\u044c \u0443 \u043d\u0435\u0433\u0443\u0441\u0442\u043e\u043c\u0443 \u043b\u0456\u0441\u0456 \u0437\u0430\u043a\u0440\u0443\u0447\u0435\u043d\u043e\u044e \u0434\u043e\u0440\u043e\u0433\u043e\u044e. \u041a\u0430\u0436\u0443\u0442\u044c , \u0449\u043e \u0437\u0430 \u0447\u0430\u0441\u0456\u0432 \u0441\u0435\u0440\u0435\u0434\u043d\u044c\u043e\u0432\u0456\u0447\u0447\u044f, \u0443 \u043d\u0435\u043f\u0440\u0438\u0441\u0442\u0443\u043f\u043d\u0456\u0439 \u0444\u043e\u0440\u0442\u0435\u0446\u0456, \u043d\u0430 \u0432\u0438\u0441\u043e\u0442\u0456 260-\u043c\u0435\u0442\u0440\u043e\u0432\u043e\u0457 \u0433\u043e\u0440\u0438, \u0445\u043e\u0432\u0430\u043b\u0438 \u043c\u043e\u043b\u043e\u0434\u0438\u0445 \u043d\u0430\u0440\u0435\u0447\u0435\u043d\u0438\u0445. \u0417\u0432\u0456\u0434\u0441\u0438 [&hellip;]<\/p>","protected":false},"author":1,"featured_media":0,"parent":0,"menu_order":0,"comment_status":"closed","ping_status":"closed","template":"","meta":{"_monsterinsights_skip_tracking":false,"_monsterinsights_sitenote_active":false,"_monsterinsights_sitenote_note":"","_monsterinsights_sitenote_category":0,"footnotes":""},"class_list":["post-7100","page","type-page","status-publish","hentry"],"yoast_head":"<!-- This site is optimized with the Yoast SEO plugin v26.9 - https:\/\/yoast.com\/product\/yoast-seo-wordpress\/ -->\n<title>\u0412\u0406\u0414\u041f\u041e\u0427\u0418\u041d\u041e\u041a- \u0415\u041a\u0421\u041a\u0423\u0420\u0421\u0406\u0407 - \u0421\u0410\u0414\u0418\u0411\u0410 \u0422\u0423\u0420\u0423\u041b \u0411\u0415\u0420\u0415\u0413\u041e\u0412\u041e<\/title>\n<meta name=\"robots\" content=\"index, follow, max-snippet:-1, max-image-preview:large, max-video-preview:-1\" \/>\n<link rel=\"canonical\" href=\"https:\/\/sadyba.turul.com.ua\/hu\/ceni\/\" \/>\n<meta property=\"og:locale\" content=\"hu_HU\" \/>\n<meta property=\"og:type\" content=\"article\" \/>\n<meta property=\"og:title\" content=\"\u0412\u0406\u0414\u041f\u041e\u0427\u0418\u041d\u041e\u041a- \u0415\u041a\u0421\u041a\u0423\u0420\u0421\u0406\u0407 - \u0421\u0410\u0414\u0418\u0411\u0410 \u0422\u0423\u0420\u0423\u041b \u0411\u0415\u0420\u0415\u0413\u041e\u0412\u041e\" \/>\n<meta property=\"og:description\" content=\"\u00a0 \u041d\u0435\u0432\u0438\u0446\u044c\u043a\u0438\u0439 \u0437\u0430\u043c\u043e\u043a P\u043e\u0437\u0442\u0430\u0448\u043e\u0432\u0430\u043d\u0438\u0439 \u0443 12 \u043a\u043c \u0432\u0456\u0434 \u0423\u0436\u0433\u043e\u0440\u043e\u0434\u0430, \u043f\u043e\u0440\u044f\u0434 \u0456\u0437 \u0441\u0435\u043b\u0430\u043c\u0438 \u041d\u0435\u0432\u0438\u0446\u044c\u043a\u0435 \u0439 \u041a\u0430\u043c\u2019\u044f\u043d\u0438\u0446\u044f. \u041f\u043e\u0431\u0443\u0434\u043e\u0432\u0430\u043d\u0438\u0439 \u0437\u0430\u043c\u043e\u043a \u043d\u0430 \u0433\u043e\u0440\u0456, \u043f\u0456\u0434\u0439\u043e\u043c \u043d\u0430 \u044f\u043a\u0443 \u0434\u043e\u0441\u0442\u0430\u0442\u043d\u044c\u043e \u043a\u0440\u0443\u0442\u0438\u0439, \u0449\u043e\u043f\u0440\u0430\u0432\u0434\u0430 \u0456 \u0437\u0430\u0445\u043e\u043f\u043b\u044e\u044e\u0447\u0438\u0439. \u0410\u0434\u0436\u0435 \u043f\u0440\u043e\u0442\u044f\u0433\u043e\u043c \u0441\u043e\u0440\u043e\u043a\u0430 \u0445\u0432\u0438\u043b\u0438\u043d \u0434\u043e\u0432\u043e\u0434\u0438\u0442\u044c\u0441\u044f \u043f\u0456\u0434\u043d\u0456\u043c\u0430\u0442\u0438\u0441\u044c \u0443 \u043d\u0435\u0433\u0443\u0441\u0442\u043e\u043c\u0443 \u043b\u0456\u0441\u0456 \u0437\u0430\u043a\u0440\u0443\u0447\u0435\u043d\u043e\u044e \u0434\u043e\u0440\u043e\u0433\u043e\u044e. \u041a\u0430\u0436\u0443\u0442\u044c , \u0449\u043e \u0437\u0430 \u0447\u0430\u0441\u0456\u0432 \u0441\u0435\u0440\u0435\u0434\u043d\u044c\u043e\u0432\u0456\u0447\u0447\u044f, \u0443 \u043d\u0435\u043f\u0440\u0438\u0441\u0442\u0443\u043f\u043d\u0456\u0439 \u0444\u043e\u0440\u0442\u0435\u0446\u0456, \u043d\u0430 \u0432\u0438\u0441\u043e\u0442\u0456 260-\u043c\u0435\u0442\u0440\u043e\u0432\u043e\u0457 \u0433\u043e\u0440\u0438, \u0445\u043e\u0432\u0430\u043b\u0438 \u043c\u043e\u043b\u043e\u0434\u0438\u0445 \u043d\u0430\u0440\u0435\u0447\u0435\u043d\u0438\u0445. \u0417\u0432\u0456\u0434\u0441\u0438 [&hellip;]\" \/>\n<meta property=\"og:url\" content=\"https:\/\/sadyba.turul.com.ua\/hu\/ceni\/\" \/>\n<meta property=\"og:site_name\" content=\"\u0421\u0410\u0414\u0418\u0411\u0410 \u0422\u0423\u0420\u0423\u041b \u0411\u0415\u0420\u0415\u0413\u041e\u0412\u041e\" \/>\n<meta property=\"article:modified_time\" content=\"2023-03-22T08:51:44+00:00\" \/>\n<meta property=\"og:image\" content=\"http:\/\/www.turul.com.ua\/img\/excursions\/NZ-2.jpg\" \/>\n<meta name=\"twitter:card\" content=\"summary_large_image\" \/>\n<meta name=\"twitter:label1\" content=\"Becs\u00fclt olvas\u00e1si id\u0151\" \/>\n\t<meta name=\"twitter:data1\" content=\"1 perc\" \/>\n<script type=\"application\/ld+json\" class=\"yoast-schema-graph\">{\"@context\":\"https:\/\/schema.org\",\"@graph\":[{\"@type\":\"WebPage\",\"@id\":\"https:\/\/sadyba.turul.com.ua\/ceni\/\",\"url\":\"https:\/\/sadyba.turul.com.ua\/ceni\/\",\"name\":\"\u0412\u0406\u0414\u041f\u041e\u0427\u0418\u041d\u041e\u041a- \u0415\u041a\u0421\u041a\u0423\u0420\u0421\u0406\u0407 - \u0421\u0410\u0414\u0418\u0411\u0410 \u0422\u0423\u0420\u0423\u041b \u0411\u0415\u0420\u0415\u0413\u041e\u0412\u041e\",\"isPartOf\":{\"@id\":\"https:\/\/sadyba.turul.com.ua\/#website\"},\"primaryImageOfPage\":{\"@id\":\"https:\/\/sadyba.turul.com.ua\/ceni\/#primaryimage\"},\"image\":{\"@id\":\"https:\/\/sadyba.turul.com.ua\/ceni\/#primaryimage\"},\"thumbnailUrl\":\"http:\/\/www.turul.com.ua\/img\/excursions\/NZ-2.jpg\",\"datePublished\":\"2021-01-12T22:58:24+00:00\",\"dateModified\":\"2023-03-22T08:51:44+00:00\",\"breadcrumb\":{\"@id\":\"https:\/\/sadyba.turul.com.ua\/ceni\/#breadcrumb\"},\"inLanguage\":\"hu\",\"potentialAction\":[{\"@type\":\"ReadAction\",\"target\":[\"https:\/\/sadyba.turul.com.ua\/ceni\/\"]}]},{\"@type\":\"ImageObject\",\"inLanguage\":\"hu\",\"@id\":\"https:\/\/sadyba.turul.com.ua\/ceni\/#primaryimage\",\"url\":\"http:\/\/www.turul.com.ua\/img\/excursions\/NZ-2.jpg\",\"contentUrl\":\"http:\/\/www.turul.com.ua\/img\/excursions\/NZ-2.jpg\"},{\"@type\":\"BreadcrumbList\",\"@id\":\"https:\/\/sadyba.turul.com.ua\/ceni\/#breadcrumb\",\"itemListElement\":[{\"@type\":\"ListItem\",\"position\":1,\"name\":\"Home\",\"item\":\"https:\/\/sadyba.turul.com.ua\/\"},{\"@type\":\"ListItem\",\"position\":2,\"name\":\"\u0412\u0406\u0414\u041f\u041e\u0427\u0418\u041d\u041e\u041a- \u0415\u041a\u0421\u041a\u0423\u0420\u0421\u0406\u0407\"}]},{\"@type\":\"WebSite\",\"@id\":\"https:\/\/sadyba.turul.com.ua\/#website\",\"url\":\"https:\/\/sadyba.turul.com.ua\/\",\"name\":\"\u041f\u0430\u043d\u0441\u0438\u043e\u043d\u0430\u0442 \u201c\u041b\u0435\u0441\u043d\u043e\u0439\u201d\",\"description\":\"\u043c. \u0411\u0435\u0440\u0435\u0433\u043e\u0432\u043e, \u0432\u0443\u043b. \u041a\u043e\u0440\u044f\u0442\u043e\u0432\u0438\u0447\u0430, 2\u0432\",\"publisher\":{\"@id\":\"https:\/\/sadyba.turul.com.ua\/#\/schema\/person\/03cfa440c9908cca177ff44d86c1c8b5\"},\"potentialAction\":[{\"@type\":\"SearchAction\",\"target\":{\"@type\":\"EntryPoint\",\"urlTemplate\":\"https:\/\/sadyba.turul.com.ua\/?s={search_term_string}\"},\"query-input\":{\"@type\":\"PropertyValueSpecification\",\"valueRequired\":true,\"valueName\":\"search_term_string\"}}],\"inLanguage\":\"hu\"},{\"@type\":[\"Person\",\"Organization\"],\"@id\":\"https:\/\/sadyba.turul.com.ua\/#\/schema\/person\/03cfa440c9908cca177ff44d86c1c8b5\",\"name\":\"admin\",\"image\":{\"@type\":\"ImageObject\",\"inLanguage\":\"hu\",\"@id\":\"https:\/\/sadyba.turul.com.ua\/#\/schema\/person\/image\/\",\"url\":\"https:\/\/secure.gravatar.com\/avatar\/a3c7ca7efa8af314d203ed87af503ad17ead2ab38382d788534f149364cea795?s=96&d=mm&r=g\",\"contentUrl\":\"https:\/\/secure.gravatar.com\/avatar\/a3c7ca7efa8af314d203ed87af503ad17ead2ab38382d788534f149364cea795?s=96&d=mm&r=g\",\"caption\":\"admin\"},\"logo\":{\"@id\":\"https:\/\/sadyba.turul.com.ua\/#\/schema\/person\/image\/\"},\"sameAs\":[\"https:\/\/paradise.od.ua\/\"]}]}<\/script>\n<!-- \/ Yoast SEO plugin. -->","yoast_head_json":{"title":"\u0412\u0406\u0414\u041f\u041e\u0427\u0418\u041d\u041e\u041a- \u0415\u041a\u0421\u041a\u0423\u0420\u0421\u0406\u0407 - \u0421\u0410\u0414\u0418\u0411\u0410 \u0422\u0423\u0420\u0423\u041b \u0411\u0415\u0420\u0415\u0413\u041e\u0412\u041e","robots":{"index":"index","follow":"follow","max-snippet":"max-snippet:-1","max-image-preview":"max-image-preview:large","max-video-preview":"max-video-preview:-1"},"canonical":"https:\/\/sadyba.turul.com.ua\/hu\/ceni\/","og_locale":"hu_HU","og_type":"article","og_title":"\u0412\u0406\u0414\u041f\u041e\u0427\u0418\u041d\u041e\u041a- \u0415\u041a\u0421\u041a\u0423\u0420\u0421\u0406\u0407 - \u0421\u0410\u0414\u0418\u0411\u0410 \u0422\u0423\u0420\u0423\u041b \u0411\u0415\u0420\u0415\u0413\u041e\u0412\u041e","og_description":"\u00a0 \u041d\u0435\u0432\u0438\u0446\u044c\u043a\u0438\u0439 \u0437\u0430\u043c\u043e\u043a P\u043e\u0437\u0442\u0430\u0448\u043e\u0432\u0430\u043d\u0438\u0439 \u0443 12 \u043a\u043c \u0432\u0456\u0434 \u0423\u0436\u0433\u043e\u0440\u043e\u0434\u0430, \u043f\u043e\u0440\u044f\u0434 \u0456\u0437 \u0441\u0435\u043b\u0430\u043c\u0438 \u041d\u0435\u0432\u0438\u0446\u044c\u043a\u0435 \u0439 \u041a\u0430\u043c\u2019\u044f\u043d\u0438\u0446\u044f. \u041f\u043e\u0431\u0443\u0434\u043e\u0432\u0430\u043d\u0438\u0439 \u0437\u0430\u043c\u043e\u043a \u043d\u0430 \u0433\u043e\u0440\u0456, \u043f\u0456\u0434\u0439\u043e\u043c \u043d\u0430 \u044f\u043a\u0443 \u0434\u043e\u0441\u0442\u0430\u0442\u043d\u044c\u043e \u043a\u0440\u0443\u0442\u0438\u0439, \u0449\u043e\u043f\u0440\u0430\u0432\u0434\u0430 \u0456 \u0437\u0430\u0445\u043e\u043f\u043b\u044e\u044e\u0447\u0438\u0439. \u0410\u0434\u0436\u0435 \u043f\u0440\u043e\u0442\u044f\u0433\u043e\u043c \u0441\u043e\u0440\u043e\u043a\u0430 \u0445\u0432\u0438\u043b\u0438\u043d \u0434\u043e\u0432\u043e\u0434\u0438\u0442\u044c\u0441\u044f \u043f\u0456\u0434\u043d\u0456\u043c\u0430\u0442\u0438\u0441\u044c \u0443 \u043d\u0435\u0433\u0443\u0441\u0442\u043e\u043c\u0443 \u043b\u0456\u0441\u0456 \u0437\u0430\u043a\u0440\u0443\u0447\u0435\u043d\u043e\u044e \u0434\u043e\u0440\u043e\u0433\u043e\u044e. \u041a\u0430\u0436\u0443\u0442\u044c , \u0449\u043e \u0437\u0430 \u0447\u0430\u0441\u0456\u0432 \u0441\u0435\u0440\u0435\u0434\u043d\u044c\u043e\u0432\u0456\u0447\u0447\u044f, \u0443 \u043d\u0435\u043f\u0440\u0438\u0441\u0442\u0443\u043f\u043d\u0456\u0439 \u0444\u043e\u0440\u0442\u0435\u0446\u0456, \u043d\u0430 \u0432\u0438\u0441\u043e\u0442\u0456 260-\u043c\u0435\u0442\u0440\u043e\u0432\u043e\u0457 \u0433\u043e\u0440\u0438, \u0445\u043e\u0432\u0430\u043b\u0438 \u043c\u043e\u043b\u043e\u0434\u0438\u0445 \u043d\u0430\u0440\u0435\u0447\u0435\u043d\u0438\u0445. \u0417\u0432\u0456\u0434\u0441\u0438 [&hellip;]","og_url":"https:\/\/sadyba.turul.com.ua\/hu\/ceni\/","og_site_name":"\u0421\u0410\u0414\u0418\u0411\u0410 \u0422\u0423\u0420\u0423\u041b \u0411\u0415\u0420\u0415\u0413\u041e\u0412\u041e","article_modified_time":"2023-03-22T08:51:44+00:00","og_image":[{"url":"http:\/\/www.turul.com.ua\/img\/excursions\/NZ-2.jpg","type":"","width":"","height":""}],"twitter_card":"summary_large_image","twitter_misc":{"Becs\u00fclt olvas\u00e1si id\u0151":"1 perc"},"schema":{"@context":"https:\/\/schema.org","@graph":[{"@type":"WebPage","@id":"https:\/\/sadyba.turul.com.ua\/ceni\/","url":"https:\/\/sadyba.turul.com.ua\/ceni\/","name":"\u0412\u0406\u0414\u041f\u041e\u0427\u0418\u041d\u041e\u041a- \u0415\u041a\u0421\u041a\u0423\u0420\u0421\u0406\u0407 - \u0421\u0410\u0414\u0418\u0411\u0410 \u0422\u0423\u0420\u0423\u041b \u0411\u0415\u0420\u0415\u0413\u041e\u0412\u041e","isPartOf":{"@id":"https:\/\/sadyba.turul.com.ua\/#website"},"primaryImageOfPage":{"@id":"https:\/\/sadyba.turul.com.ua\/ceni\/#primaryimage"},"image":{"@id":"https:\/\/sadyba.turul.com.ua\/ceni\/#primaryimage"},"thumbnailUrl":"http:\/\/www.turul.com.ua\/img\/excursions\/NZ-2.jpg","datePublished":"2021-01-12T22:58:24+00:00","dateModified":"2023-03-22T08:51:44+00:00","breadcrumb":{"@id":"https:\/\/sadyba.turul.com.ua\/ceni\/#breadcrumb"},"inLanguage":"hu","potentialAction":[{"@type":"ReadAction","target":["https:\/\/sadyba.turul.com.ua\/ceni\/"]}]},{"@type":"ImageObject","inLanguage":"hu","@id":"https:\/\/sadyba.turul.com.ua\/ceni\/#primaryimage","url":"http:\/\/www.turul.com.ua\/img\/excursions\/NZ-2.jpg","contentUrl":"http:\/\/www.turul.com.ua\/img\/excursions\/NZ-2.jpg"},{"@type":"BreadcrumbList","@id":"https:\/\/sadyba.turul.com.ua\/ceni\/#breadcrumb","itemListElement":[{"@type":"ListItem","position":1,"name":"Home","item":"https:\/\/sadyba.turul.com.ua\/"},{"@type":"ListItem","position":2,"name":"\u0412\u0406\u0414\u041f\u041e\u0427\u0418\u041d\u041e\u041a- \u0415\u041a\u0421\u041a\u0423\u0420\u0421\u0406\u0407"}]},{"@type":"WebSite","@id":"https:\/\/sadyba.turul.com.ua\/#website","url":"https:\/\/sadyba.turul.com.ua\/","name":"\u041f\u0430\u043d\u0441\u0438\u043e\u043d\u0430\u0442 \u201c\u041b\u0435\u0441\u043d\u043e\u0439\u201d","description":"\u043c. \u0411\u0435\u0440\u0435\u0433\u043e\u0432\u043e, \u0432\u0443\u043b. \u041a\u043e\u0440\u044f\u0442\u043e\u0432\u0438\u0447\u0430, 2\u0432","publisher":{"@id":"https:\/\/sadyba.turul.com.ua\/#\/schema\/person\/03cfa440c9908cca177ff44d86c1c8b5"},"potentialAction":[{"@type":"SearchAction","target":{"@type":"EntryPoint","urlTemplate":"https:\/\/sadyba.turul.com.ua\/?s={search_term_string}"},"query-input":{"@type":"PropertyValueSpecification","valueRequired":true,"valueName":"search_term_string"}}],"inLanguage":"hu"},{"@type":["Person","Organization"],"@id":"https:\/\/sadyba.turul.com.ua\/#\/schema\/person\/03cfa440c9908cca177ff44d86c1c8b5","name":"admin","image":{"@type":"ImageObject","inLanguage":"hu","@id":"https:\/\/sadyba.turul.com.ua\/#\/schema\/person\/image\/","url":"https:\/\/secure.gravatar.com\/avatar\/a3c7ca7efa8af314d203ed87af503ad17ead2ab38382d788534f149364cea795?s=96&d=mm&r=g","contentUrl":"https:\/\/secure.gravatar.com\/avatar\/a3c7ca7efa8af314d203ed87af503ad17ead2ab38382d788534f149364cea795?s=96&d=mm&r=g","caption":"admin"},"logo":{"@id":"https:\/\/sadyba.turul.com.ua\/#\/schema\/person\/image\/"},"sameAs":["https:\/\/paradise.od.ua\/"]}]}},"_links":{"self":[{"href":"https:\/\/sadyba.turul.com.ua\/hu\/wp-json\/wp\/v2\/pages\/7100","targetHints":{"allow":["GET"]}}],"collection":[{"href":"https:\/\/sadyba.turul.com.ua\/hu\/wp-json\/wp\/v2\/pages"}],"about":[{"href":"https:\/\/sadyba.turul.com.ua\/hu\/wp-json\/wp\/v2\/types\/page"}],"author":[{"embeddable":true,"href":"https:\/\/sadyba.turul.com.ua\/hu\/wp-json\/wp\/v2\/users\/1"}],"replies":[{"embeddable":true,"href":"https:\/\/sadyba.turul.com.ua\/hu\/wp-json\/wp\/v2\/comments?post=7100"}],"version-history":[{"count":9,"href":"https:\/\/sadyba.turul.com.ua\/hu\/wp-json\/wp\/v2\/pages\/7100\/revisions"}],"predecessor-version":[{"id":16142,"href":"https:\/\/sadyba.turul.com.ua\/hu\/wp-json\/wp\/v2\/pages\/7100\/revisions\/16142"}],"wp:attachment":[{"href":"https:\/\/sadyba.turul.com.ua\/hu\/wp-json\/wp\/v2\/media?parent=7100"}],"curies":[{"name":"wp","href":"https:\/\/api.w.org\/{rel}","templated":true}]}}