{"id":7100,"date":"2021-01-12T22:58:24","date_gmt":"2021-01-12T22:58:24","guid":{"rendered":"https:\/\/21.pms.pp.ua\/?page_id=7100"},"modified":"2023-03-22T10:51:44","modified_gmt":"2023-03-22T08:51:44","slug":"ceni","status":"publish","type":"page","link":"https:\/\/sadyba.turul.com.ua\/pl\/ceni\/","title":{"rendered":"REKREACJA - WYCIECZKI"},"content":{"rendered":"<div data-elementor-type=\"wp-page\" data-elementor-id=\"7100\" class=\"elementor elementor-7100\" data-elementor-settings=\"[]\">\n\t\t\t\t\t\t<div class=\"elementor-inner\">\n\t\t\t\t\t\t\t<div class=\"elementor-section-wrap\">\n\t\t\t\t\t\t\t<section class=\"elementor-section elementor-top-section elementor-element elementor-element-1127e25b elementor-section-full_width elementor-section-height-default elementor-section-height-default\" data-id=\"1127e25b\" data-element_type=\"section\">\n\t\t\t\t\t\t\t<div class=\"elementor-background-overlay\"><\/div>\n\t\t\t\t\t\t\t<div class=\"elementor-container elementor-column-gap-default\">\n\t\t\t\t\t\t\t<div class=\"elementor-row\">\n\t\t\t\t\t<div class=\"elementor-column elementor-col-100 elementor-top-column elementor-element elementor-element-5a043c1f\" data-id=\"5a043c1f\" data-element_type=\"column\">\n\t\t\t<div class=\"elementor-column-wrap elementor-element-populated\">\n\t\t\t\t\t\t\t<div class=\"elementor-widget-wrap\">\n\t\t\t\t\t\t<div class=\"elementor-element elementor-element-29b59ccc elementor-widget elementor-widget-text-editor\" data-id=\"29b59ccc\" data-element_type=\"widget\" data-widget_type=\"text-editor.default\">\n\t\t\t\t<div class=\"elementor-widget-container\">\n\t\t\t\t\t\t\t\t<div class=\"elementor-text-editor elementor-clearfix\">\n\t\t\t\t<div id=\"column-wrap-id-1613384926846\" class=\"sppb-col-md-3 sppp-column-vertical-align\"><div id=\"column-id-1613384926846\" class=\"sppb-column sppb-align-items-top\"><div class=\"sppb-column-addons\"><div id=\"sppb-addon-wrapper-1613384926847\" class=\"sppb-addon-wrapper\"><div id=\"sppb-addon-1613384926847\" class=\"clearfix\"><div class=\"sppb-addon sppb-addon-header sppb-text-center\"><section class=\"elementor-section elementor-top-section elementor-element elementor-element-3a36824 elementor-section-stretched elementor-section-full_width elementor-section-height-default elementor-section-height-default animated fadeInUp\" data-particle_enable=\"false\" data-particle-mobile-disabled=\"false\" data-id=\"3a36824\" data-element_type=\"section\" data-settings=\"{\"><div class=\"elementor-container elementor-column-gap-default\"><div class=\"elementor-column elementor-col-100 elementor-top-column elementor-element elementor-element-d65af1b\" data-id=\"d65af1b\" data-element_type=\"column\"><div class=\"elementor-widget-wrap elementor-element-populated\"><div class=\"elementor-element elementor-element-2862178 elementor-arrows-position-outside elementor-widget-mobile__width-auto elementor-widget elementor-widget-image-carousel\" data-id=\"2862178\" data-element_type=\"widget\" data-settings=\"{\" data-widget_type=\"image-carousel.default\"><div class=\"elementor-widget-container\"><div class=\"elementor-image-carousel-wrapper swiper-container\" dir=\"ltr\"><div class=\"elementor-image-carousel swiper-wrapper\"><div class=\"swiper-slide\">\u00a0<\/div><\/div><\/div><\/div><\/div><\/div><\/div><\/div><\/section><\/div><\/div><\/div><\/div><\/div><\/div><div><h2 class=\"text-center ng-binding\"><strong><span style=\"color: #003300;\">Zamek Newycki<\/span><\/strong><\/h2><div class=\"ng-binding\"><article><span style=\"color: #003300;\">Znajduje si\u0119 12 km od U\u017chorodu, w pobli\u017cu wsi Nevytske i Kamianitsa. Zamek zosta\u0142 zbudowany na g\u00f3rze, na kt\u00f3r\u0105 wej\u015bcie jest do\u015b\u0107 strome, ale te\u017c fascynuj\u0105ce. W ko\u0144cu przez czterdzie\u015bci minut trzeba si\u0119 wspina\u0107 kr\u0119t\u0105 drog\u0105 w rzadkim lesie. M\u00f3wi si\u0119, \u017ce w \u015bredniowieczu w niezdobytej twierdzy na wysoko\u015bci 260-metrowej g\u00f3ry chowano m\u0142ode panny m\u0142ode. St\u0105d nazwa - Zamek Panny M\u0142odej, Zamek Panny M\u0142odej Od lata 2006 roku zamek organizuje coroczne teatralne obchody obrz\u0119d\u00f3w weselnych - \"Zamek Niewycki - Zamek Panny M\u0142odej\", podczas kt\u00f3rego odtwarzane s\u0105 procesy zalot\u00f3w, \u015bpiewane s\u0105 pie\u015bni weselne i tradycyjne serwowane s\u0105 potrawy ludowe.<\/span><\/article><article><\/article><article><img decoding=\"async\" src=\"http:\/\/www.turul.com.ua\/img\/excursions\/NZ-2.jpg\" \/><\/article><\/div><\/div><div><h2 class=\"text-center ng-binding\"><strong><span style=\"color: #003300;\">Zamek Mukaczewo \u201ePalanok\u201d<\/span><\/strong><\/h2><div class=\"ng-binding\"><article><span style=\"color: #003300;\">Na przedmie\u015bciu Palanok, niedaleko Mukaczewa, po\u015brodku r\u00f3wniny, nie spos\u00f3b nie zauwa\u017cy\u0107 G\u00f3ry Zamkowej, zwie\u0144czonej wie\u017cami staro\u017cytnego \u015bredniowiecznego zamku. W swojej historii zamek w Mukaczewie przeszed\u0142 wiele, jego losy zmienia\u0142y si\u0119 na r\u00f3\u017cne sposoby na przestrzeni d\u0142ugich wiek\u00f3w jego istnienia. W \u015bredniowieczu ugruntowa\u0142a si\u0119 za nim chwa\u0142a niezdobytej twierdzy, o prawo do posiadania, kt\u00f3rego bronili liczni ksi\u0105\u017c\u0119ta i kr\u00f3lowie. W innym okresie historii zyska\u0142o s\u0142aw\u0119 najciemniejszego wi\u0119zienia w Cesarstwie Austriackim. A dzi\u015b zamek znany jest jako popularny zabytek architektoniczny i historyczny Zamek Mukaczewo Palanok, kt\u00f3ry mimo bezlitosnego czasu i historycznych perypetii wci\u0105\u017c nie przestaje interesowa\u0107 turyst\u00f3w i mi\u0142o\u015bnik\u00f3w nieznanego.Wiadomo wiele legend, kt\u00f3re otacza\u0142y zamek przez d\u0142ugi czas lat jego istnienia, twierdz\u0105, \u017ce w okolicach Zamkowej G\u00f3ry w XVI wieku. wykopano g\u0142\u0119boki r\u00f3w wodny wype\u0142niony rzek\u0105 Latoritsa. w XVII wieku fosa zosta\u0142a dodatkowo ufortyfikowana palisad\u0105 d\u0119bow\u0105 - Palanka. Dlatego nazwa Palanok przetrwa\u0142a do dzi\u015b.Opr\u00f3cz popularnej opowie\u015bci o powstaniu studni g\u0142\u0119binowej zamek s\u0142yn\u0105\u0142 r\u00f3wnie\u017c z d\u0142ugich podziemnych przej\u015b\u0107. Wed\u0142ug jednej z legend, kiedy\u015b przypadkowo wrzucono do studni kaczk\u0119, a p\u00f3\u017aniej okaza\u0142o si\u0119, \u017ce zosta\u0142a zauwa\u017cona nad rzek\u0105 Latoritsa. Wszak\u017ce podczas budowy zamku wszystko by\u0142o tak starannie przemy\u015blane, \u017ce nawet studnia mia\u0142a dost\u0119p do rzeki, a obro\u0144cy zamku w\u0142a\u015bnie dzi\u0119ki studni zdo\u0142ali utrzyma\u0107 kontakt ze \u015bwiatem zewn\u0119trznym przez d\u0142ugi czas. dni obl\u0119\u017cenia. Legendy g\u0142osz\u0105, \u017ce podziemne przej\u015bcia w zamku Palanok s\u0105 tak d\u0142ugie, \u017ce bryczk\u0105 mo\u017cna by\u0142o dojecha\u0107 do ka\u017cdego zamku w Siedmiogrodzie, a nawet do klasztoru Sviatmikolai.<\/span><\/article><article><\/article><article><img decoding=\"async\" src=\"http:\/\/www.turul.com.ua\/img\/excursions\/Pal-2.JPG\" \/><\/article><article><h2 class=\"text-center ng-binding\"><strong><span style=\"color: #003300;\">Zamek U\u017chorod<\/span><\/strong><\/h2><div class=\"ng-binding\"><article><span style=\"color: #003300;\">Znajduje si\u0119 w centrum miasta U\u017cgorod, na Zamkowej G\u00f3rze i jest najstarsz\u0105 fortec\u0105 bastionow\u0105 na Zakarpaciu. Nazwa miasta U\u017chorod pochodzi od zamku Ungvar (zamek na rzece). Na pocz\u0105tku XX wieku miasto zmieni\u0142o nazw\u0119 na s\u0142owia\u0144ski U\u017chorod.O twierdzy U\u017chorod kr\u0105\u017cy bardzo ciekawa legenda. Dawno, dawno temu pewien polski szlachcic, kt\u00f3ry postanowi\u0142 zdoby\u0107 zamek, przebra\u0142 si\u0119 za b\u0142\u0119dnego rycerza i przyby\u0142 do twierdzy. C\u00f3rka w\u0142a\u015bciciela zamku, podziwiaj\u0105c m\u0142odego Polaka, zakocha\u0142a si\u0119 w nim i opowiedzia\u0142a o sekretnym przej\u015bciu, kt\u00f3rego tajemnic\u0119 znali tylko krewni w\u0142a\u015bciciela. Niestety szlachcic zosta\u0142 zdemaskowany i stracony, a gdy wysz\u0142o na jaw o zdradzie dziewczyny, ojciec zakopa\u0142 j\u0105 \u017cywcem w murze zamkowym.Sam zamek zbudowany jest na planie nieregularnego czworoboku z basztami w naro\u017cach, kt\u00f3re wznosz\u0105 si\u0119 ponad og\u00f3lny poziom pozosta\u0142ych budynk\u00f3w. Dzi\u015b w salach zamku w U\u017cgorodzie znajduj\u0105 si\u0119 zbiory muzealne broni, bi\u017cuterii, monet itp. wsp\u00f3\u0142czesne artyku\u0142y gospodarstwa domowego.<\/span><\/article><article><\/article><article><img decoding=\"async\" src=\"http:\/\/www.turul.com.ua\/img\/excursions\/Uz-2.jpg\" \/><\/article><\/div><\/article><\/div><\/div>\t\t\t\t\t<\/div>\n\t\t\t\t\t\t<\/div>\n\t\t\t\t<\/div>\n\t\t\t\t\t\t<\/div>\n\t\t\t\t\t<\/div>\n\t\t<\/div>\n\t\t\t\t\t\t\t\t<\/div>\n\t\t\t\t\t<\/div>\n\t\t<\/section>\n\t\t\t\t\t\t<\/div>\n\t\t\t\t\t\t<\/div>\n\t\t\t\t\t<\/div>","protected":false},"excerpt":{"rendered":"<p>\u00a0 \u041d\u0435\u0432\u0438\u0446\u044c\u043a\u0438\u0439 \u0437\u0430\u043c\u043e\u043a P\u043e\u0437\u0442\u0430\u0448\u043e\u0432\u0430\u043d\u0438\u0439 \u0443 12 \u043a\u043c \u0432\u0456\u0434 \u0423\u0436\u0433\u043e\u0440\u043e\u0434\u0430, \u043f\u043e\u0440\u044f\u0434 \u0456\u0437 \u0441\u0435\u043b\u0430\u043c\u0438 \u041d\u0435\u0432\u0438\u0446\u044c\u043a\u0435 \u0439 \u041a\u0430\u043c\u2019\u044f\u043d\u0438\u0446\u044f. \u041f\u043e\u0431\u0443\u0434\u043e\u0432\u0430\u043d\u0438\u0439 \u0437\u0430\u043c\u043e\u043a \u043d\u0430 \u0433\u043e\u0440\u0456, \u043f\u0456\u0434\u0439\u043e\u043c \u043d\u0430 \u044f\u043a\u0443 \u0434\u043e\u0441\u0442\u0430\u0442\u043d\u044c\u043e \u043a\u0440\u0443\u0442\u0438\u0439, \u0449\u043e\u043f\u0440\u0430\u0432\u0434\u0430 \u0456 \u0437\u0430\u0445\u043e\u043f\u043b\u044e\u044e\u0447\u0438\u0439. \u0410\u0434\u0436\u0435 \u043f\u0440\u043e\u0442\u044f\u0433\u043e\u043c \u0441\u043e\u0440\u043e\u043a\u0430 \u0445\u0432\u0438\u043b\u0438\u043d \u0434\u043e\u0432\u043e\u0434\u0438\u0442\u044c\u0441\u044f \u043f\u0456\u0434\u043d\u0456\u043c\u0430\u0442\u0438\u0441\u044c \u0443 \u043d\u0435\u0433\u0443\u0441\u0442\u043e\u043c\u0443 \u043b\u0456\u0441\u0456 \u0437\u0430\u043a\u0440\u0443\u0447\u0435\u043d\u043e\u044e \u0434\u043e\u0440\u043e\u0433\u043e\u044e. \u041a\u0430\u0436\u0443\u0442\u044c , \u0449\u043e \u0437\u0430 \u0447\u0430\u0441\u0456\u0432 \u0441\u0435\u0440\u0435\u0434\u043d\u044c\u043e\u0432\u0456\u0447\u0447\u044f, \u0443 \u043d\u0435\u043f\u0440\u0438\u0441\u0442\u0443\u043f\u043d\u0456\u0439 \u0444\u043e\u0440\u0442\u0435\u0446\u0456, \u043d\u0430 \u0432\u0438\u0441\u043e\u0442\u0456 260-\u043c\u0435\u0442\u0440\u043e\u0432\u043e\u0457 \u0433\u043e\u0440\u0438, \u0445\u043e\u0432\u0430\u043b\u0438 \u043c\u043e\u043b\u043e\u0434\u0438\u0445 \u043d\u0430\u0440\u0435\u0447\u0435\u043d\u0438\u0445. \u0417\u0432\u0456\u0434\u0441\u0438 [&hellip;]<\/p>","protected":false},"author":1,"featured_media":0,"parent":0,"menu_order":0,"comment_status":"closed","ping_status":"closed","template":"","meta":{"_monsterinsights_skip_tracking":false,"_monsterinsights_sitenote_active":false,"_monsterinsights_sitenote_note":"","_monsterinsights_sitenote_category":0,"footnotes":""},"class_list":["post-7100","page","type-page","status-publish","hentry"],"yoast_head":"<!-- This site is optimized with the Yoast SEO plugin v26.9 - https:\/\/yoast.com\/product\/yoast-seo-wordpress\/ -->\n<title>\u0412\u0406\u0414\u041f\u041e\u0427\u0418\u041d\u041e\u041a- \u0415\u041a\u0421\u041a\u0423\u0420\u0421\u0406\u0407 - \u0421\u0410\u0414\u0418\u0411\u0410 \u0422\u0423\u0420\u0423\u041b \u0411\u0415\u0420\u0415\u0413\u041e\u0412\u041e<\/title>\n<meta name=\"robots\" content=\"index, follow, max-snippet:-1, max-image-preview:large, max-video-preview:-1\" \/>\n<link rel=\"canonical\" href=\"https:\/\/sadyba.turul.com.ua\/pl\/ceni\/\" \/>\n<meta property=\"og:locale\" content=\"pl_PL\" \/>\n<meta property=\"og:type\" content=\"article\" \/>\n<meta property=\"og:title\" content=\"\u0412\u0406\u0414\u041f\u041e\u0427\u0418\u041d\u041e\u041a- \u0415\u041a\u0421\u041a\u0423\u0420\u0421\u0406\u0407 - \u0421\u0410\u0414\u0418\u0411\u0410 \u0422\u0423\u0420\u0423\u041b \u0411\u0415\u0420\u0415\u0413\u041e\u0412\u041e\" \/>\n<meta property=\"og:description\" content=\"\u00a0 \u041d\u0435\u0432\u0438\u0446\u044c\u043a\u0438\u0439 \u0437\u0430\u043c\u043e\u043a P\u043e\u0437\u0442\u0430\u0448\u043e\u0432\u0430\u043d\u0438\u0439 \u0443 12 \u043a\u043c \u0432\u0456\u0434 \u0423\u0436\u0433\u043e\u0440\u043e\u0434\u0430, \u043f\u043e\u0440\u044f\u0434 \u0456\u0437 \u0441\u0435\u043b\u0430\u043c\u0438 \u041d\u0435\u0432\u0438\u0446\u044c\u043a\u0435 \u0439 \u041a\u0430\u043c\u2019\u044f\u043d\u0438\u0446\u044f. \u041f\u043e\u0431\u0443\u0434\u043e\u0432\u0430\u043d\u0438\u0439 \u0437\u0430\u043c\u043e\u043a \u043d\u0430 \u0433\u043e\u0440\u0456, \u043f\u0456\u0434\u0439\u043e\u043c \u043d\u0430 \u044f\u043a\u0443 \u0434\u043e\u0441\u0442\u0430\u0442\u043d\u044c\u043e \u043a\u0440\u0443\u0442\u0438\u0439, \u0449\u043e\u043f\u0440\u0430\u0432\u0434\u0430 \u0456 \u0437\u0430\u0445\u043e\u043f\u043b\u044e\u044e\u0447\u0438\u0439. \u0410\u0434\u0436\u0435 \u043f\u0440\u043e\u0442\u044f\u0433\u043e\u043c \u0441\u043e\u0440\u043e\u043a\u0430 \u0445\u0432\u0438\u043b\u0438\u043d \u0434\u043e\u0432\u043e\u0434\u0438\u0442\u044c\u0441\u044f \u043f\u0456\u0434\u043d\u0456\u043c\u0430\u0442\u0438\u0441\u044c \u0443 \u043d\u0435\u0433\u0443\u0441\u0442\u043e\u043c\u0443 \u043b\u0456\u0441\u0456 \u0437\u0430\u043a\u0440\u0443\u0447\u0435\u043d\u043e\u044e \u0434\u043e\u0440\u043e\u0433\u043e\u044e. \u041a\u0430\u0436\u0443\u0442\u044c , \u0449\u043e \u0437\u0430 \u0447\u0430\u0441\u0456\u0432 \u0441\u0435\u0440\u0435\u0434\u043d\u044c\u043e\u0432\u0456\u0447\u0447\u044f, \u0443 \u043d\u0435\u043f\u0440\u0438\u0441\u0442\u0443\u043f\u043d\u0456\u0439 \u0444\u043e\u0440\u0442\u0435\u0446\u0456, \u043d\u0430 \u0432\u0438\u0441\u043e\u0442\u0456 260-\u043c\u0435\u0442\u0440\u043e\u0432\u043e\u0457 \u0433\u043e\u0440\u0438, \u0445\u043e\u0432\u0430\u043b\u0438 \u043c\u043e\u043b\u043e\u0434\u0438\u0445 \u043d\u0430\u0440\u0435\u0447\u0435\u043d\u0438\u0445. \u0417\u0432\u0456\u0434\u0441\u0438 [&hellip;]\" \/>\n<meta property=\"og:url\" content=\"https:\/\/sadyba.turul.com.ua\/pl\/ceni\/\" \/>\n<meta property=\"og:site_name\" content=\"\u0421\u0410\u0414\u0418\u0411\u0410 \u0422\u0423\u0420\u0423\u041b \u0411\u0415\u0420\u0415\u0413\u041e\u0412\u041e\" \/>\n<meta property=\"article:modified_time\" content=\"2023-03-22T08:51:44+00:00\" \/>\n<meta property=\"og:image\" content=\"http:\/\/www.turul.com.ua\/img\/excursions\/NZ-2.jpg\" \/>\n<meta name=\"twitter:card\" content=\"summary_large_image\" \/>\n<meta name=\"twitter:label1\" content=\"Szacowany czas czytania\" \/>\n\t<meta name=\"twitter:data1\" content=\"1 minuta\" \/>\n<script type=\"application\/ld+json\" class=\"yoast-schema-graph\">{\"@context\":\"https:\/\/schema.org\",\"@graph\":[{\"@type\":\"WebPage\",\"@id\":\"https:\/\/sadyba.turul.com.ua\/ceni\/\",\"url\":\"https:\/\/sadyba.turul.com.ua\/ceni\/\",\"name\":\"\u0412\u0406\u0414\u041f\u041e\u0427\u0418\u041d\u041e\u041a- \u0415\u041a\u0421\u041a\u0423\u0420\u0421\u0406\u0407 - \u0421\u0410\u0414\u0418\u0411\u0410 \u0422\u0423\u0420\u0423\u041b \u0411\u0415\u0420\u0415\u0413\u041e\u0412\u041e\",\"isPartOf\":{\"@id\":\"https:\/\/sadyba.turul.com.ua\/#website\"},\"primaryImageOfPage\":{\"@id\":\"https:\/\/sadyba.turul.com.ua\/ceni\/#primaryimage\"},\"image\":{\"@id\":\"https:\/\/sadyba.turul.com.ua\/ceni\/#primaryimage\"},\"thumbnailUrl\":\"http:\/\/www.turul.com.ua\/img\/excursions\/NZ-2.jpg\",\"datePublished\":\"2021-01-12T22:58:24+00:00\",\"dateModified\":\"2023-03-22T08:51:44+00:00\",\"breadcrumb\":{\"@id\":\"https:\/\/sadyba.turul.com.ua\/ceni\/#breadcrumb\"},\"inLanguage\":\"pl-PL\",\"potentialAction\":[{\"@type\":\"ReadAction\",\"target\":[\"https:\/\/sadyba.turul.com.ua\/ceni\/\"]}]},{\"@type\":\"ImageObject\",\"inLanguage\":\"pl-PL\",\"@id\":\"https:\/\/sadyba.turul.com.ua\/ceni\/#primaryimage\",\"url\":\"http:\/\/www.turul.com.ua\/img\/excursions\/NZ-2.jpg\",\"contentUrl\":\"http:\/\/www.turul.com.ua\/img\/excursions\/NZ-2.jpg\"},{\"@type\":\"BreadcrumbList\",\"@id\":\"https:\/\/sadyba.turul.com.ua\/ceni\/#breadcrumb\",\"itemListElement\":[{\"@type\":\"ListItem\",\"position\":1,\"name\":\"Home\",\"item\":\"https:\/\/sadyba.turul.com.ua\/\"},{\"@type\":\"ListItem\",\"position\":2,\"name\":\"\u0412\u0406\u0414\u041f\u041e\u0427\u0418\u041d\u041e\u041a- \u0415\u041a\u0421\u041a\u0423\u0420\u0421\u0406\u0407\"}]},{\"@type\":\"WebSite\",\"@id\":\"https:\/\/sadyba.turul.com.ua\/#website\",\"url\":\"https:\/\/sadyba.turul.com.ua\/\",\"name\":\"\u041f\u0430\u043d\u0441\u0438\u043e\u043d\u0430\u0442 \u201c\u041b\u0435\u0441\u043d\u043e\u0439\u201d\",\"description\":\"\u043c. \u0411\u0435\u0440\u0435\u0433\u043e\u0432\u043e, \u0432\u0443\u043b. \u041a\u043e\u0440\u044f\u0442\u043e\u0432\u0438\u0447\u0430, 2\u0432\",\"publisher\":{\"@id\":\"https:\/\/sadyba.turul.com.ua\/#\/schema\/person\/03cfa440c9908cca177ff44d86c1c8b5\"},\"potentialAction\":[{\"@type\":\"SearchAction\",\"target\":{\"@type\":\"EntryPoint\",\"urlTemplate\":\"https:\/\/sadyba.turul.com.ua\/?s={search_term_string}\"},\"query-input\":{\"@type\":\"PropertyValueSpecification\",\"valueRequired\":true,\"valueName\":\"search_term_string\"}}],\"inLanguage\":\"pl-PL\"},{\"@type\":[\"Person\",\"Organization\"],\"@id\":\"https:\/\/sadyba.turul.com.ua\/#\/schema\/person\/03cfa440c9908cca177ff44d86c1c8b5\",\"name\":\"admin\",\"image\":{\"@type\":\"ImageObject\",\"inLanguage\":\"pl-PL\",\"@id\":\"https:\/\/sadyba.turul.com.ua\/#\/schema\/person\/image\/\",\"url\":\"https:\/\/secure.gravatar.com\/avatar\/a3c7ca7efa8af314d203ed87af503ad17ead2ab38382d788534f149364cea795?s=96&d=mm&r=g\",\"contentUrl\":\"https:\/\/secure.gravatar.com\/avatar\/a3c7ca7efa8af314d203ed87af503ad17ead2ab38382d788534f149364cea795?s=96&d=mm&r=g\",\"caption\":\"admin\"},\"logo\":{\"@id\":\"https:\/\/sadyba.turul.com.ua\/#\/schema\/person\/image\/\"},\"sameAs\":[\"https:\/\/paradise.od.ua\/\"]}]}<\/script>\n<!-- \/ Yoast SEO plugin. -->","yoast_head_json":{"title":"\u0412\u0406\u0414\u041f\u041e\u0427\u0418\u041d\u041e\u041a- \u0415\u041a\u0421\u041a\u0423\u0420\u0421\u0406\u0407 - \u0421\u0410\u0414\u0418\u0411\u0410 \u0422\u0423\u0420\u0423\u041b \u0411\u0415\u0420\u0415\u0413\u041e\u0412\u041e","robots":{"index":"index","follow":"follow","max-snippet":"max-snippet:-1","max-image-preview":"max-image-preview:large","max-video-preview":"max-video-preview:-1"},"canonical":"https:\/\/sadyba.turul.com.ua\/pl\/ceni\/","og_locale":"pl_PL","og_type":"article","og_title":"\u0412\u0406\u0414\u041f\u041e\u0427\u0418\u041d\u041e\u041a- \u0415\u041a\u0421\u041a\u0423\u0420\u0421\u0406\u0407 - \u0421\u0410\u0414\u0418\u0411\u0410 \u0422\u0423\u0420\u0423\u041b \u0411\u0415\u0420\u0415\u0413\u041e\u0412\u041e","og_description":"\u00a0 \u041d\u0435\u0432\u0438\u0446\u044c\u043a\u0438\u0439 \u0437\u0430\u043c\u043e\u043a P\u043e\u0437\u0442\u0430\u0448\u043e\u0432\u0430\u043d\u0438\u0439 \u0443 12 \u043a\u043c \u0432\u0456\u0434 \u0423\u0436\u0433\u043e\u0440\u043e\u0434\u0430, \u043f\u043e\u0440\u044f\u0434 \u0456\u0437 \u0441\u0435\u043b\u0430\u043c\u0438 \u041d\u0435\u0432\u0438\u0446\u044c\u043a\u0435 \u0439 \u041a\u0430\u043c\u2019\u044f\u043d\u0438\u0446\u044f. \u041f\u043e\u0431\u0443\u0434\u043e\u0432\u0430\u043d\u0438\u0439 \u0437\u0430\u043c\u043e\u043a \u043d\u0430 \u0433\u043e\u0440\u0456, \u043f\u0456\u0434\u0439\u043e\u043c \u043d\u0430 \u044f\u043a\u0443 \u0434\u043e\u0441\u0442\u0430\u0442\u043d\u044c\u043e \u043a\u0440\u0443\u0442\u0438\u0439, \u0449\u043e\u043f\u0440\u0430\u0432\u0434\u0430 \u0456 \u0437\u0430\u0445\u043e\u043f\u043b\u044e\u044e\u0447\u0438\u0439. \u0410\u0434\u0436\u0435 \u043f\u0440\u043e\u0442\u044f\u0433\u043e\u043c \u0441\u043e\u0440\u043e\u043a\u0430 \u0445\u0432\u0438\u043b\u0438\u043d \u0434\u043e\u0432\u043e\u0434\u0438\u0442\u044c\u0441\u044f \u043f\u0456\u0434\u043d\u0456\u043c\u0430\u0442\u0438\u0441\u044c \u0443 \u043d\u0435\u0433\u0443\u0441\u0442\u043e\u043c\u0443 \u043b\u0456\u0441\u0456 \u0437\u0430\u043a\u0440\u0443\u0447\u0435\u043d\u043e\u044e \u0434\u043e\u0440\u043e\u0433\u043e\u044e. \u041a\u0430\u0436\u0443\u0442\u044c , \u0449\u043e \u0437\u0430 \u0447\u0430\u0441\u0456\u0432 \u0441\u0435\u0440\u0435\u0434\u043d\u044c\u043e\u0432\u0456\u0447\u0447\u044f, \u0443 \u043d\u0435\u043f\u0440\u0438\u0441\u0442\u0443\u043f\u043d\u0456\u0439 \u0444\u043e\u0440\u0442\u0435\u0446\u0456, \u043d\u0430 \u0432\u0438\u0441\u043e\u0442\u0456 260-\u043c\u0435\u0442\u0440\u043e\u0432\u043e\u0457 \u0433\u043e\u0440\u0438, \u0445\u043e\u0432\u0430\u043b\u0438 \u043c\u043e\u043b\u043e\u0434\u0438\u0445 \u043d\u0430\u0440\u0435\u0447\u0435\u043d\u0438\u0445. \u0417\u0432\u0456\u0434\u0441\u0438 [&hellip;]","og_url":"https:\/\/sadyba.turul.com.ua\/pl\/ceni\/","og_site_name":"\u0421\u0410\u0414\u0418\u0411\u0410 \u0422\u0423\u0420\u0423\u041b \u0411\u0415\u0420\u0415\u0413\u041e\u0412\u041e","article_modified_time":"2023-03-22T08:51:44+00:00","og_image":[{"url":"http:\/\/www.turul.com.ua\/img\/excursions\/NZ-2.jpg","type":"","width":"","height":""}],"twitter_card":"summary_large_image","twitter_misc":{"Szacowany czas czytania":"1 minuta"},"schema":{"@context":"https:\/\/schema.org","@graph":[{"@type":"WebPage","@id":"https:\/\/sadyba.turul.com.ua\/ceni\/","url":"https:\/\/sadyba.turul.com.ua\/ceni\/","name":"\u0412\u0406\u0414\u041f\u041e\u0427\u0418\u041d\u041e\u041a- \u0415\u041a\u0421\u041a\u0423\u0420\u0421\u0406\u0407 - \u0421\u0410\u0414\u0418\u0411\u0410 \u0422\u0423\u0420\u0423\u041b \u0411\u0415\u0420\u0415\u0413\u041e\u0412\u041e","isPartOf":{"@id":"https:\/\/sadyba.turul.com.ua\/#website"},"primaryImageOfPage":{"@id":"https:\/\/sadyba.turul.com.ua\/ceni\/#primaryimage"},"image":{"@id":"https:\/\/sadyba.turul.com.ua\/ceni\/#primaryimage"},"thumbnailUrl":"http:\/\/www.turul.com.ua\/img\/excursions\/NZ-2.jpg","datePublished":"2021-01-12T22:58:24+00:00","dateModified":"2023-03-22T08:51:44+00:00","breadcrumb":{"@id":"https:\/\/sadyba.turul.com.ua\/ceni\/#breadcrumb"},"inLanguage":"pl-PL","potentialAction":[{"@type":"ReadAction","target":["https:\/\/sadyba.turul.com.ua\/ceni\/"]}]},{"@type":"ImageObject","inLanguage":"pl-PL","@id":"https:\/\/sadyba.turul.com.ua\/ceni\/#primaryimage","url":"http:\/\/www.turul.com.ua\/img\/excursions\/NZ-2.jpg","contentUrl":"http:\/\/www.turul.com.ua\/img\/excursions\/NZ-2.jpg"},{"@type":"BreadcrumbList","@id":"https:\/\/sadyba.turul.com.ua\/ceni\/#breadcrumb","itemListElement":[{"@type":"ListItem","position":1,"name":"Home","item":"https:\/\/sadyba.turul.com.ua\/"},{"@type":"ListItem","position":2,"name":"\u0412\u0406\u0414\u041f\u041e\u0427\u0418\u041d\u041e\u041a- \u0415\u041a\u0421\u041a\u0423\u0420\u0421\u0406\u0407"}]},{"@type":"WebSite","@id":"https:\/\/sadyba.turul.com.ua\/#website","url":"https:\/\/sadyba.turul.com.ua\/","name":"\u041f\u0430\u043d\u0441\u0438\u043e\u043d\u0430\u0442 \u201c\u041b\u0435\u0441\u043d\u043e\u0439\u201d","description":"\u043c. \u0411\u0435\u0440\u0435\u0433\u043e\u0432\u043e, \u0432\u0443\u043b. \u041a\u043e\u0440\u044f\u0442\u043e\u0432\u0438\u0447\u0430, 2\u0432","publisher":{"@id":"https:\/\/sadyba.turul.com.ua\/#\/schema\/person\/03cfa440c9908cca177ff44d86c1c8b5"},"potentialAction":[{"@type":"SearchAction","target":{"@type":"EntryPoint","urlTemplate":"https:\/\/sadyba.turul.com.ua\/?s={search_term_string}"},"query-input":{"@type":"PropertyValueSpecification","valueRequired":true,"valueName":"search_term_string"}}],"inLanguage":"pl-PL"},{"@type":["Person","Organization"],"@id":"https:\/\/sadyba.turul.com.ua\/#\/schema\/person\/03cfa440c9908cca177ff44d86c1c8b5","name":"admin","image":{"@type":"ImageObject","inLanguage":"pl-PL","@id":"https:\/\/sadyba.turul.com.ua\/#\/schema\/person\/image\/","url":"https:\/\/secure.gravatar.com\/avatar\/a3c7ca7efa8af314d203ed87af503ad17ead2ab38382d788534f149364cea795?s=96&d=mm&r=g","contentUrl":"https:\/\/secure.gravatar.com\/avatar\/a3c7ca7efa8af314d203ed87af503ad17ead2ab38382d788534f149364cea795?s=96&d=mm&r=g","caption":"admin"},"logo":{"@id":"https:\/\/sadyba.turul.com.ua\/#\/schema\/person\/image\/"},"sameAs":["https:\/\/paradise.od.ua\/"]}]}},"_links":{"self":[{"href":"https:\/\/sadyba.turul.com.ua\/pl\/wp-json\/wp\/v2\/pages\/7100","targetHints":{"allow":["GET"]}}],"collection":[{"href":"https:\/\/sadyba.turul.com.ua\/pl\/wp-json\/wp\/v2\/pages"}],"about":[{"href":"https:\/\/sadyba.turul.com.ua\/pl\/wp-json\/wp\/v2\/types\/page"}],"author":[{"embeddable":true,"href":"https:\/\/sadyba.turul.com.ua\/pl\/wp-json\/wp\/v2\/users\/1"}],"replies":[{"embeddable":true,"href":"https:\/\/sadyba.turul.com.ua\/pl\/wp-json\/wp\/v2\/comments?post=7100"}],"version-history":[{"count":9,"href":"https:\/\/sadyba.turul.com.ua\/pl\/wp-json\/wp\/v2\/pages\/7100\/revisions"}],"predecessor-version":[{"id":16142,"href":"https:\/\/sadyba.turul.com.ua\/pl\/wp-json\/wp\/v2\/pages\/7100\/revisions\/16142"}],"wp:attachment":[{"href":"https:\/\/sadyba.turul.com.ua\/pl\/wp-json\/wp\/v2\/media?parent=7100"}],"curies":[{"name":"wp","href":"https:\/\/api.w.org\/{rel}","templated":true}]}}