{"id":7103,"date":"2021-01-12T23:02:13","date_gmt":"2021-01-12T23:02:13","guid":{"rendered":"https:\/\/21.pms.pp.ua\/?page_id=7103"},"modified":"2023-03-23T16:25:08","modified_gmt":"2023-03-23T14:25:08","slug":"onas","status":"publish","type":"page","link":"https:\/\/sadyba.turul.com.ua\/pl\/onas\/","title":{"rendered":"O NAS"},"content":{"rendered":"<div data-elementor-type=\"wp-page\" data-elementor-id=\"7103\" class=\"elementor elementor-7103\" data-elementor-settings=\"[]\">\n\t\t\t\t\t\t<div class=\"elementor-inner\">\n\t\t\t\t\t\t\t<div class=\"elementor-section-wrap\">\n\t\t\t\t\t\t\t<section class=\"elementor-section elementor-top-section elementor-element elementor-element-124f57c elementor-section-boxed elementor-section-height-default elementor-section-height-default\" data-id=\"124f57c\" data-element_type=\"section\">\n\t\t\t\t\t\t\t<div class=\"elementor-background-overlay\"><\/div>\n\t\t\t\t\t\t\t<div class=\"elementor-container elementor-column-gap-default\">\n\t\t\t\t\t\t\t<div class=\"elementor-row\">\n\t\t\t\t\t<div class=\"elementor-column elementor-col-100 elementor-top-column elementor-element elementor-element-1d95df7c\" data-id=\"1d95df7c\" data-element_type=\"column\">\n\t\t\t<div class=\"elementor-column-wrap elementor-element-populated\">\n\t\t\t\t\t\t\t<div class=\"elementor-widget-wrap\">\n\t\t\t\t\t\t<div class=\"elementor-element elementor-element-548b6d0e elementor-widget elementor-widget-text-editor\" data-id=\"548b6d0e\" data-element_type=\"widget\" data-widget_type=\"text-editor.default\">\n\t\t\t\t<div class=\"elementor-widget-container\">\n\t\t\t\t\t\t\t\t<div class=\"elementor-text-editor elementor-clearfix\">\n\t\t\t\t<p><!-- wp:paragraph --><\/p>\n<h2 id=\"hotel-description-panel-content\" class=\"hotel_description_panel_content\"><span style=\"color: #003300;\"><strong>OSIEDLE \"TURUL\", BEREGOWO<\/strong><\/span><\/h2>\n<div id=\"hotel-description-panel-content\" class=\"hotel_description_panel_content\">\n<div class=\"elementor-element elementor-element-86bcfda elementor-widget elementor-widget-text-editor\" data-id=\"86bcfda\" data-element_type=\"widget\" data-widget_type=\"text-editor.default\">\n<div class=\"elementor-widget-container\">\n<div class=\"elementor-text-editor elementor-clearfix\">\n<div class=\"elementor-element elementor-element-86bcfda elementor-widget elementor-widget-text-editor\" data-id=\"86bcfda\" data-element_type=\"widget\" data-widget_type=\"text-editor.default\">\n<div class=\"elementor-widget-container\">\n<div class=\"elementor-text-editor elementor-clearfix\">\n<div>\n<p class=\"CDt4Ke zfr3Q\" dir=\"ltr\"><span style=\"color: #003300;\"><strong>\u0179r\u00f3d\u0142a termalne Berehowo s\u0105 popularnymi miejscami wypoczynku jesieni\u0105 i zim\u0105. Odwiedzaj\u0105 je tysi\u0105ce turyst\u00f3w z r\u00f3\u017cnych cz\u0119\u015bci Ukrainy. Og\u00f3lnie rzecz bior\u0105c, wody termalne Beregovo s\u0105 znane poza granicami kraju, a tury\u015bci przyje\u017cd\u017caj\u0105 tu z Europy i innych kraj\u00f3w<\/strong><strong>. Berehowe to znane uzdrowisko termalne na Zakarpaciu.<\/strong><\/span><\/p>\n<p><span style=\"color: #003300;\"><strong>Lecznicze wody termalne Berehowa.\u00a0<\/strong><strong>Wody Berehowskie<\/strong>\u00a0\u2013\u00a0<strong>krzem-azot-dwutlenek w\u0119gla-chlorek-s\u00f3d o wysokiej mineralizacji. Nawet zim\u0105 te podziemne \u017ar\u00f3d\u0142a nie och\u0142adzaj\u0105 si\u0119. S\u0105 m\u0119tne ze wzgl\u0119du na specyfik\u0119 sk\u0142adu chemicznego i s\u0105 stosowane w leczeniu chor\u00f3b sercowo-naczyniowych, artretyzmu, \u017cylak\u00f3w i osteochondrozy. Tak\u0105 rehabilitacj\u0119 mo\u017cna poleci\u0107 osobom po urazach ko\u015bci i mi\u0119\u015bni, ci\u0119\u017ckich lub mniej ci\u0119\u017ckich. Baseny termalne Berehovoy b\u0119d\u0105 r\u00f3wnie\u017c potrzebne, je\u015bli chcesz leczy\u0107 uk\u0142ad nerwowy<\/strong><strong>.<\/strong><\/span><\/p>\n<p><span style=\"color: #003300;\"><strong>G\u0142\u00f3wnymi atrakcjami turystycznymi Berehowa s\u0105 baseny termalne ze zmineralizowan\u0105 wod\u0105, kuchnia narodowa i degustacje win. Baseny termalne Berehowe s\u0105 otwarte przez ca\u0142y rok. Temperatura wody w basenach wynosi oko\u0142o 30 stopni Celsjusza. Lokalny w\u0119gierski smak, architektura, dobra obs\u0142uga w hotelach, wy\u015bmienita kuchnia i niskie ceny w restauracjach Berehowe czyni\u0105 miasto atrakcyjnym w oczach turyst\u00f3w.<\/strong><\/span><\/p>\n<article class=\"ng-binding\"><span style=\"color: #003300;\"><strong>Osiedle \u201eTurul\u201d znajduje si\u0119 w zakarpackim mie\u015bcie Beregovo. Po\u0142o\u017cenie osiedla z powodzeniem \u0142\u0105czy w sobie mo\u017cliwo\u015b\u0107 nie tylko wypoczynku, ale r\u00f3wnie\u017c dbania o zdrowie. W ko\u0144cu osiedle po\u0142o\u017cone jest 100 metr\u00f3w od centralnego basenu termalnego, znanego w ca\u0142ym kraju z wody leczniczej o wysokim stopniu mineralizacji i w\u0142a\u015bciwo\u015bciach leczniczych.<\/strong><\/span><\/article>\n<article class=\"ng-binding\"><span style=\"color: #003300;\"><strong>Sadyba \u201eTurul\u201d zosta\u0142o wybudowane w 2015 roku. Tutaj do Pa\u0144stwa dyspozycji oddajemy 5 komfortowych pokoi. Ka\u017cdy pok\u00f3j posiada w\u0142asn\u0105 minikuchni\u0119 wyposa\u017con\u0105 we wszystkie niezb\u0119dne sprz\u0119ty (lod\u00f3wka, kuchenka mikrofalowa, czajnik elektryczny, okap, p\u0142yta indukcyjna, minimalny komplet naczy\u0144).<\/strong><\/span><\/article>\n<article class=\"ng-binding\"><span style=\"color: #003300;\"><strong>Na najni\u017cszym pi\u0119trze dworku znajduje si\u0119 pok\u00f3j dla os\u00f3b z ograniczon\u0105 sprawno\u015bci\u0105 ruchow\u0105.<\/strong>\u00a0Ten poziom us\u0142ug nie jest dominuj\u0105cy na Ukrainie, wi\u0119c osoby, kt\u00f3re spotka\u0142y si\u0119 z wymienionym problemem, b\u0119d\u0105 mile zaskoczone mo\u017cliwo\u015bci\u0105 odpowiedniego wypoczynku, niezale\u017cnie od szczeg\u00f3lnej kondycji. Ka\u017cdy cz\u0142owiek ma prawo czu\u0107 si\u0119 komfortowo i przytulnie i nie nale\u017cy ogranicza\u0107 si\u0119 w rado\u015bciach \u017cycia. Do obs\u0142ugi takich go\u015bci przystosowana jest ca\u0142a sala, w kt\u00f3rej wygodnie jest nie tylko si\u0119 porusza\u0107, ale tak\u017ce korzysta\u0107 ze wszystkich zwyk\u0142ych, codziennych rzeczy. W \u0142azience tego pokoju wszystko jest r\u00f3wnie\u017c przemy\u015blane, aby osoba mog\u0142a s\u0142u\u017cy\u0107 sobie bez zb\u0119dnej pomocy z zewn\u0105trz.<\/span><\/article>\n<article class=\"ng-binding\"><span style=\"color: #003300;\"><strong>Na drugim pi\u0119trze dworku znajduj\u0105 si\u0119 2 pokoje. Ka\u017cdy z nich przeznaczony jest dla 2-3 os\u00f3b + dostawka.<\/strong><\/span><\/article>\n<article class=\"ng-binding\"><span style=\"color: #003300;\"><strong>A dwa pokoje na kolejnym trzecim pi\u0119trze, dzi\u0119ki ulepszonemu rozplanowaniu i wi\u0119kszej kubaturze, mog\u0105 pomie\u015bci\u0107 od 2 do 5 go\u015bci. Ka\u017cdy z tych pokoi posiada (dwa wygodne \u0142\u00f3\u017cka, kt\u00f3re mo\u017cna wysun\u0105\u0107 w razie potrzeby oraz parapet-sof\u0119, kt\u00f3ra mo\u017ce s\u0142u\u017cy\u0107 jako miejsce do spania, drugie miejsce do spania o standardowych wymiarach znajduje si\u0119 pod stropem poddasza plus monta\u017c dodatkowego pe\u0142nego \u0142\u00f3\u017cko).\u00a0<\/strong><\/span><\/article>\n<article class=\"ng-binding\"><span style=\"color: #003300;\">Bez wyj\u0105tku wszystkie pomieszczenia, salon-kuchnia wyko\u0144czone s\u0105 wysokiej jako\u015bci ekologicznie czyst\u0105 boazeri\u0105. Dzi\u0119ki specjalnej g\u0142\u0119bokiej obr\u00f3bce tej boazerii olejem lnianym mo\u017cna poczu\u0107 si\u0119 jak w przytulnym starym drewnianym domu. Dodatkowo wra\u017cenie to pot\u0119guj\u0105 meble z naturalnego drewna w ka\u017cdym pokoju. Aby stworzy\u0107 ekologiczn\u0105 atmosfer\u0119 w Dworku \u201eTurul\u201d, przewidziano, \u017ce ca\u0142a po\u015bciel, poduszki i koce wykonane s\u0105 z materia\u0142\u00f3w hipoalergicznych.<\/span><\/article>\n<article class=\"ng-binding\"><span style=\"color: #003300;\">Wszystkie pokoje wyposa\u017cone s\u0105 w oddzielne \u0142azienki i prysznice. Ponadto na dolnym pi\u0119trze znajduje si\u0119 sauna na podczerwie\u0144 i ma\u0142y basen.<\/span><\/article>\n<article class=\"ng-binding\"><span style=\"color: #003300;\">Ca\u0142y teren dworu jest ogrodzony, dost\u0119pne s\u0105 miejsca parkingowe (parking bezp\u0142atny). Do us\u0142ug og\u00f3lnodost\u0119pnych do dyspozycji go\u015bci jest r\u00f3wnie\u017c przytulna altana, grill i piaskownica dla dzieci na podw\u00f3rku (w kt\u00f3rym dost\u0119p kot\u00f3w domowych jest ograniczony).<\/span><\/article>\n<article class=\"ng-binding\"><span style=\"color: #003300;\">Trosk\u0119 o ka\u017cdego go\u015bcia czu\u0107 niemal we wszystkim, wn\u0119trza lokalu s\u0105 przemy\u015blane i harmonijne, a dodatkowe mo\u017cliwo\u015bci oferowane do u\u017cytku publicznego przemy\u015blane i harmonijne. Bo inaczej nie b\u0119dzie uczucia ciep\u0142a i go\u015bcinno\u015bci, aw dworku \u201eTurul\u201d to jedyny spos\u00f3b przyjmowania go\u015bci. Dlatego za ka\u017cdym razem, gdy przyjedziesz, mo\u017cesz by\u0107 pewien, \u017ce zostaniesz otoczony opiek\u0105.<\/span><\/article>\n<article><span style=\"color: #003300;\"><strong>A je\u015bli po\u0142\u0105czy\u0107 odpowiedni\u0105 obs\u0142ug\u0119 z malowniczym i naprawd\u0119 wyj\u0105tkowym terenem, luksusowymi krajobrazami, leczniczymi wodami, umiarkowanym klimatem i absolutnie czystym powietrzem, to ch\u0119\u0107 odwiedzenia tego magicznego miejsca jest tak nieodparta, \u017ce \u200b\u200btrzeba j\u0105 zrealizowa\u0107. I to jak najszybciej!<\/strong><\/span><\/article>\n<article><span style=\"color: #003300;\"><strong>Odwied\u017a nas, a na pewno b\u0119dziesz chcia\u0142 do nas wraca\u0107 nie raz!!!<\/strong><\/span><span style=\"color: #003300;\"><strong>\u00a0<\/strong><\/span><\/article>\n<article>\n<h3>\u00a0<\/h3>\n<h3 style=\"text-align: center;\"><span style=\"color: #003300;\"><strong>SZCZEG\u00d3\u0141OWYCH INFORMACJI I REZERWACJI MO\u017bNA UZYSKA\u0106 \u200b\u200bTELEFONICZNIE <\/strong><strong>\u00a0<\/strong><\/span><\/h3>\n<h3 style=\"text-align: center;\"><span style=\"color: #003300;\"><strong>+38-068-664-81-70, +38-050-015-63-82<\/strong><\/span><\/h3>\n<\/article>\n<\/div>\n<\/div>\n<\/div>\n<\/div>\n<\/div>\n<\/div>\n<\/div>\n<\/div>\t\t\t\t\t<\/div>\n\t\t\t\t\t\t<\/div>\n\t\t\t\t<\/div>\n\t\t\t\t\t\t<\/div>\n\t\t\t\t\t<\/div>\n\t\t<\/div>\n\t\t\t\t\t\t\t\t<\/div>\n\t\t\t\t\t<\/div>\n\t\t<\/section>\n\t\t\t\t\t\t<\/div>\n\t\t\t\t\t\t<\/div>\n\t\t\t\t\t<\/div>","protected":false},"excerpt":{"rendered":"<p>\u0421\u0410\u0414\u0418\u0411\u0410 \u201c\u0422\u0423\u0420\u0423\u041b\u201d\u00a0 \u00a0\u0411\u0415\u0420\u0415\u0413\u041e\u0412\u041e \u0422\u0435\u0440\u043c\u0430\u043b\u044c\u043d\u0456 \u0434\u0436\u0435\u0440\u0435\u043b\u0430 \u0411\u0435\u0440\u0435\u0433\u043e\u0432\u043e \u2013 \u0446\u0435 \u043f\u043e\u043f\u0443\u043b\u044f\u0440\u043d\u0456 \u043c\u0456\u0441\u0446\u044f \u0432\u0456\u0434\u043f\u043e\u0447\u0438\u043d\u043a\u0443 \u0432 \u043e\u0441\u0456\u043d\u043d\u0456\u0439 \u0456 \u0437\u0438\u043c\u043e\u0432\u0438\u0439 \u043f\u0435\u0440\u0456\u043e\u0434\u0438. \u0407\u0445 \u0432\u0456\u0434\u0432\u0456\u0434\u0443\u044e\u0442\u044c \u0442\u0438\u0441\u044f\u0447\u0456 \u0442\u0443\u0440\u0438\u0441\u0442\u0456\u0432 \u0437 \u0440\u0456\u0437\u043d\u0438\u0445 \u043a\u0443\u0442\u043e\u0447\u043a\u0456\u0432 \u0423\u043a\u0440\u0430\u0457\u043d\u0438. \u0410 \u0432\u0437\u0430\u0433\u0430\u043b\u0456 \u0442\u0435\u0440\u043c\u0430\u043b\u044c\u043d\u0456 \u0432\u043e\u0434\u0438 \u0411\u0435\u0440\u0435\u0433\u043e\u0432\u043e \u0432\u0456\u0434\u043e\u043c\u0456 \u0456 \u0437\u0430 \u043c\u0435\u0436\u0430\u043c\u0438 \u043a\u0440\u0430\u0457\u043d\u0438, \u0456 \u0442\u0443\u0440\u0438\u0441\u0442\u0438 \u043f\u0440\u0438\u0457\u0436\u0434\u0436\u0430\u044e\u0442\u044c \u0441\u044e\u0434\u0438 \u0437 \u0404\u0432\u0440\u043e\u043f\u0438\u00a0 \u0442\u0430 \u0456\u043d\u0448\u0438\u0445 \u043a\u0440\u0430\u0457\u043d. \u0411\u0435\u0440\u0435\u0433\u043e\u0432\u0435 \u00a0\u2014 \u0432\u0456\u0434\u043e\u043c\u0438\u0439 \u0442\u0435\u0440\u043c\u0430\u043b\u044c\u043d\u0438\u0439 \u043a\u0443\u0440\u043e\u0440\u0442 \u0417\u0430\u043a\u0430\u0440\u043f\u0430\u0442\u0442\u044f. \u0426\u0456\u043b\u044e\u0449\u0456 \u0442\u0435\u0440\u043c\u0430\u043b\u044c\u043d\u0456 \u0432\u043e\u0434\u0438 \u0411\u0435\u0440\u0435\u0433\u043e\u0432\u043e.\u00a0\u0412\u043e\u0434\u0438 \u0411\u0435\u0440\u0435\u0433\u043e\u0432\u043e\u00a0\u2013\u00a0\u043a\u0440\u0435\u043c\u043d\u0438\u0454\u0432\u043e-\u0430\u0437\u043e\u0442\u043d\u043e-\u0432\u0443\u0433\u043b\u0435\u043a\u0438\u0441\u043b\u043e-\u0445\u043b\u043e\u0440\u0438\u0434\u043d\u043e-\u043d\u0430\u0442\u0440\u0456\u0454\u0432\u0456 \u0432\u0438\u0441\u043e\u043a\u043e\u0457 [&hellip;]<\/p>","protected":false},"author":1,"featured_media":0,"parent":0,"menu_order":0,"comment_status":"closed","ping_status":"closed","template":"","meta":{"_monsterinsights_skip_tracking":false,"_monsterinsights_sitenote_active":false,"_monsterinsights_sitenote_note":"","_monsterinsights_sitenote_category":0,"footnotes":""},"class_list":["post-7103","page","type-page","status-publish","hentry"],"yoast_head":"<!-- This site is optimized with the Yoast SEO plugin v26.9 - https:\/\/yoast.com\/product\/yoast-seo-wordpress\/ -->\n<title>\u041f\u0420\u041e \u041d\u0410\u0421 - \u0421\u0410\u0414\u0418\u0411\u0410 \u0422\u0423\u0420\u0423\u041b \u0411\u0415\u0420\u0415\u0413\u041e\u0412\u041e<\/title>\n<meta name=\"robots\" content=\"index, follow, max-snippet:-1, max-image-preview:large, max-video-preview:-1\" \/>\n<link rel=\"canonical\" href=\"https:\/\/sadyba.turul.com.ua\/pl\/onas\/\" \/>\n<meta property=\"og:locale\" content=\"pl_PL\" \/>\n<meta property=\"og:type\" content=\"article\" \/>\n<meta property=\"og:title\" content=\"\u041f\u0420\u041e \u041d\u0410\u0421 - \u0421\u0410\u0414\u0418\u0411\u0410 \u0422\u0423\u0420\u0423\u041b \u0411\u0415\u0420\u0415\u0413\u041e\u0412\u041e\" \/>\n<meta property=\"og:description\" content=\"\u0421\u0410\u0414\u0418\u0411\u0410 \u201c\u0422\u0423\u0420\u0423\u041b\u201d\u00a0 \u00a0\u0411\u0415\u0420\u0415\u0413\u041e\u0412\u041e \u0422\u0435\u0440\u043c\u0430\u043b\u044c\u043d\u0456 \u0434\u0436\u0435\u0440\u0435\u043b\u0430 \u0411\u0435\u0440\u0435\u0433\u043e\u0432\u043e \u2013 \u0446\u0435 \u043f\u043e\u043f\u0443\u043b\u044f\u0440\u043d\u0456 \u043c\u0456\u0441\u0446\u044f \u0432\u0456\u0434\u043f\u043e\u0447\u0438\u043d\u043a\u0443 \u0432 \u043e\u0441\u0456\u043d\u043d\u0456\u0439 \u0456 \u0437\u0438\u043c\u043e\u0432\u0438\u0439 \u043f\u0435\u0440\u0456\u043e\u0434\u0438. \u0407\u0445 \u0432\u0456\u0434\u0432\u0456\u0434\u0443\u044e\u0442\u044c \u0442\u0438\u0441\u044f\u0447\u0456 \u0442\u0443\u0440\u0438\u0441\u0442\u0456\u0432 \u0437 \u0440\u0456\u0437\u043d\u0438\u0445 \u043a\u0443\u0442\u043e\u0447\u043a\u0456\u0432 \u0423\u043a\u0440\u0430\u0457\u043d\u0438. \u0410 \u0432\u0437\u0430\u0433\u0430\u043b\u0456 \u0442\u0435\u0440\u043c\u0430\u043b\u044c\u043d\u0456 \u0432\u043e\u0434\u0438 \u0411\u0435\u0440\u0435\u0433\u043e\u0432\u043e \u0432\u0456\u0434\u043e\u043c\u0456 \u0456 \u0437\u0430 \u043c\u0435\u0436\u0430\u043c\u0438 \u043a\u0440\u0430\u0457\u043d\u0438, \u0456 \u0442\u0443\u0440\u0438\u0441\u0442\u0438 \u043f\u0440\u0438\u0457\u0436\u0434\u0436\u0430\u044e\u0442\u044c \u0441\u044e\u0434\u0438 \u0437 \u0404\u0432\u0440\u043e\u043f\u0438\u00a0 \u0442\u0430 \u0456\u043d\u0448\u0438\u0445 \u043a\u0440\u0430\u0457\u043d. \u0411\u0435\u0440\u0435\u0433\u043e\u0432\u0435 \u00a0\u2014 \u0432\u0456\u0434\u043e\u043c\u0438\u0439 \u0442\u0435\u0440\u043c\u0430\u043b\u044c\u043d\u0438\u0439 \u043a\u0443\u0440\u043e\u0440\u0442 \u0417\u0430\u043a\u0430\u0440\u043f\u0430\u0442\u0442\u044f. \u0426\u0456\u043b\u044e\u0449\u0456 \u0442\u0435\u0440\u043c\u0430\u043b\u044c\u043d\u0456 \u0432\u043e\u0434\u0438 \u0411\u0435\u0440\u0435\u0433\u043e\u0432\u043e.\u00a0\u0412\u043e\u0434\u0438 \u0411\u0435\u0440\u0435\u0433\u043e\u0432\u043e\u00a0\u2013\u00a0\u043a\u0440\u0435\u043c\u043d\u0438\u0454\u0432\u043e-\u0430\u0437\u043e\u0442\u043d\u043e-\u0432\u0443\u0433\u043b\u0435\u043a\u0438\u0441\u043b\u043e-\u0445\u043b\u043e\u0440\u0438\u0434\u043d\u043e-\u043d\u0430\u0442\u0440\u0456\u0454\u0432\u0456 \u0432\u0438\u0441\u043e\u043a\u043e\u0457 [&hellip;]\" \/>\n<meta property=\"og:url\" content=\"https:\/\/sadyba.turul.com.ua\/pl\/onas\/\" \/>\n<meta property=\"og:site_name\" content=\"\u0421\u0410\u0414\u0418\u0411\u0410 \u0422\u0423\u0420\u0423\u041b \u0411\u0415\u0420\u0415\u0413\u041e\u0412\u041e\" \/>\n<meta property=\"article:modified_time\" content=\"2023-03-23T14:25:08+00:00\" \/>\n<meta name=\"twitter:card\" content=\"summary_large_image\" \/>\n<meta name=\"twitter:label1\" content=\"Szacowany czas czytania\" \/>\n\t<meta name=\"twitter:data1\" content=\"1 minuta\" \/>\n<script type=\"application\/ld+json\" class=\"yoast-schema-graph\">{\"@context\":\"https:\/\/schema.org\",\"@graph\":[{\"@type\":\"WebPage\",\"@id\":\"https:\/\/sadyba.turul.com.ua\/onas\/\",\"url\":\"https:\/\/sadyba.turul.com.ua\/onas\/\",\"name\":\"\u041f\u0420\u041e \u041d\u0410\u0421 - \u0421\u0410\u0414\u0418\u0411\u0410 \u0422\u0423\u0420\u0423\u041b \u0411\u0415\u0420\u0415\u0413\u041e\u0412\u041e\",\"isPartOf\":{\"@id\":\"https:\/\/sadyba.turul.com.ua\/#website\"},\"datePublished\":\"2021-01-12T23:02:13+00:00\",\"dateModified\":\"2023-03-23T14:25:08+00:00\",\"breadcrumb\":{\"@id\":\"https:\/\/sadyba.turul.com.ua\/onas\/#breadcrumb\"},\"inLanguage\":\"pl-PL\",\"potentialAction\":[{\"@type\":\"ReadAction\",\"target\":[\"https:\/\/sadyba.turul.com.ua\/onas\/\"]}]},{\"@type\":\"BreadcrumbList\",\"@id\":\"https:\/\/sadyba.turul.com.ua\/onas\/#breadcrumb\",\"itemListElement\":[{\"@type\":\"ListItem\",\"position\":1,\"name\":\"Home\",\"item\":\"https:\/\/sadyba.turul.com.ua\/\"},{\"@type\":\"ListItem\",\"position\":2,\"name\":\"\u041f\u0420\u041e \u041d\u0410\u0421\"}]},{\"@type\":\"WebSite\",\"@id\":\"https:\/\/sadyba.turul.com.ua\/#website\",\"url\":\"https:\/\/sadyba.turul.com.ua\/\",\"name\":\"\u041f\u0430\u043d\u0441\u0438\u043e\u043d\u0430\u0442 \u201c\u041b\u0435\u0441\u043d\u043e\u0439\u201d\",\"description\":\"\u043c. \u0411\u0435\u0440\u0435\u0433\u043e\u0432\u043e, \u0432\u0443\u043b. \u041a\u043e\u0440\u044f\u0442\u043e\u0432\u0438\u0447\u0430, 2\u0432\",\"publisher\":{\"@id\":\"https:\/\/sadyba.turul.com.ua\/#\/schema\/person\/03cfa440c9908cca177ff44d86c1c8b5\"},\"potentialAction\":[{\"@type\":\"SearchAction\",\"target\":{\"@type\":\"EntryPoint\",\"urlTemplate\":\"https:\/\/sadyba.turul.com.ua\/?s={search_term_string}\"},\"query-input\":{\"@type\":\"PropertyValueSpecification\",\"valueRequired\":true,\"valueName\":\"search_term_string\"}}],\"inLanguage\":\"pl-PL\"},{\"@type\":[\"Person\",\"Organization\"],\"@id\":\"https:\/\/sadyba.turul.com.ua\/#\/schema\/person\/03cfa440c9908cca177ff44d86c1c8b5\",\"name\":\"admin\",\"image\":{\"@type\":\"ImageObject\",\"inLanguage\":\"pl-PL\",\"@id\":\"https:\/\/sadyba.turul.com.ua\/#\/schema\/person\/image\/\",\"url\":\"https:\/\/secure.gravatar.com\/avatar\/a3c7ca7efa8af314d203ed87af503ad17ead2ab38382d788534f149364cea795?s=96&d=mm&r=g\",\"contentUrl\":\"https:\/\/secure.gravatar.com\/avatar\/a3c7ca7efa8af314d203ed87af503ad17ead2ab38382d788534f149364cea795?s=96&d=mm&r=g\",\"caption\":\"admin\"},\"logo\":{\"@id\":\"https:\/\/sadyba.turul.com.ua\/#\/schema\/person\/image\/\"},\"sameAs\":[\"https:\/\/paradise.od.ua\/\"]}]}<\/script>\n<!-- \/ Yoast SEO plugin. -->","yoast_head_json":{"title":"\u041f\u0420\u041e \u041d\u0410\u0421 - \u0421\u0410\u0414\u0418\u0411\u0410 \u0422\u0423\u0420\u0423\u041b \u0411\u0415\u0420\u0415\u0413\u041e\u0412\u041e","robots":{"index":"index","follow":"follow","max-snippet":"max-snippet:-1","max-image-preview":"max-image-preview:large","max-video-preview":"max-video-preview:-1"},"canonical":"https:\/\/sadyba.turul.com.ua\/pl\/onas\/","og_locale":"pl_PL","og_type":"article","og_title":"\u041f\u0420\u041e \u041d\u0410\u0421 - \u0421\u0410\u0414\u0418\u0411\u0410 \u0422\u0423\u0420\u0423\u041b \u0411\u0415\u0420\u0415\u0413\u041e\u0412\u041e","og_description":"\u0421\u0410\u0414\u0418\u0411\u0410 \u201c\u0422\u0423\u0420\u0423\u041b\u201d\u00a0 \u00a0\u0411\u0415\u0420\u0415\u0413\u041e\u0412\u041e \u0422\u0435\u0440\u043c\u0430\u043b\u044c\u043d\u0456 \u0434\u0436\u0435\u0440\u0435\u043b\u0430 \u0411\u0435\u0440\u0435\u0433\u043e\u0432\u043e \u2013 \u0446\u0435 \u043f\u043e\u043f\u0443\u043b\u044f\u0440\u043d\u0456 \u043c\u0456\u0441\u0446\u044f \u0432\u0456\u0434\u043f\u043e\u0447\u0438\u043d\u043a\u0443 \u0432 \u043e\u0441\u0456\u043d\u043d\u0456\u0439 \u0456 \u0437\u0438\u043c\u043e\u0432\u0438\u0439 \u043f\u0435\u0440\u0456\u043e\u0434\u0438. \u0407\u0445 \u0432\u0456\u0434\u0432\u0456\u0434\u0443\u044e\u0442\u044c \u0442\u0438\u0441\u044f\u0447\u0456 \u0442\u0443\u0440\u0438\u0441\u0442\u0456\u0432 \u0437 \u0440\u0456\u0437\u043d\u0438\u0445 \u043a\u0443\u0442\u043e\u0447\u043a\u0456\u0432 \u0423\u043a\u0440\u0430\u0457\u043d\u0438. \u0410 \u0432\u0437\u0430\u0433\u0430\u043b\u0456 \u0442\u0435\u0440\u043c\u0430\u043b\u044c\u043d\u0456 \u0432\u043e\u0434\u0438 \u0411\u0435\u0440\u0435\u0433\u043e\u0432\u043e \u0432\u0456\u0434\u043e\u043c\u0456 \u0456 \u0437\u0430 \u043c\u0435\u0436\u0430\u043c\u0438 \u043a\u0440\u0430\u0457\u043d\u0438, \u0456 \u0442\u0443\u0440\u0438\u0441\u0442\u0438 \u043f\u0440\u0438\u0457\u0436\u0434\u0436\u0430\u044e\u0442\u044c \u0441\u044e\u0434\u0438 \u0437 \u0404\u0432\u0440\u043e\u043f\u0438\u00a0 \u0442\u0430 \u0456\u043d\u0448\u0438\u0445 \u043a\u0440\u0430\u0457\u043d. \u0411\u0435\u0440\u0435\u0433\u043e\u0432\u0435 \u00a0\u2014 \u0432\u0456\u0434\u043e\u043c\u0438\u0439 \u0442\u0435\u0440\u043c\u0430\u043b\u044c\u043d\u0438\u0439 \u043a\u0443\u0440\u043e\u0440\u0442 \u0417\u0430\u043a\u0430\u0440\u043f\u0430\u0442\u0442\u044f. \u0426\u0456\u043b\u044e\u0449\u0456 \u0442\u0435\u0440\u043c\u0430\u043b\u044c\u043d\u0456 \u0432\u043e\u0434\u0438 \u0411\u0435\u0440\u0435\u0433\u043e\u0432\u043e.\u00a0\u0412\u043e\u0434\u0438 \u0411\u0435\u0440\u0435\u0433\u043e\u0432\u043e\u00a0\u2013\u00a0\u043a\u0440\u0435\u043c\u043d\u0438\u0454\u0432\u043e-\u0430\u0437\u043e\u0442\u043d\u043e-\u0432\u0443\u0433\u043b\u0435\u043a\u0438\u0441\u043b\u043e-\u0445\u043b\u043e\u0440\u0438\u0434\u043d\u043e-\u043d\u0430\u0442\u0440\u0456\u0454\u0432\u0456 \u0432\u0438\u0441\u043e\u043a\u043e\u0457 [&hellip;]","og_url":"https:\/\/sadyba.turul.com.ua\/pl\/onas\/","og_site_name":"\u0421\u0410\u0414\u0418\u0411\u0410 \u0422\u0423\u0420\u0423\u041b \u0411\u0415\u0420\u0415\u0413\u041e\u0412\u041e","article_modified_time":"2023-03-23T14:25:08+00:00","twitter_card":"summary_large_image","twitter_misc":{"Szacowany czas czytania":"1 minuta"},"schema":{"@context":"https:\/\/schema.org","@graph":[{"@type":"WebPage","@id":"https:\/\/sadyba.turul.com.ua\/onas\/","url":"https:\/\/sadyba.turul.com.ua\/onas\/","name":"\u041f\u0420\u041e \u041d\u0410\u0421 - \u0421\u0410\u0414\u0418\u0411\u0410 \u0422\u0423\u0420\u0423\u041b \u0411\u0415\u0420\u0415\u0413\u041e\u0412\u041e","isPartOf":{"@id":"https:\/\/sadyba.turul.com.ua\/#website"},"datePublished":"2021-01-12T23:02:13+00:00","dateModified":"2023-03-23T14:25:08+00:00","breadcrumb":{"@id":"https:\/\/sadyba.turul.com.ua\/onas\/#breadcrumb"},"inLanguage":"pl-PL","potentialAction":[{"@type":"ReadAction","target":["https:\/\/sadyba.turul.com.ua\/onas\/"]}]},{"@type":"BreadcrumbList","@id":"https:\/\/sadyba.turul.com.ua\/onas\/#breadcrumb","itemListElement":[{"@type":"ListItem","position":1,"name":"Home","item":"https:\/\/sadyba.turul.com.ua\/"},{"@type":"ListItem","position":2,"name":"\u041f\u0420\u041e \u041d\u0410\u0421"}]},{"@type":"WebSite","@id":"https:\/\/sadyba.turul.com.ua\/#website","url":"https:\/\/sadyba.turul.com.ua\/","name":"\u041f\u0430\u043d\u0441\u0438\u043e\u043d\u0430\u0442 \u201c\u041b\u0435\u0441\u043d\u043e\u0439\u201d","description":"\u043c. \u0411\u0435\u0440\u0435\u0433\u043e\u0432\u043e, \u0432\u0443\u043b. \u041a\u043e\u0440\u044f\u0442\u043e\u0432\u0438\u0447\u0430, 2\u0432","publisher":{"@id":"https:\/\/sadyba.turul.com.ua\/#\/schema\/person\/03cfa440c9908cca177ff44d86c1c8b5"},"potentialAction":[{"@type":"SearchAction","target":{"@type":"EntryPoint","urlTemplate":"https:\/\/sadyba.turul.com.ua\/?s={search_term_string}"},"query-input":{"@type":"PropertyValueSpecification","valueRequired":true,"valueName":"search_term_string"}}],"inLanguage":"pl-PL"},{"@type":["Person","Organization"],"@id":"https:\/\/sadyba.turul.com.ua\/#\/schema\/person\/03cfa440c9908cca177ff44d86c1c8b5","name":"admin","image":{"@type":"ImageObject","inLanguage":"pl-PL","@id":"https:\/\/sadyba.turul.com.ua\/#\/schema\/person\/image\/","url":"https:\/\/secure.gravatar.com\/avatar\/a3c7ca7efa8af314d203ed87af503ad17ead2ab38382d788534f149364cea795?s=96&d=mm&r=g","contentUrl":"https:\/\/secure.gravatar.com\/avatar\/a3c7ca7efa8af314d203ed87af503ad17ead2ab38382d788534f149364cea795?s=96&d=mm&r=g","caption":"admin"},"logo":{"@id":"https:\/\/sadyba.turul.com.ua\/#\/schema\/person\/image\/"},"sameAs":["https:\/\/paradise.od.ua\/"]}]}},"_links":{"self":[{"href":"https:\/\/sadyba.turul.com.ua\/pl\/wp-json\/wp\/v2\/pages\/7103","targetHints":{"allow":["GET"]}}],"collection":[{"href":"https:\/\/sadyba.turul.com.ua\/pl\/wp-json\/wp\/v2\/pages"}],"about":[{"href":"https:\/\/sadyba.turul.com.ua\/pl\/wp-json\/wp\/v2\/types\/page"}],"author":[{"embeddable":true,"href":"https:\/\/sadyba.turul.com.ua\/pl\/wp-json\/wp\/v2\/users\/1"}],"replies":[{"embeddable":true,"href":"https:\/\/sadyba.turul.com.ua\/pl\/wp-json\/wp\/v2\/comments?post=7103"}],"version-history":[{"count":3,"href":"https:\/\/sadyba.turul.com.ua\/pl\/wp-json\/wp\/v2\/pages\/7103\/revisions"}],"predecessor-version":[{"id":16177,"href":"https:\/\/sadyba.turul.com.ua\/pl\/wp-json\/wp\/v2\/pages\/7103\/revisions\/16177"}],"wp:attachment":[{"href":"https:\/\/sadyba.turul.com.ua\/pl\/wp-json\/wp\/v2\/media?parent=7103"}],"curies":[{"name":"wp","href":"https:\/\/api.w.org\/{rel}","templated":true}]}}